{"id":9419,"date":"2024-10-23T18:56:11","date_gmt":"2024-10-23T16:56:11","guid":{"rendered":"https:\/\/esatic.ci\/?page_id=9419"},"modified":"2024-10-24T18:21:37","modified_gmt":"2024-10-24T16:21:37","slug":"master-admission","status":"publish","type":"page","link":"https:\/\/esatic.ci\/en\/master-admission\/","title":{"rendered":"Admission to Master's courses"},"content":{"rendered":"<div data-elementor-type=\"wp-page\" data-elementor-id=\"9419\" class=\"elementor elementor-9419\" data-elementor-post-type=\"page\">\n\t\t\t\t<div class=\"elementor-element elementor-element-cc788e9 e-flex e-con-boxed wpr-particle-no wpr-jarallax-no wpr-parallax-no wpr-sticky-section-no e-con e-parent\" data-id=\"cc788e9\" data-element_type=\"container\">\n\t\t\t\t\t<div class=\"e-con-inner\">\n\t\t<div class=\"elementor-element elementor-element-ef98871 e-con-full e-flex wpr-particle-no wpr-jarallax-no wpr-parallax-no wpr-sticky-section-no e-con e-child\" data-id=\"ef98871\" data-element_type=\"container\">\n\t\t\t\t<div class=\"elementor-element elementor-element-343529e elementor-widget elementor-widget-image\" data-id=\"343529e\" data-element_type=\"widget\" data-widget_type=\"image.default\">\n\t\t\t\t<div class=\"elementor-widget-container\">\n\t\t\t\t\t\t\t\t\t\t\t\t\t<img decoding=\"async\" src=\"https:\/\/esatic.ci\/wp-content\/uploads\/2024\/07\/bg_info.png\" title=\"\" alt=\"\" loading=\"lazy\">\t\t\t\t\t\t\t\t\t\t\t\t\t<\/div>\n\t\t\t\t<\/div>\n\t\t\t\t<\/div>\n\t\t<div class=\"elementor-element elementor-element-081b7ce e-con-full e-flex wpr-particle-no wpr-jarallax-no wpr-parallax-no wpr-sticky-section-no e-con e-child\" data-id=\"081b7ce\" data-element_type=\"container\">\n\t\t\t\t<div class=\"elementor-element elementor-element-2056c93 elementor-widget elementor-widget-text-editor\" data-id=\"2056c93\" data-element_type=\"widget\" data-widget_type=\"text-editor.default\">\n\t\t\t\t<div class=\"elementor-widget-container\">\n\t\t\t\t\t\t\t<p><span style=\"background-color: #ffffff;\"><br><\/span><\/p><p><span style=\"background-color: #ffffff;\"><br><\/span><\/p><p><span style=\"background-color: #ffffff;\">Admission to the Master's program at ESATIC is subject to the following conditions:<\/span><\/p>\t\t\t\t\t\t<\/div>\n\t\t\t\t<\/div>\n\t\t\t\t<\/div>\n\t\t\t\t\t<\/div>\n\t\t\t\t<\/div>\n\t\t<div class=\"elementor-element elementor-element-aef09f9 e-flex e-con-boxed wpr-particle-no wpr-jarallax-no wpr-parallax-no wpr-sticky-section-no e-con e-parent\" data-id=\"aef09f9\" data-element_type=\"container\">\n\t\t\t\t\t<div class=\"e-con-inner\">\n\t\t\t\t<div class=\"elementor-element elementor-element-9c4792e elementor-widget elementor-widget-n-accordion\" data-id=\"9c4792e\" data-element_type=\"widget\" data-settings=\"{&quot;default_state&quot;:&quot;expanded&quot;,&quot;max_items_expended&quot;:&quot;one&quot;,&quot;n_accordion_animation_duration&quot;:{&quot;unit&quot;:&quot;ms&quot;,&quot;size&quot;:400,&quot;sizes&quot;:[]}}\" data-widget_type=\"nested-accordion.default\">\n\t\t\t\t<div class=\"elementor-widget-container\">\n\t\t\t\t\t<div class=\"e-n-accordion\" aria-label=\"Accordion. Open links with Enter or Space, close with Escape, and navigate with Arrow Keys\">\n\t\t\t\t\t\t<details id=\"e-n-accordion-item-1630\" class=\"e-n-accordion-item\" open>\n\t\t\t\t<summary class=\"e-n-accordion-item-title\" data-accordion-index=\"1\" tabindex=\"0\" aria-expanded=\"true\" aria-controls=\"e-n-accordion-item-1630\" >\n\t\t\t\t\t<span class='e-n-accordion-item-title-header'><div class=\"e-n-accordion-item-title-text\"> Conditions <\/div><\/span>\n\t\t\t\t\t\t\t<span class='e-n-accordion-item-title-icon'>\n\t\t\t<span class='e-opened' ><svg aria-hidden=\"true\" class=\"e-font-icon-svg e-fas-minus\" viewbox=\"0 0 448 512\" xmlns=\"http:\/\/www.w3.org\/2000\/svg\"><path d=\"M416 208H32c-17.67 0-32 14.33-32 32v32c0 17.67 14.33 32 32 32h384c17.67 0 32-14.33 32-32v-32c0-17.67-14.33-32-32-32z\"><\/path><\/svg><\/span>\n\t\t\t<span class='e-closed'><svg aria-hidden=\"true\" class=\"e-font-icon-svg e-fas-plus\" viewbox=\"0 0 448 512\" xmlns=\"http:\/\/www.w3.org\/2000\/svg\"><path d=\"M416 208H272V64c0-17.67-14.33-32-32-32h-32c-17.67 0-32 14.33-32 32v144H32c-17.67 0-32 14.33-32 32v32c0 17.67 14.33 32 32 32h144v144c0 17.67 14.33 32 32 32h32c17.67 0 32-14.33 32-32V304h144c17.67 0 32-14.33 32-32v-32c0-17.67-14.33-32-32-32z\"><\/path><\/svg><\/span>\n\t\t<\/span>\n\n\t\t\t\t\t\t<\/summary>\n\t\t\t\t<div role=\"region\" aria-labelledby=\"e-n-accordion-item-1630\" class=\"elementor-element elementor-element-a540ab0 e-con-full e-flex wpr-particle-no wpr-jarallax-no wpr-parallax-no wpr-sticky-section-no e-con e-child\" data-id=\"a540ab0\" data-element_type=\"container\">\n\t\t\t\t<div class=\"elementor-element elementor-element-d256110 elementor-widget elementor-widget-text-editor\" data-id=\"d256110\" data-element_type=\"widget\" data-widget_type=\"text-editor.default\">\n\t\t\t\t<div class=\"elementor-widget-container\">\n\t\t\t\t\t\t\t<ul><li><span style=\"color: var( --e-global-color-text ); font-family: var( --e-global-typography-text-font-family ), Sans-serif; font-weight: var( --e-global-typography-text-font-weight ); text-align: var(--text-align);\">This competition is open to candidates with a Bachelor's degree (BAC+3) in telecommunications, computer science or electronics.<\/span><\/li><li>Maximum age: 25 on December 31 of the application year.<\/li><\/ul>\t\t\t\t\t\t<\/div>\n\t\t\t\t<\/div>\n\t\t\t\t<\/div>\n\t\t\t\t\t<\/details>\n\t\t\t\t\t\t<details id=\"e-n-accordion-item-1631\" class=\"e-n-accordion-item\" >\n\t\t\t\t<summary class=\"e-n-accordion-item-title\" data-accordion-index=\"2\" tabindex=\"-1\" aria-expanded=\"false\" aria-controls=\"e-n-accordion-item-1631\" >\n\t\t\t\t\t<span class='e-n-accordion-item-title-header'><div class=\"e-n-accordion-item-title-text\"> Dossiers to be supplied <\/div><\/span>\n\t\t\t\t\t\t\t<span class='e-n-accordion-item-title-icon'>\n\t\t\t<span class='e-opened' ><svg aria-hidden=\"true\" class=\"e-font-icon-svg e-fas-minus\" viewbox=\"0 0 448 512\" xmlns=\"http:\/\/www.w3.org\/2000\/svg\"><path d=\"M416 208H32c-17.67 0-32 14.33-32 32v32c0 17.67 14.33 32 32 32h384c17.67 0 32-14.33 32-32v-32c0-17.67-14.33-32-32-32z\"><\/path><\/svg><\/span>\n\t\t\t<span class='e-closed'><svg aria-hidden=\"true\" class=\"e-font-icon-svg e-fas-plus\" viewbox=\"0 0 448 512\" xmlns=\"http:\/\/www.w3.org\/2000\/svg\"><path d=\"M416 208H272V64c0-17.67-14.33-32-32-32h-32c-17.67 0-32 14.33-32 32v144H32c-17.67 0-32 14.33-32 32v32c0 17.67 14.33 32 32 32h144v144c0 17.67 14.33 32 32 32h32c17.67 0 32-14.33 32-32V304h144c17.67 0 32-14.33 32-32v-32c0-17.67-14.33-32-32-32z\"><\/path><\/svg><\/span>\n\t\t<\/span>\n\n\t\t\t\t\t\t<\/summary>\n\t\t\t\t<div role=\"region\" aria-labelledby=\"e-n-accordion-item-1631\" class=\"elementor-element elementor-element-25d3c03 e-con-full e-flex wpr-particle-no wpr-jarallax-no wpr-parallax-no wpr-sticky-section-no e-con e-child\" data-id=\"25d3c03\" data-element_type=\"container\">\n\t\t\t\t<div class=\"elementor-element elementor-element-33e341b elementor-widget elementor-widget-text-editor\" data-id=\"33e341b\" data-element_type=\"widget\" data-widget_type=\"text-editor.default\">\n\t\t\t\t<div class=\"elementor-widget-container\">\n\t\t\t\t\t\t\t<ul style=\"background-color: #ffffff;\">\n<li>Print the online pre-registration form at www.esatic.ci<\/li>\n<li>A photocopy of the diploma or certificate of completion of the\nBachelor's degree or equivalent diploma upon presentation of the\nthe original<\/li>\n<li>A photocopy of your BAC transcript<\/li>\n<li>Original certificate of attendance for candidates enrolled in 3rd year.<\/li>\n<li>A photocopy of the certificate recognizing the diploma of the\ndiploma or equivalent diploma upon presentation of the\nthe original (issued by the Direction de l'Enseignement Sup\u00e9rieur<\/li>\n<li>Photocopy of CNI or Attestation d'Identit\u00e9 or equivalent document, and valid CMU card<\/li><\/ul>\t\t\t\t\t\t<\/div>\n\t\t\t\t<\/div>\n\t\t\t\t<\/div>\n\t\t\t\t\t<\/details>\n\t\t\t\t\t<\/div>\n\t\t\t\t<\/div>\n\t\t\t\t<\/div>\n\t\t\t\t\t<\/div>\n\t\t\t\t<\/div>\n\t\t\t\t<\/div>","protected":false},"excerpt":{"rendered":"<p>Admission to the Master's program at ESATIC is subject to the following conditions: Conditions This competition is open to candidates with a Bachelor's degree (BAC+3) in the fields of telecommunications, computer science or electronics Maximum age: 25 on December 31 of the year of application. Documents to be supplied A printout of the online pre-registration form at www.esatic.ci A photocopy of the diploma or attestation of successful completion of the Bachelor's degree or equivalent diploma upon presentation of the original A photocopy of the BAC transcript The original certificate of attendance for candidates enrolled in 3rd year A photocopy of the attestation of recognition of the Bachelor's degree or equivalent diploma upon presentation of the original (issued by the Direction de l'Enseignement Sup\u00e9rieur A photocopy of the CNI or Attestation d'Identit\u00e9 or equivalent document, and a valid CMU card This competition is open to candidates with a Bachelor's degree (BAC+3) in telecommunications, computing or electronics: 25 years old on December 31 of the application year. Online pre-registration printout at www.esatic.ci A photocopy of the diploma or attestation of successful completion of the Bachelor's degree or of the diploma accepted as equivalent upon presentation of the original A photocopy of the BAC transcript The original of the certificate of attendance for candidates enrolled in 3rd year A photocopy of the attestation of recognition of the Bachelor's degree or of the diploma accepted as equivalent upon presentation of the original (issued by the Direction de l'Enseignement Sup\u00e9rieur A photocopy of the CNI or the Attestation d'Identit\u00e9 or any equivalent document, and a valid CMU card<\/p>","protected":false},"author":4,"featured_media":0,"parent":0,"menu_order":0,"comment_status":"closed","ping_status":"closed","template":"","meta":{"footnotes":""},"class_list":["post-9419","page","type-page","status-publish","hentry"],"featured_image_src":null,"yoast_head":"<!-- This site is optimized with the Yoast SEO plugin v27.5 - https:\/\/yoast.com\/product\/yoast-seo-wordpress\/ -->\n<title>Admission en Master - ESATIC<\/title>\n<meta name=\"robots\" content=\"index, follow, max-snippet:-1, max-image-preview:large, max-video-preview:-1\" \/>\n<link rel=\"canonical\" href=\"https:\/\/esatic.ci\/en\/master-admission\/\" \/>\n<meta property=\"og:locale\" content=\"en_US\" \/>\n<meta property=\"og:type\" content=\"article\" \/>\n<meta property=\"og:title\" content=\"Admission en Master - ESATIC\" \/>\n<meta property=\"og:description\" content=\"L\u2019admission au Master \u00e0 l\u2019ESATIC est soumise aux conditions suivantes : Conditions Ce concours est ouvert aux candidats ayant une Licence (BAC+3) dans les domaines des t\u00e9l\u00e9communication, informatique ou \u00e9lectronique Age maximal : 25 ans au 31 d\u00e9cembre de l\u2019ann\u00e9e de candidature. Dossiers \u00e0 fournir L\u2019imprimer de la pr\u00e9inscription en ligne sur www.esatic.ci Une photocopie du dipl\u00f4me ou de l\u2019attestation de r\u00e9ussite de la Licence ou du dipl\u00f4me admis en \u00e9quivalence sur pr\u00e9sentation de l\u2019original Une photocopie du relev\u00e9 de note du BAC L\u2019original du certificat de pr\u00e9sentation fr\u00e9quentation pour les candidats inscrits en 3\u00e8me ann\u00e9e Une photocopie de l\u2019attestation de reconnaissance du dipl\u00f4me de la licence ou du dipl\u00f4me admis en \u00e9quivalence sur pr\u00e9sentation de l\u2019original (d\u00e9livr\u00e9 par la Direction de l\u2019Enseignement Sup\u00e9rieur Une photocopie de la CNI ou de l\u2019Attestation d\u2019Identit\u00e9 ou de toute pi\u00e8ce \u00e9quivalente, et la carte CMU en cours de validit\u00e9 Ce concours est ouvert aux candidats ayant une Licence (BAC+3) dans les domaines des t\u00e9l\u00e9communication, informatique ou \u00e9lectronique Age maximal : 25 ans au 31 d\u00e9cembre de l\u2019ann\u00e9e de candidature. L\u2019imprimer de la pr\u00e9inscription en ligne sur www.esatic.ci Une photocopie du dipl\u00f4me ou de l\u2019attestation de r\u00e9ussite de la Licence ou du dipl\u00f4me admis en \u00e9quivalence sur pr\u00e9sentation de l\u2019original Une photocopie du relev\u00e9 de note du BAC L\u2019original du certificat de pr\u00e9sentation fr\u00e9quentation pour les candidats inscrits en 3\u00e8me ann\u00e9e Une photocopie de l\u2019attestation de reconnaissance du dipl\u00f4me de la licence ou du dipl\u00f4me admis en \u00e9quivalence sur pr\u00e9sentation de l\u2019original (d\u00e9livr\u00e9 par la Direction de l\u2019Enseignement Sup\u00e9rieur Une photocopie de la CNI ou de l\u2019Attestation d\u2019Identit\u00e9 ou de toute pi\u00e8ce \u00e9quivalente, et la carte CMU en cours de validit\u00e9\" \/>\n<meta property=\"og:url\" content=\"https:\/\/esatic.ci\/en\/master-admission\/\" \/>\n<meta property=\"og:site_name\" content=\"ESATIC\" \/>\n<meta property=\"article:publisher\" content=\"https:\/\/www.facebook.com\/EsaticOfficielle\/?locale=fr_FR\" \/>\n<meta property=\"article:modified_time\" content=\"2024-10-24T16:21:37+00:00\" \/>\n<meta name=\"twitter:card\" content=\"summary_large_image\" \/>\n<meta name=\"twitter:label1\" content=\"Est. reading time\" \/>\n\t<meta name=\"twitter:data1\" content=\"2 minutes\" \/>\n<script type=\"application\/ld+json\" class=\"yoast-schema-graph\">{\"@context\":\"https:\\\/\\\/schema.org\",\"@graph\":[{\"@type\":\"WebPage\",\"@id\":\"https:\\\/\\\/esatic.ci\\\/admission-en-master\\\/\",\"url\":\"https:\\\/\\\/esatic.ci\\\/admission-en-master\\\/\",\"name\":\"Admission en Master - ESATIC\",\"isPartOf\":{\"@id\":\"https:\\\/\\\/esatic.ci\\\/#website\"},\"primaryImageOfPage\":{\"@id\":\"https:\\\/\\\/esatic.ci\\\/admission-en-master\\\/#primaryimage\"},\"image\":{\"@id\":\"https:\\\/\\\/esatic.ci\\\/admission-en-master\\\/#primaryimage\"},\"thumbnailUrl\":\"https:\\\/\\\/esatic.ci\\\/wp-content\\\/uploads\\\/2024\\\/07\\\/bg_info-1024x512.png\",\"datePublished\":\"2024-10-23T16:56:11+00:00\",\"dateModified\":\"2024-10-24T16:21:37+00:00\",\"breadcrumb\":{\"@id\":\"https:\\\/\\\/esatic.ci\\\/admission-en-master\\\/#breadcrumb\"},\"inLanguage\":\"en-US\",\"potentialAction\":[{\"@type\":\"ReadAction\",\"target\":[\"https:\\\/\\\/esatic.ci\\\/admission-en-master\\\/\"]}]},{\"@type\":\"ImageObject\",\"inLanguage\":\"en-US\",\"@id\":\"https:\\\/\\\/esatic.ci\\\/admission-en-master\\\/#primaryimage\",\"url\":\"https:\\\/\\\/esatic.ci\\\/wp-content\\\/uploads\\\/2024\\\/07\\\/bg_info-1024x512.png\",\"contentUrl\":\"https:\\\/\\\/esatic.ci\\\/wp-content\\\/uploads\\\/2024\\\/07\\\/bg_info-1024x512.png\"},{\"@type\":\"BreadcrumbList\",\"@id\":\"https:\\\/\\\/esatic.ci\\\/admission-en-master\\\/#breadcrumb\",\"itemListElement\":[{\"@type\":\"ListItem\",\"position\":1,\"name\":\"Accueil\",\"item\":\"https:\\\/\\\/esatic.ci\\\/\"},{\"@type\":\"ListItem\",\"position\":2,\"name\":\"Admission en Master\"}]},{\"@type\":\"WebSite\",\"@id\":\"https:\\\/\\\/esatic.ci\\\/#website\",\"url\":\"https:\\\/\\\/esatic.ci\\\/\",\"name\":\"ESATIC\",\"description\":\"Ecole Sup\u00e9rieure Africaine des Technologies de l&#039;Information et de la Communication\",\"publisher\":{\"@id\":\"https:\\\/\\\/esatic.ci\\\/#organization\"},\"potentialAction\":[{\"@type\":\"SearchAction\",\"target\":{\"@type\":\"EntryPoint\",\"urlTemplate\":\"https:\\\/\\\/esatic.ci\\\/?s={search_term_string}\"},\"query-input\":{\"@type\":\"PropertyValueSpecification\",\"valueRequired\":true,\"valueName\":\"search_term_string\"}}],\"inLanguage\":\"en-US\"},{\"@type\":\"Organization\",\"@id\":\"https:\\\/\\\/esatic.ci\\\/#organization\",\"name\":\"ESATIC\",\"url\":\"https:\\\/\\\/esatic.ci\\\/\",\"logo\":{\"@type\":\"ImageObject\",\"inLanguage\":\"en-US\",\"@id\":\"https:\\\/\\\/esatic.ci\\\/#\\\/schema\\\/logo\\\/image\\\/\",\"url\":\"https:\\\/\\\/esatic.ci\\\/wp-content\\\/uploads\\\/2024\\\/10\\\/presentation_esatic.jpg\",\"contentUrl\":\"https:\\\/\\\/esatic.ci\\\/wp-content\\\/uploads\\\/2024\\\/10\\\/presentation_esatic.jpg\",\"width\":1043,\"height\":418,\"caption\":\"ESATIC\"},\"image\":{\"@id\":\"https:\\\/\\\/esatic.ci\\\/#\\\/schema\\\/logo\\\/image\\\/\"},\"sameAs\":[\"https:\\\/\\\/www.facebook.com\\\/EsaticOfficielle\\\/?locale=fr_FR\",\"https:\\\/\\\/www.linkedin.com\\\/school\\\/esaticofficielle\"]}]}<\/script>\n<!-- \/ Yoast SEO plugin. -->","yoast_head_json":{"title":"Admission to Master - ESATIC","robots":{"index":"index","follow":"follow","max-snippet":"max-snippet:-1","max-image-preview":"max-image-preview:large","max-video-preview":"max-video-preview:-1"},"canonical":"https:\/\/esatic.ci\/en\/master-admission\/","og_locale":"en_US","og_type":"article","og_title":"Admission en Master - ESATIC","og_description":"L\u2019admission au Master \u00e0 l\u2019ESATIC est soumise aux conditions suivantes : Conditions Ce concours est ouvert aux candidats ayant une Licence (BAC+3) dans les domaines des t\u00e9l\u00e9communication, informatique ou \u00e9lectronique Age maximal : 25 ans au 31 d\u00e9cembre de l\u2019ann\u00e9e de candidature. Dossiers \u00e0 fournir L\u2019imprimer de la pr\u00e9inscription en ligne sur www.esatic.ci Une photocopie du dipl\u00f4me ou de l\u2019attestation de r\u00e9ussite de la Licence ou du dipl\u00f4me admis en \u00e9quivalence sur pr\u00e9sentation de l\u2019original Une photocopie du relev\u00e9 de note du BAC L\u2019original du certificat de pr\u00e9sentation fr\u00e9quentation pour les candidats inscrits en 3\u00e8me ann\u00e9e Une photocopie de l\u2019attestation de reconnaissance du dipl\u00f4me de la licence ou du dipl\u00f4me admis en \u00e9quivalence sur pr\u00e9sentation de l\u2019original (d\u00e9livr\u00e9 par la Direction de l\u2019Enseignement Sup\u00e9rieur Une photocopie de la CNI ou de l\u2019Attestation d\u2019Identit\u00e9 ou de toute pi\u00e8ce \u00e9quivalente, et la carte CMU en cours de validit\u00e9 Ce concours est ouvert aux candidats ayant une Licence (BAC+3) dans les domaines des t\u00e9l\u00e9communication, informatique ou \u00e9lectronique Age maximal : 25 ans au 31 d\u00e9cembre de l\u2019ann\u00e9e de candidature. L\u2019imprimer de la pr\u00e9inscription en ligne sur www.esatic.ci Une photocopie du dipl\u00f4me ou de l\u2019attestation de r\u00e9ussite de la Licence ou du dipl\u00f4me admis en \u00e9quivalence sur pr\u00e9sentation de l\u2019original Une photocopie du relev\u00e9 de note du BAC L\u2019original du certificat de pr\u00e9sentation fr\u00e9quentation pour les candidats inscrits en 3\u00e8me ann\u00e9e Une photocopie de l\u2019attestation de reconnaissance du dipl\u00f4me de la licence ou du dipl\u00f4me admis en \u00e9quivalence sur pr\u00e9sentation de l\u2019original (d\u00e9livr\u00e9 par la Direction de l\u2019Enseignement Sup\u00e9rieur Une photocopie de la CNI ou de l\u2019Attestation d\u2019Identit\u00e9 ou de toute pi\u00e8ce \u00e9quivalente, et la carte CMU en cours de validit\u00e9","og_url":"https:\/\/esatic.ci\/en\/master-admission\/","og_site_name":"ESATIC","article_publisher":"https:\/\/www.facebook.com\/EsaticOfficielle\/?locale=fr_FR","article_modified_time":"2024-10-24T16:21:37+00:00","twitter_card":"summary_large_image","twitter_misc":{"Est. reading time":"2 minutes"},"schema":{"@context":"https:\/\/schema.org","@graph":[{"@type":"WebPage","@id":"https:\/\/esatic.ci\/admission-en-master\/","url":"https:\/\/esatic.ci\/admission-en-master\/","name":"Admission to Master - ESATIC","isPartOf":{"@id":"https:\/\/esatic.ci\/#website"},"primaryImageOfPage":{"@id":"https:\/\/esatic.ci\/admission-en-master\/#primaryimage"},"image":{"@id":"https:\/\/esatic.ci\/admission-en-master\/#primaryimage"},"thumbnailUrl":"https:\/\/esatic.ci\/wp-content\/uploads\/2024\/07\/bg_info-1024x512.png","datePublished":"2024-10-23T16:56:11+00:00","dateModified":"2024-10-24T16:21:37+00:00","breadcrumb":{"@id":"https:\/\/esatic.ci\/admission-en-master\/#breadcrumb"},"inLanguage":"en-US","potentialAction":[{"@type":"ReadAction","target":["https:\/\/esatic.ci\/admission-en-master\/"]}]},{"@type":"ImageObject","inLanguage":"en-US","@id":"https:\/\/esatic.ci\/admission-en-master\/#primaryimage","url":"https:\/\/esatic.ci\/wp-content\/uploads\/2024\/07\/bg_info-1024x512.png","contentUrl":"https:\/\/esatic.ci\/wp-content\/uploads\/2024\/07\/bg_info-1024x512.png"},{"@type":"BreadcrumbList","@id":"https:\/\/esatic.ci\/admission-en-master\/#breadcrumb","itemListElement":[{"@type":"ListItem","position":1,"name":"Accueil","item":"https:\/\/esatic.ci\/"},{"@type":"ListItem","position":2,"name":"Admission en Master"}]},{"@type":"WebSite","@id":"https:\/\/esatic.ci\/#website","url":"https:\/\/esatic.ci\/","name":"ESATIC","description":"African College of Information and Communication Technologies","publisher":{"@id":"https:\/\/esatic.ci\/#organization"},"potentialAction":[{"@type":"SearchAction","target":{"@type":"EntryPoint","urlTemplate":"https:\/\/esatic.ci\/?s={search_term_string}"},"query-input":{"@type":"PropertyValueSpecification","valueRequired":true,"valueName":"search_term_string"}}],"inLanguage":"en-US"},{"@type":"Organization","@id":"https:\/\/esatic.ci\/#organization","name":"ESATIC","url":"https:\/\/esatic.ci\/","logo":{"@type":"ImageObject","inLanguage":"en-US","@id":"https:\/\/esatic.ci\/#\/schema\/logo\/image\/","url":"https:\/\/esatic.ci\/wp-content\/uploads\/2024\/10\/presentation_esatic.jpg","contentUrl":"https:\/\/esatic.ci\/wp-content\/uploads\/2024\/10\/presentation_esatic.jpg","width":1043,"height":418,"caption":"ESATIC"},"image":{"@id":"https:\/\/esatic.ci\/#\/schema\/logo\/image\/"},"sameAs":["https:\/\/www.facebook.com\/EsaticOfficielle\/?locale=fr_FR","https:\/\/www.linkedin.com\/school\/esaticofficielle"]}]}},"_links":{"self":[{"href":"https:\/\/esatic.ci\/en\/wp-json\/wp\/v2\/pages\/9419","targetHints":{"allow":["GET"]}}],"collection":[{"href":"https:\/\/esatic.ci\/en\/wp-json\/wp\/v2\/pages"}],"about":[{"href":"https:\/\/esatic.ci\/en\/wp-json\/wp\/v2\/types\/page"}],"author":[{"embeddable":true,"href":"https:\/\/esatic.ci\/en\/wp-json\/wp\/v2\/users\/4"}],"replies":[{"embeddable":true,"href":"https:\/\/esatic.ci\/en\/wp-json\/wp\/v2\/comments?post=9419"}],"version-history":[{"count":5,"href":"https:\/\/esatic.ci\/en\/wp-json\/wp\/v2\/pages\/9419\/revisions"}],"predecessor-version":[{"id":9605,"href":"https:\/\/esatic.ci\/en\/wp-json\/wp\/v2\/pages\/9419\/revisions\/9605"}],"wp:attachment":[{"href":"https:\/\/esatic.ci\/en\/wp-json\/wp\/v2\/media?parent=9419"}],"curies":[{"name":"wp","href":"https:\/\/api.w.org\/{rel}","templated":true}]}}