{"id":9044,"date":"2024-10-22T19:24:57","date_gmt":"2024-10-22T17:24:57","guid":{"rendered":"https:\/\/esatic.ci\/?page_id=9044"},"modified":"2026-04-23T17:13:07","modified_gmt":"2026-04-23T17:13:07","slug":"biography","status":"publish","type":"page","link":"https:\/\/esatic.ci\/en\/biography\/","title":{"rendered":"Biography of the General Manager"},"content":{"rendered":"<div data-elementor-type=\"wp-page\" data-elementor-id=\"9044\" class=\"elementor elementor-9044\" data-elementor-post-type=\"page\">\n\t\t\t\t<div class=\"elementor-element elementor-element-39c7d0a1 e-flex e-con-boxed wpr-particle-no wpr-jarallax-no wpr-parallax-no wpr-sticky-section-no e-con e-parent\" data-id=\"39c7d0a1\" data-element_type=\"container\">\n\t\t\t\t\t<div class=\"e-con-inner\">\n\t\t<div class=\"elementor-element elementor-element-630db7bb e-con-full e-flex wpr-particle-no wpr-jarallax-no wpr-parallax-no wpr-sticky-section-no elementor-invisible e-con e-child\" data-id=\"630db7bb\" data-element_type=\"container\" data-settings=\"{&quot;animation&quot;:&quot;fadeIn&quot;}\">\n\t\t\t\t<div class=\"elementor-element elementor-element-6843d3ce elementor-invisible elementor-widget elementor-widget-image\" data-id=\"6843d3ce\" data-element_type=\"widget\" data-settings=\"{&quot;_animation&quot;:&quot;fadeIn&quot;}\" data-widget_type=\"image.default\">\n\t\t\t\t<div class=\"elementor-widget-container\">\n\t\t\t\t\t\t\t\t\t\t\t\t\t<img fetchpriority=\"high\" decoding=\"async\" width=\"1024\" height=\"1024\" src=\"https:\/\/esatic.ci\/wp-content\/uploads\/2026\/02\/Directeur-General-de-ESATIC-1024x1024.jpg\" class=\"attachment-large size-large wp-image-13459\" alt=\"\" srcset=\"https:\/\/esatic.ci\/wp-content\/uploads\/2026\/02\/Directeur-General-de-ESATIC-1024x1024.jpg 1024w, https:\/\/esatic.ci\/wp-content\/uploads\/2026\/02\/Directeur-General-de-ESATIC-300x300.jpg 300w, https:\/\/esatic.ci\/wp-content\/uploads\/2026\/02\/Directeur-General-de-ESATIC-150x150.jpg 150w, https:\/\/esatic.ci\/wp-content\/uploads\/2026\/02\/Directeur-General-de-ESATIC-768x768.jpg 768w, https:\/\/esatic.ci\/wp-content\/uploads\/2026\/02\/Directeur-General-de-ESATIC-12x12.jpg 12w, https:\/\/esatic.ci\/wp-content\/uploads\/2026\/02\/Directeur-General-de-ESATIC-500x500.jpg 500w, https:\/\/esatic.ci\/wp-content\/uploads\/2026\/02\/Directeur-General-de-ESATIC-1320x1320.jpg 1320w, https:\/\/esatic.ci\/wp-content\/uploads\/2026\/02\/Directeur-General-de-ESATIC.jpg 1398w\" sizes=\"(max-width: 1024px) 100vw, 1024px\">\t\t\t\t\t\t\t\t\t\t\t\t\t<\/div>\n\t\t\t\t<\/div>\n\t\t\t\t<div class=\"elementor-element elementor-element-23fc2ae7 elementor-widget elementor-widget-heading\" data-id=\"23fc2ae7\" data-element_type=\"widget\" data-widget_type=\"heading.default\">\n\t\t\t\t<div class=\"elementor-widget-container\">\n\t\t\t<h2 class=\"elementor-heading-title elementor-size-default\">BIOGRAPHIE DU DIRECTEUR GENERAL DE L\u2019\u00c9COLE SUPERIEURE AFRICAINE DES TECHNOLOGIES DE L\u2019INFORMATION ET DE LA COMMUNICATION (ESATIC)<\/h2>\t\t<\/div>\n\t\t\t\t<\/div>\n\t\t\t\t<div class=\"elementor-element elementor-element-5756a499 elementor-widget elementor-widget-text-editor\" data-id=\"5756a499\" data-element_type=\"widget\" data-widget_type=\"text-editor.default\">\n\t\t\t\t<div class=\"elementor-widget-container\">\n\t\t\t\t\t\t\t<p>Le Professeur\u00a0<strong>Adama KONAT\u00c9<\/strong>\u00a0est un expert reconnu dans le domaine des technologies de l&rsquo;information et de la communication, avec une carri\u00e8re marqu\u00e9e par l\u2019excellence acad\u00e9mique, l\u2019engagement institutionnel et la promotion de l\u2019innovation num\u00e9rique en Afrique.<\/p><p>Titulaire d\u2019un\u00a0<strong>Doctorat en Physique, option Lasers et Applications<\/strong>, obtenu \u00e0 l\u2019Universit\u00e9 de\u00a0<strong>Caen<\/strong>\u00a0(France), il d\u00e9bute sa carri\u00e8re universitaire en\u00a0<strong>1996<\/strong>\u00a0\u00e0 l\u2019Universit\u00e9\u00a0<strong>F\u00e9lix Houphou\u00ebt-Boigny<\/strong>\u00a0d\u2019Abidjan, avant de rejoindre en\u00a0<strong>1999<\/strong>\u00a0l\u2019<strong>Institut National Polytechnique F\u00e9lix Houphou\u00ebt-Boigny (INPHB)<\/strong>.<\/p>\t\t\t\t\t\t<\/div>\n\t\t\t\t<\/div>\n\t\t\t\t<div class=\"elementor-element elementor-element-2629ae41 elementor-widget elementor-widget-text-editor\" data-id=\"2629ae41\" data-element_type=\"widget\" data-widget_type=\"text-editor.default\">\n\t\t\t\t<div class=\"elementor-widget-container\">\n\t\t\t\t\t\t\t<p>Son parcours dans l\u2019administration publique d\u00e9bute en\u00a0<strong>2006<\/strong>\u00a0en tant que\u00a0<strong>Directeur de la Promotion des PME<\/strong>\u00a0au\u00a0<strong>Minist\u00e8re de l\u2019Industrie et de la Promotion du Secteur Priv\u00e9<\/strong>. Il est ensuite nomm\u00e9\u00a0<strong>Directeur de Cabinet Adjoint<\/strong>\u00a0au\u00a0<strong>Minist\u00e8re de l\u2019Artisanat et de la Promotion des PME<\/strong>\u00a0at\u00a0<strong>juin 2011<\/strong>.<\/p><p>Visit\u00a0<strong>23 mai 2012<\/strong>, il prend la t\u00eate de l\u2019<strong>ESATIC<\/strong>, o\u00f9 il \u0153uvre depuis \u00e0 faire de l\u2019institution un\u00a0<strong>centre d\u2019excellence r\u00e9gional<\/strong>\u00a0en formation, recherche et innovation dans le domaine du num\u00e9rique. Sous sa direction, l\u2019ESATIC a connu une modernisation des programmes, un renforcement des partenariats internationaux et une am\u00e9lioration notable de l\u2019employabilit\u00e9 des dipl\u00f4m\u00e9s.<\/p>\t\t\t\t\t\t<\/div>\n\t\t\t\t<\/div>\n\t\t\t\t<div class=\"elementor-element elementor-element-157935b6 elementor-widget elementor-widget-text-editor\" data-id=\"157935b6\" data-element_type=\"widget\" data-widget_type=\"text-editor.default\">\n\t\t\t\t<div class=\"elementor-widget-container\">\n\t\t\t\t\t\t\t<p>Sur le plan acad\u00e9mique, il enrichit son profil avec des dipl\u00f4mes de haut niveau :<\/p>\t\t\t\t\t\t<\/div>\n\t\t\t\t<\/div>\n\t\t\t\t<div class=\"elementor-element elementor-element-7c013ed4 wpr-feature-list-left wpr-feature-list-square wpr-feature-list-line-yes elementor-widget elementor-widget-wpr-feature-list\" data-id=\"7c013ed4\" data-element_type=\"widget\" data-widget_type=\"wpr-feature-list.default\">\n\t\t\t\t<div class=\"elementor-widget-container\">\n\t\t\t<div class=\"wpr-feature-list-wrap\"><ul class=\"wpr-feature-list\"><li class=\"wpr-feature-list-item elementor-repeater-item-84310a4\"><div class=\"wpr-feature-list-icon-wrap\"><span class=\"wpr-feature-list-line\"><\/span><div class=\"wpr-feature-list-icon-inner-wrap\"><\/div><\/div><div class=\"wpr-feature-list-content-wrap\"><h2 class=\"wpr-feature-list-title\"><a class=\"wpr-feature-list-url\" target=\"_blank\" rel=\"nofollow\">IESE Business School\u00a0de Barcelone (2016)<\/a><\/h2><p class=\"wpr-feature-list-description\"><\/p><\/div><\/li><li class=\"wpr-feature-list-item elementor-repeater-item-e8d0cfb\"><div class=\"wpr-feature-list-icon-wrap\"><span class=\"wpr-feature-list-line\"><\/span><div class=\"wpr-feature-list-icon-inner-wrap\"><\/div><\/div><div class=\"wpr-feature-list-content-wrap\"><h2 class=\"wpr-feature-list-title\"><a class=\"wpr-feature-list-url\" target=\"_blank\" rel=\"nofollow\">\u00c9cole Nationale d\u2019Administration Publique (ENAP) du Qu\u00e9bec (2018)<\/a><\/h2><p class=\"wpr-feature-list-description\"><\/p><\/div><\/li><\/ul><\/div>\t\t<\/div>\n\t\t\t\t<\/div>\n\t\t\t\t<div class=\"elementor-element elementor-element-cb68acc elementor-widget elementor-widget-text-editor\" data-id=\"cb68acc\" data-element_type=\"widget\" data-widget_type=\"text-editor.default\">\n\t\t\t\t<div class=\"elementor-widget-container\">\n\t\t\t\t\t\t\t<p>Visit\u00a0<strong>juillet 2018<\/strong>, il acc\u00e8de au prestigieux grade de\u00a0<strong>Professeur titulaire des universit\u00e9s du CAMES<\/strong>.<\/p><p>Son engagement et ses contributions lui valent plusieurs distinctions honorifiques :<\/p>\t\t\t\t\t\t<\/div>\n\t\t\t\t<\/div>\n\t\t\t\t<div class=\"elementor-element elementor-element-a3e2dca wpr-feature-list-left wpr-feature-list-square wpr-feature-list-line-yes elementor-widget elementor-widget-wpr-feature-list\" data-id=\"a3e2dca\" data-element_type=\"widget\" data-widget_type=\"wpr-feature-list.default\">\n\t\t\t\t<div class=\"elementor-widget-container\">\n\t\t\t<div class=\"wpr-feature-list-wrap\"><ul class=\"wpr-feature-list\"><li class=\"wpr-feature-list-item elementor-repeater-item-84310a4\"><div class=\"wpr-feature-list-icon-wrap\"><span class=\"wpr-feature-list-line\"><\/span><div class=\"wpr-feature-list-icon-inner-wrap\"><\/div><\/div><div class=\"wpr-feature-list-content-wrap\"><h2 class=\"wpr-feature-list-title\"><a class=\"wpr-feature-list-url\" target=\"_blank\" rel=\"nofollow\">Officier dans l\u2019Ordre National du M\u00e9rite<\/a><\/h2><p class=\"wpr-feature-list-description\"><\/p><\/div><\/li><li class=\"wpr-feature-list-item elementor-repeater-item-e8d0cfb\"><div class=\"wpr-feature-list-icon-wrap\"><span class=\"wpr-feature-list-line\"><\/span><div class=\"wpr-feature-list-icon-inner-wrap\"><\/div><\/div><div class=\"wpr-feature-list-content-wrap\"><h2 class=\"wpr-feature-list-title\"><a class=\"wpr-feature-list-url\" target=\"_blank\" rel=\"nofollow\">Commandeur dans l\u2019Ordre du M\u00e9rite de l\u2019\u00c9ducation Nationale<\/a><\/h2><p class=\"wpr-feature-list-description\"><\/p><\/div><\/li><li class=\"wpr-feature-list-item elementor-repeater-item-39510ea\"><div class=\"wpr-feature-list-icon-wrap\"><span class=\"wpr-feature-list-line\"><\/span><div class=\"wpr-feature-list-icon-inner-wrap\"><\/div><\/div><div class=\"wpr-feature-list-content-wrap\"><h2 class=\"wpr-feature-list-title\"><a class=\"wpr-feature-list-url\" target=\"_blank\" rel=\"nofollow\">Commandeur dans l\u2019Ordre du M\u00e9rite des T\u00e9l\u00e9communications<\/a><\/h2><p class=\"wpr-feature-list-description\"><\/p><\/div><\/li><li class=\"wpr-feature-list-item elementor-repeater-item-353c43c\"><div class=\"wpr-feature-list-icon-wrap\"><span class=\"wpr-feature-list-line\"><\/span><div class=\"wpr-feature-list-icon-inner-wrap\"><\/div><\/div><div class=\"wpr-feature-list-content-wrap\"><h2 class=\"wpr-feature-list-title\"><a class=\"wpr-feature-list-url\" target=\"_blank\" rel=\"nofollow\">Commandeur dans l\u2019Ordre du M\u00e9rite de la Fonction Publique<\/a><\/h2><p class=\"wpr-feature-list-description\"><\/p><\/div><\/li><\/ul><\/div>\t\t<\/div>\n\t\t\t\t<\/div>\n\t\t\t\t<div class=\"elementor-element elementor-element-3873a38 elementor-widget elementor-widget-text-editor\" data-id=\"3873a38\" data-element_type=\"widget\" data-widget_type=\"text-editor.default\">\n\t\t\t\t<div class=\"elementor-widget-container\">\n\t\t\t\t\t\t\t<p>Visionnaire et profond\u00e9ment engag\u00e9 pour le d\u00e9veloppement du continent, le Professeur KONAT\u00c9 milite pour une\u00a0<strong>Afrique digitalement souveraine<\/strong>, capable de former ses propres talents et de r\u00e9pondre aux d\u00e9fis technologiques par des\u00a0<strong>solutions locales, durables et innovantes<\/strong>.<\/p>\t\t\t\t\t\t<\/div>\n\t\t\t\t<\/div>\n\t\t\t\t<\/div>\n\t\t\t\t\t<\/div>\n\t\t\t\t<\/div>\n\t\t\t\t<\/div>","protected":false},"excerpt":{"rendered":"<p>BIOGRAPHIE DU DIRECTEUR GENERAL DE L\u2019\u00c9COLE SUPERIEURE AFRICAINE DES TECHNOLOGIES DE L\u2019INFORMATION ET DE LA COMMUNICATION (ESATIC) Le Professeur\u00a0Adama KONAT\u00c9\u00a0est un expert reconnu dans le domaine des technologies de l&rsquo;information et de la communication, avec une carri\u00e8re marqu\u00e9e par l\u2019excellence acad\u00e9mique, l\u2019engagement institutionnel et la promotion de l\u2019innovation num\u00e9rique en Afrique. Titulaire d\u2019un\u00a0Doctorat en Physique, option Lasers et Applications, obtenu \u00e0 l\u2019Universit\u00e9 de\u00a0Caen\u00a0(France), il d\u00e9bute sa carri\u00e8re universitaire en\u00a01996\u00a0\u00e0 l\u2019Universit\u00e9\u00a0F\u00e9lix Houphou\u00ebt-Boigny\u00a0d\u2019Abidjan, avant de rejoindre en\u00a01999\u00a0l\u2019Institut National Polytechnique F\u00e9lix Houphou\u00ebt-Boigny (INPHB). Son parcours dans l\u2019administration publique d\u00e9bute en\u00a02006\u00a0en tant que\u00a0Directeur de la Promotion des PME\u00a0au\u00a0Minist\u00e8re de l\u2019Industrie et de la Promotion du Secteur Priv\u00e9. Il est ensuite nomm\u00e9\u00a0Directeur de Cabinet Adjoint\u00a0au\u00a0Minist\u00e8re de l\u2019Artisanat et de la Promotion des PME\u00a0en\u00a0juin 2011. Le\u00a023 mai 2012, il prend la t\u00eate de l\u2019ESATIC, o\u00f9 il \u0153uvre depuis \u00e0 faire de l\u2019institution un\u00a0centre d\u2019excellence r\u00e9gional\u00a0en formation, recherche et innovation dans le domaine du num\u00e9rique. Sous sa direction, l\u2019ESATIC a connu une modernisation des programmes, un renforcement des partenariats internationaux et une am\u00e9lioration notable de l\u2019employabilit\u00e9 des dipl\u00f4m\u00e9s. Sur le plan acad\u00e9mique, il enrichit son profil avec des dipl\u00f4mes de haut niveau : IESE Business School\u00a0de Barcelone (2016) \u00c9cole Nationale d\u2019Administration Publique (ENAP) du Qu\u00e9bec (2018) En\u00a0juillet 2018, il acc\u00e8de au prestigieux grade de\u00a0Professeur titulaire des universit\u00e9s du CAMES. Son engagement et ses contributions lui valent plusieurs distinctions honorifiques : Officier dans l\u2019Ordre National du M\u00e9rite Commandeur dans l\u2019Ordre du M\u00e9rite de l\u2019\u00c9ducation Nationale Commandeur dans l\u2019Ordre du M\u00e9rite des T\u00e9l\u00e9communications Commandeur dans l\u2019Ordre du M\u00e9rite de la Fonction Publique Visionnaire et profond\u00e9ment engag\u00e9 pour le d\u00e9veloppement du continent, le Professeur KONAT\u00c9 milite pour une\u00a0Afrique digitalement souveraine, capable de former ses propres talents et de r\u00e9pondre aux d\u00e9fis technologiques par des\u00a0solutions locales, durables et innovantes.<\/p>","protected":false},"author":1,"featured_media":0,"parent":0,"menu_order":0,"comment_status":"closed","ping_status":"closed","template":"","meta":{"footnotes":""},"class_list":["post-9044","page","type-page","status-publish","hentry"],"featured_image_src":null,"yoast_head":"<!-- This site is optimized with the Yoast SEO plugin v27.4 - https:\/\/yoast.com\/product\/yoast-seo-wordpress\/ -->\n<title>Biographie du Directeur G\u00e9n\u00e9rale de l&#039; ESATIC<\/title>\n<meta name=\"description\" content=\"Biographie de du Directeur G\u00e9n\u00e9ral de l&#039;ESATIC. Depuis son cursus scolaire jusqu&#039;\u00e0 la t\u00eate de notre prestigieuse institution.\" \/>\n<meta name=\"robots\" content=\"index, follow, max-snippet:-1, max-image-preview:large, max-video-preview:-1\" \/>\n<link rel=\"canonical\" href=\"https:\/\/esatic.ci\/en\/biography\/\" \/>\n<meta property=\"og:locale\" content=\"en_US\" \/>\n<meta property=\"og:type\" content=\"article\" \/>\n<meta property=\"og:title\" content=\"Biographie du Directeur G\u00e9n\u00e9rale de l&#039; ESATIC\" \/>\n<meta property=\"og:description\" content=\"Biographie de du Directeur G\u00e9n\u00e9ral de l&#039;ESATIC. Depuis son cursus scolaire jusqu&#039;\u00e0 la t\u00eate de notre prestigieuse institution.\" \/>\n<meta property=\"og:url\" content=\"https:\/\/esatic.ci\/en\/biography\/\" \/>\n<meta property=\"og:site_name\" content=\"ESATIC\" \/>\n<meta property=\"article:publisher\" content=\"https:\/\/www.facebook.com\/EsaticOfficielle\/?locale=fr_FR\" \/>\n<meta property=\"article:modified_time\" content=\"2026-04-23T17:13:07+00:00\" \/>\n<meta property=\"og:image\" content=\"https:\/\/esatic.ci\/wp-content\/uploads\/2026\/02\/Directeur-General-de-ESATIC.jpg\" \/>\n\t<meta property=\"og:image:width\" content=\"1398\" \/>\n\t<meta property=\"og:image:height\" content=\"1398\" \/>\n\t<meta property=\"og:image:type\" content=\"image\/jpeg\" \/>\n<meta name=\"twitter:card\" content=\"summary_large_image\" \/>\n<meta name=\"twitter:label1\" content=\"Est. reading time\" \/>\n\t<meta name=\"twitter:data1\" content=\"2 minutes\" \/>\n<script type=\"application\/ld+json\" class=\"yoast-schema-graph\">{\"@context\":\"https:\\\/\\\/schema.org\",\"@graph\":[{\"@type\":\"WebPage\",\"@id\":\"https:\\\/\\\/esatic.ci\\\/biographie\\\/\",\"url\":\"https:\\\/\\\/esatic.ci\\\/biographie\\\/\",\"name\":\"Biographie du Directeur G\u00e9n\u00e9rale de l' ESATIC\",\"isPartOf\":{\"@id\":\"https:\\\/\\\/esatic.ci\\\/#website\"},\"primaryImageOfPage\":{\"@id\":\"https:\\\/\\\/esatic.ci\\\/biographie\\\/#primaryimage\"},\"image\":{\"@id\":\"https:\\\/\\\/esatic.ci\\\/biographie\\\/#primaryimage\"},\"thumbnailUrl\":\"https:\\\/\\\/esatic.ci\\\/wp-content\\\/uploads\\\/2026\\\/02\\\/Directeur-General-de-ESATIC-1024x1024.jpg\",\"datePublished\":\"2024-10-22T17:24:57+00:00\",\"dateModified\":\"2026-04-23T17:13:07+00:00\",\"description\":\"Biographie de du Directeur G\u00e9n\u00e9ral de l'ESATIC. Depuis son cursus scolaire jusqu'\u00e0 la t\u00eate de notre prestigieuse institution.\",\"breadcrumb\":{\"@id\":\"https:\\\/\\\/esatic.ci\\\/biographie\\\/#breadcrumb\"},\"inLanguage\":\"en-US\",\"potentialAction\":[{\"@type\":\"ReadAction\",\"target\":[\"https:\\\/\\\/esatic.ci\\\/biographie\\\/\"]}]},{\"@type\":\"ImageObject\",\"inLanguage\":\"en-US\",\"@id\":\"https:\\\/\\\/esatic.ci\\\/biographie\\\/#primaryimage\",\"url\":\"https:\\\/\\\/esatic.ci\\\/wp-content\\\/uploads\\\/2026\\\/02\\\/Directeur-General-de-ESATIC-1024x1024.jpg\",\"contentUrl\":\"https:\\\/\\\/esatic.ci\\\/wp-content\\\/uploads\\\/2026\\\/02\\\/Directeur-General-de-ESATIC-1024x1024.jpg\"},{\"@type\":\"BreadcrumbList\",\"@id\":\"https:\\\/\\\/esatic.ci\\\/biographie\\\/#breadcrumb\",\"itemListElement\":[{\"@type\":\"ListItem\",\"position\":1,\"name\":\"Accueil\",\"item\":\"https:\\\/\\\/esatic.ci\\\/\"},{\"@type\":\"ListItem\",\"position\":2,\"name\":\"Biographie du DG\"}]},{\"@type\":\"WebSite\",\"@id\":\"https:\\\/\\\/esatic.ci\\\/#website\",\"url\":\"https:\\\/\\\/esatic.ci\\\/\",\"name\":\"ESATIC\",\"description\":\"Ecole Sup\u00e9rieure Africaine des Technologies de l&#039;Information et de la Communication\",\"publisher\":{\"@id\":\"https:\\\/\\\/esatic.ci\\\/#organization\"},\"potentialAction\":[{\"@type\":\"SearchAction\",\"target\":{\"@type\":\"EntryPoint\",\"urlTemplate\":\"https:\\\/\\\/esatic.ci\\\/?s={search_term_string}\"},\"query-input\":{\"@type\":\"PropertyValueSpecification\",\"valueRequired\":true,\"valueName\":\"search_term_string\"}}],\"inLanguage\":\"en-US\"},{\"@type\":\"Organization\",\"@id\":\"https:\\\/\\\/esatic.ci\\\/#organization\",\"name\":\"ESATIC\",\"url\":\"https:\\\/\\\/esatic.ci\\\/\",\"logo\":{\"@type\":\"ImageObject\",\"inLanguage\":\"en-US\",\"@id\":\"https:\\\/\\\/esatic.ci\\\/#\\\/schema\\\/logo\\\/image\\\/\",\"url\":\"https:\\\/\\\/esatic.ci\\\/wp-content\\\/uploads\\\/2024\\\/10\\\/presentation_esatic.jpg\",\"contentUrl\":\"https:\\\/\\\/esatic.ci\\\/wp-content\\\/uploads\\\/2024\\\/10\\\/presentation_esatic.jpg\",\"width\":1043,\"height\":418,\"caption\":\"ESATIC\"},\"image\":{\"@id\":\"https:\\\/\\\/esatic.ci\\\/#\\\/schema\\\/logo\\\/image\\\/\"},\"sameAs\":[\"https:\\\/\\\/www.facebook.com\\\/EsaticOfficielle\\\/?locale=fr_FR\",\"https:\\\/\\\/www.linkedin.com\\\/school\\\/esaticofficielle\"]}]}<\/script>\n<!-- \/ Yoast SEO plugin. -->","yoast_head_json":{"title":"Biographie du Directeur G\u00e9n\u00e9rale de l' ESATIC","description":"Biography of the General Manager of ESATIC. From school to the head of our prestigious institution.","robots":{"index":"index","follow":"follow","max-snippet":"max-snippet:-1","max-image-preview":"max-image-preview:large","max-video-preview":"max-video-preview:-1"},"canonical":"https:\/\/esatic.ci\/en\/biography\/","og_locale":"en_US","og_type":"article","og_title":"Biographie du Directeur G\u00e9n\u00e9rale de l' ESATIC","og_description":"Biographie de du Directeur G\u00e9n\u00e9ral de l'ESATIC. Depuis son cursus scolaire jusqu'\u00e0 la t\u00eate de notre prestigieuse institution.","og_url":"https:\/\/esatic.ci\/en\/biography\/","og_site_name":"ESATIC","article_publisher":"https:\/\/www.facebook.com\/EsaticOfficielle\/?locale=fr_FR","article_modified_time":"2026-04-23T17:13:07+00:00","og_image":[{"width":1398,"height":1398,"url":"https:\/\/esatic.ci\/wp-content\/uploads\/2026\/02\/Directeur-General-de-ESATIC.jpg","type":"image\/jpeg"}],"twitter_card":"summary_large_image","twitter_misc":{"Est. reading time":"2 minutes"},"schema":{"@context":"https:\/\/schema.org","@graph":[{"@type":"WebPage","@id":"https:\/\/esatic.ci\/biographie\/","url":"https:\/\/esatic.ci\/biographie\/","name":"Biographie du Directeur G\u00e9n\u00e9rale de l' ESATIC","isPartOf":{"@id":"https:\/\/esatic.ci\/#website"},"primaryImageOfPage":{"@id":"https:\/\/esatic.ci\/biographie\/#primaryimage"},"image":{"@id":"https:\/\/esatic.ci\/biographie\/#primaryimage"},"thumbnailUrl":"https:\/\/esatic.ci\/wp-content\/uploads\/2026\/02\/Directeur-General-de-ESATIC-1024x1024.jpg","datePublished":"2024-10-22T17:24:57+00:00","dateModified":"2026-04-23T17:13:07+00:00","description":"Biography of the General Manager of ESATIC. From school to the head of our prestigious institution.","breadcrumb":{"@id":"https:\/\/esatic.ci\/biographie\/#breadcrumb"},"inLanguage":"en-US","potentialAction":[{"@type":"ReadAction","target":["https:\/\/esatic.ci\/biographie\/"]}]},{"@type":"ImageObject","inLanguage":"en-US","@id":"https:\/\/esatic.ci\/biographie\/#primaryimage","url":"https:\/\/esatic.ci\/wp-content\/uploads\/2026\/02\/Directeur-General-de-ESATIC-1024x1024.jpg","contentUrl":"https:\/\/esatic.ci\/wp-content\/uploads\/2026\/02\/Directeur-General-de-ESATIC-1024x1024.jpg"},{"@type":"BreadcrumbList","@id":"https:\/\/esatic.ci\/biographie\/#breadcrumb","itemListElement":[{"@type":"ListItem","position":1,"name":"Accueil","item":"https:\/\/esatic.ci\/"},{"@type":"ListItem","position":2,"name":"Biographie du DG"}]},{"@type":"WebSite","@id":"https:\/\/esatic.ci\/#website","url":"https:\/\/esatic.ci\/","name":"ESATIC","description":"African College of Information and Communication Technologies","publisher":{"@id":"https:\/\/esatic.ci\/#organization"},"potentialAction":[{"@type":"SearchAction","target":{"@type":"EntryPoint","urlTemplate":"https:\/\/esatic.ci\/?s={search_term_string}"},"query-input":{"@type":"PropertyValueSpecification","valueRequired":true,"valueName":"search_term_string"}}],"inLanguage":"en-US"},{"@type":"Organization","@id":"https:\/\/esatic.ci\/#organization","name":"ESATIC","url":"https:\/\/esatic.ci\/","logo":{"@type":"ImageObject","inLanguage":"en-US","@id":"https:\/\/esatic.ci\/#\/schema\/logo\/image\/","url":"https:\/\/esatic.ci\/wp-content\/uploads\/2024\/10\/presentation_esatic.jpg","contentUrl":"https:\/\/esatic.ci\/wp-content\/uploads\/2024\/10\/presentation_esatic.jpg","width":1043,"height":418,"caption":"ESATIC"},"image":{"@id":"https:\/\/esatic.ci\/#\/schema\/logo\/image\/"},"sameAs":["https:\/\/www.facebook.com\/EsaticOfficielle\/?locale=fr_FR","https:\/\/www.linkedin.com\/school\/esaticofficielle"]}]}},"_links":{"self":[{"href":"https:\/\/esatic.ci\/en\/wp-json\/wp\/v2\/pages\/9044","targetHints":{"allow":["GET"]}}],"collection":[{"href":"https:\/\/esatic.ci\/en\/wp-json\/wp\/v2\/pages"}],"about":[{"href":"https:\/\/esatic.ci\/en\/wp-json\/wp\/v2\/types\/page"}],"author":[{"embeddable":true,"href":"https:\/\/esatic.ci\/en\/wp-json\/wp\/v2\/users\/1"}],"replies":[{"embeddable":true,"href":"https:\/\/esatic.ci\/en\/wp-json\/wp\/v2\/comments?post=9044"}],"version-history":[{"count":5,"href":"https:\/\/esatic.ci\/en\/wp-json\/wp\/v2\/pages\/9044\/revisions"}],"predecessor-version":[{"id":14357,"href":"https:\/\/esatic.ci\/en\/wp-json\/wp\/v2\/pages\/9044\/revisions\/14357"}],"wp:attachment":[{"href":"https:\/\/esatic.ci\/en\/wp-json\/wp\/v2\/media?parent=9044"}],"curies":[{"name":"wp","href":"https:\/\/api.w.org\/{rel}","templated":true}]}}