{"id":7976,"date":"2024-10-08T14:04:40","date_gmt":"2024-10-08T12:04:40","guid":{"rendered":"https:\/\/esatic.ci\/?page_id=7976"},"modified":"2025-10-27T09:56:58","modified_gmt":"2025-10-27T09:56:58","slug":"back-to-school-calendar-2","status":"publish","type":"page","link":"https:\/\/esatic.ci\/en\/back-to-school-calendar-2\/","title":{"rendered":"BACK-TO-SCHOOL CALENDAR"},"content":{"rendered":"<div data-elementor-type=\"wp-page\" data-elementor-id=\"7976\" class=\"elementor elementor-7976\" data-elementor-post-type=\"page\">\n\t\t\t\t<div class=\"elementor-element elementor-element-a7047dd e-flex e-con-boxed wpr-particle-no wpr-jarallax-no wpr-parallax-no wpr-sticky-section-no e-con e-parent\" data-id=\"a7047dd\" data-element_type=\"container\" data-settings=\"{&quot;background_background&quot;:&quot;classic&quot;}\">\n\t\t\t\t\t<div class=\"e-con-inner\">\n\t\t<div class=\"elementor-element elementor-element-f5fd51c e-con-full e-flex wpr-particle-no wpr-jarallax-no wpr-parallax-no wpr-sticky-section-no e-con e-child\" data-id=\"f5fd51c\" data-element_type=\"container\">\n\t\t\t\t<div class=\"elementor-element elementor-element-86a5a7c elementor-widget elementor-widget-image\" data-id=\"86a5a7c\" data-element_type=\"widget\" data-widget_type=\"image.default\">\n\t\t\t\t<div class=\"elementor-widget-container\">\n\t\t\t\t\t\t\t\t\t\t\t\t\t<img fetchpriority=\"high\" decoding=\"async\" width=\"683\" height=\"1024\" src=\"https:\/\/esatic.ci\/wp-content\/uploads\/2025\/10\/rentree_esatic-683x1024.jpg\" class=\"attachment-large size-large wp-image-12371\" alt=\"\" srcset=\"https:\/\/esatic.ci\/wp-content\/uploads\/2025\/10\/rentree_esatic-683x1024.jpg 683w, https:\/\/esatic.ci\/wp-content\/uploads\/2025\/10\/rentree_esatic-200x300.jpg 200w, https:\/\/esatic.ci\/wp-content\/uploads\/2025\/10\/rentree_esatic-768x1152.jpg 768w, https:\/\/esatic.ci\/wp-content\/uploads\/2025\/10\/rentree_esatic.jpg 1024w\" sizes=\"(max-width: 683px) 100vw, 683px\">\t\t\t\t\t\t\t\t\t\t\t\t\t<\/div>\n\t\t\t\t<\/div>\n\t\t\t\t<\/div>\n\t\t<div class=\"elementor-element elementor-element-00007c9 e-con-full e-flex wpr-particle-no wpr-jarallax-no wpr-parallax-no wpr-sticky-section-no e-con e-child\" data-id=\"00007c9\" data-element_type=\"container\">\n\t\t\t\t<div class=\"elementor-element elementor-element-7e01d34 elementor-widget elementor-widget-heading\" data-id=\"7e01d34\" data-element_type=\"widget\" data-widget_type=\"heading.default\">\n\t\t\t\t<div class=\"elementor-widget-container\">\n\t\t\t<h5 class=\"elementor-heading-title elementor-size-default\">Back to school<\/h5>\t\t<\/div>\n\t\t\t\t<\/div>\n\t\t\t\t<div class=\"elementor-element elementor-element-c2bc129 elementor-widget elementor-widget-text-editor\" data-id=\"c2bc129\" data-element_type=\"widget\" data-widget_type=\"text-editor.default\">\n\t\t\t\t<div class=\"elementor-widget-container\">\n\t\t\t\t\t\t\t<p><span style=\"color: var( --e-global-color-text ); font-family: var( --e-global-typography-text-font-family ), Sans-serif; font-weight: var( --e-global-typography-text-font-weight ); text-align: var(--text-align);\">The 2025-2026 school year at ESATIC is scheduled to begin in September. For new students, refresher courses will start during this period, while returning students will begin their classes on September 2, 2025. Registrations and medical check-ups for newly admitted students or those who have successfully completed their final defense will take place concurrently.<\/span><\/p>\t\t\t\t\t\t<\/div>\n\t\t\t\t<\/div>\n\t\t\t\t<div class=\"elementor-element elementor-element-471cb5b elementor-align-center elementor-widget elementor-widget-button\" data-id=\"471cb5b\" data-element_type=\"widget\" data-widget_type=\"button.default\">\n\t\t\t\t<div class=\"elementor-widget-container\">\n\t\t\t\t\t\t\t<div class=\"elementor-button-wrapper\">\n\t\t\t\t\t<a class=\"elementor-button elementor-button-link elementor-size-sm elementor-animation-shrink\" href=\"https:\/\/esatic.ci\/wp-content\/uploads\/2025\/07\/INFORMATIONS-RENTREE-2025-2026.pdf\" target=\"_blank\">\n\t\t\t\t\t\t<span class=\"elementor-button-content-wrapper\">\n\t\t\t\t\t\t\t\t\t<span class=\"elementor-button-text\">View more &gt;<\/span>\n\t\t\t\t\t<\/span>\n\t\t\t\t\t<\/a>\n\t\t\t\t<\/div>\n\t\t\t\t\t\t<\/div>\n\t\t\t\t<\/div>\n\t\t\t\t<\/div>\n\t\t\t\t\t<\/div>\n\t\t\t\t<\/div>\n\t\t<div class=\"elementor-element elementor-element-48523f0 e-flex e-con-boxed wpr-particle-no wpr-jarallax-no wpr-parallax-no wpr-sticky-section-no e-con e-parent\" data-id=\"48523f0\" data-element_type=\"container\">\n\t\t\t\t\t<div class=\"e-con-inner\">\n\t\t\t\t\t<\/div>\n\t\t\t\t<\/div>\n\t\t\t\t<\/div>","protected":false},"excerpt":{"rendered":"<p>La rentr\u00e9e acad\u00e9mique La rentr\u00e9e scolaire 2025-2026 \u00e0 l&rsquo;ESATIC est pr\u00e9vue pour le mois de septembre. Pour les nouveaux \u00e9tudiants, les cours de mise \u00e0 niveau d\u00e9buteront \u00e0 cette p\u00e9riode, tandis que les anciens \u00e9tudiants commenceront leurs cours \u00e0 partir le 02 septembre 2025. Les inscriptions et les visites m\u00e9dicales des \u00e9tudiants r\u00e9cemment admis ou ayant r\u00e9ussi les soutenances de fin d&rsquo;\u00e9tudes se d\u00e9rouleront en parall\u00e8le. Voir Plus ><\/p>","protected":false},"author":4,"featured_media":0,"parent":0,"menu_order":0,"comment_status":"closed","ping_status":"closed","template":"","meta":{"footnotes":""},"class_list":["post-7976","page","type-page","status-publish","hentry"],"featured_image_src":null,"yoast_head":"<!-- This site is optimized with the Yoast SEO plugin v27.4 - https:\/\/yoast.com\/product\/yoast-seo-wordpress\/ -->\n<title>CALENDRIER RENTREE SCOLAIRE - ESATIC<\/title>\n<meta name=\"robots\" content=\"index, follow, max-snippet:-1, max-image-preview:large, max-video-preview:-1\" \/>\n<link rel=\"canonical\" href=\"https:\/\/esatic.ci\/en\/back-to-school-calendar-2\/\" \/>\n<meta property=\"og:locale\" content=\"en_US\" \/>\n<meta property=\"og:type\" content=\"article\" \/>\n<meta property=\"og:title\" content=\"CALENDRIER RENTREE SCOLAIRE - ESATIC\" \/>\n<meta property=\"og:description\" content=\"La rentr\u00e9e acad\u00e9mique La rentr\u00e9e scolaire 2025-2026 \u00e0 l&rsquo;ESATIC est pr\u00e9vue pour le mois de septembre. Pour les nouveaux \u00e9tudiants, les cours de mise \u00e0 niveau d\u00e9buteront \u00e0 cette p\u00e9riode, tandis que les anciens \u00e9tudiants commenceront leurs cours \u00e0 partir le 02 septembre 2025. Les inscriptions et les visites m\u00e9dicales des \u00e9tudiants r\u00e9cemment admis ou ayant r\u00e9ussi les soutenances de fin d&rsquo;\u00e9tudes se d\u00e9rouleront en parall\u00e8le. Voir Plus &gt;\" \/>\n<meta property=\"og:url\" content=\"https:\/\/esatic.ci\/en\/back-to-school-calendar-2\/\" \/>\n<meta property=\"og:site_name\" content=\"ESATIC\" \/>\n<meta property=\"article:publisher\" content=\"https:\/\/www.facebook.com\/EsaticOfficielle\/?locale=fr_FR\" \/>\n<meta property=\"article:modified_time\" content=\"2025-10-27T09:56:58+00:00\" \/>\n<meta property=\"og:image\" content=\"https:\/\/esatic.ci\/wp-content\/uploads\/2025\/10\/rentree_esatic.jpg\" \/>\n\t<meta property=\"og:image:width\" content=\"1024\" \/>\n\t<meta property=\"og:image:height\" content=\"1536\" \/>\n\t<meta property=\"og:image:type\" content=\"image\/jpeg\" \/>\n<meta name=\"twitter:card\" content=\"summary_large_image\" \/>\n<meta name=\"twitter:label1\" content=\"Est. reading time\" \/>\n\t<meta name=\"twitter:data1\" content=\"1 minute\" \/>\n<script type=\"application\/ld+json\" class=\"yoast-schema-graph\">{\"@context\":\"https:\\\/\\\/schema.org\",\"@graph\":[{\"@type\":\"WebPage\",\"@id\":\"https:\\\/\\\/esatic.ci\\\/calendrier-rentree-scolaire-2\\\/\",\"url\":\"https:\\\/\\\/esatic.ci\\\/calendrier-rentree-scolaire-2\\\/\",\"name\":\"CALENDRIER RENTREE SCOLAIRE - ESATIC\",\"isPartOf\":{\"@id\":\"https:\\\/\\\/esatic.ci\\\/#website\"},\"primaryImageOfPage\":{\"@id\":\"https:\\\/\\\/esatic.ci\\\/calendrier-rentree-scolaire-2\\\/#primaryimage\"},\"image\":{\"@id\":\"https:\\\/\\\/esatic.ci\\\/calendrier-rentree-scolaire-2\\\/#primaryimage\"},\"thumbnailUrl\":\"https:\\\/\\\/esatic.ci\\\/wp-content\\\/uploads\\\/2025\\\/10\\\/rentree_esatic-683x1024.jpg\",\"datePublished\":\"2024-10-08T12:04:40+00:00\",\"dateModified\":\"2025-10-27T09:56:58+00:00\",\"breadcrumb\":{\"@id\":\"https:\\\/\\\/esatic.ci\\\/calendrier-rentree-scolaire-2\\\/#breadcrumb\"},\"inLanguage\":\"en-US\",\"potentialAction\":[{\"@type\":\"ReadAction\",\"target\":[\"https:\\\/\\\/esatic.ci\\\/calendrier-rentree-scolaire-2\\\/\"]}]},{\"@type\":\"ImageObject\",\"inLanguage\":\"en-US\",\"@id\":\"https:\\\/\\\/esatic.ci\\\/calendrier-rentree-scolaire-2\\\/#primaryimage\",\"url\":\"https:\\\/\\\/esatic.ci\\\/wp-content\\\/uploads\\\/2025\\\/10\\\/rentree_esatic-683x1024.jpg\",\"contentUrl\":\"https:\\\/\\\/esatic.ci\\\/wp-content\\\/uploads\\\/2025\\\/10\\\/rentree_esatic-683x1024.jpg\"},{\"@type\":\"BreadcrumbList\",\"@id\":\"https:\\\/\\\/esatic.ci\\\/calendrier-rentree-scolaire-2\\\/#breadcrumb\",\"itemListElement\":[{\"@type\":\"ListItem\",\"position\":1,\"name\":\"Accueil\",\"item\":\"https:\\\/\\\/esatic.ci\\\/\"},{\"@type\":\"ListItem\",\"position\":2,\"name\":\"CALENDRIER RENTREE SCOLAIRE\"}]},{\"@type\":\"WebSite\",\"@id\":\"https:\\\/\\\/esatic.ci\\\/#website\",\"url\":\"https:\\\/\\\/esatic.ci\\\/\",\"name\":\"ESATIC\",\"description\":\"Ecole Sup\u00e9rieure Africaine des Technologies de l&#039;Information et de la Communication\",\"publisher\":{\"@id\":\"https:\\\/\\\/esatic.ci\\\/#organization\"},\"potentialAction\":[{\"@type\":\"SearchAction\",\"target\":{\"@type\":\"EntryPoint\",\"urlTemplate\":\"https:\\\/\\\/esatic.ci\\\/?s={search_term_string}\"},\"query-input\":{\"@type\":\"PropertyValueSpecification\",\"valueRequired\":true,\"valueName\":\"search_term_string\"}}],\"inLanguage\":\"en-US\"},{\"@type\":\"Organization\",\"@id\":\"https:\\\/\\\/esatic.ci\\\/#organization\",\"name\":\"ESATIC\",\"url\":\"https:\\\/\\\/esatic.ci\\\/\",\"logo\":{\"@type\":\"ImageObject\",\"inLanguage\":\"en-US\",\"@id\":\"https:\\\/\\\/esatic.ci\\\/#\\\/schema\\\/logo\\\/image\\\/\",\"url\":\"https:\\\/\\\/esatic.ci\\\/wp-content\\\/uploads\\\/2024\\\/10\\\/presentation_esatic.jpg\",\"contentUrl\":\"https:\\\/\\\/esatic.ci\\\/wp-content\\\/uploads\\\/2024\\\/10\\\/presentation_esatic.jpg\",\"width\":1043,\"height\":418,\"caption\":\"ESATIC\"},\"image\":{\"@id\":\"https:\\\/\\\/esatic.ci\\\/#\\\/schema\\\/logo\\\/image\\\/\"},\"sameAs\":[\"https:\\\/\\\/www.facebook.com\\\/EsaticOfficielle\\\/?locale=fr_FR\",\"https:\\\/\\\/www.linkedin.com\\\/school\\\/esaticofficielle\"]}]}<\/script>\n<!-- \/ Yoast SEO plugin. -->","yoast_head_json":{"title":"BACK-TO-SCHOOL CALENDAR - ESATIC","robots":{"index":"index","follow":"follow","max-snippet":"max-snippet:-1","max-image-preview":"max-image-preview:large","max-video-preview":"max-video-preview:-1"},"canonical":"https:\/\/esatic.ci\/en\/back-to-school-calendar-2\/","og_locale":"en_US","og_type":"article","og_title":"CALENDRIER RENTREE SCOLAIRE - ESATIC","og_description":"La rentr\u00e9e acad\u00e9mique La rentr\u00e9e scolaire 2025-2026 \u00e0 l&rsquo;ESATIC est pr\u00e9vue pour le mois de septembre. Pour les nouveaux \u00e9tudiants, les cours de mise \u00e0 niveau d\u00e9buteront \u00e0 cette p\u00e9riode, tandis que les anciens \u00e9tudiants commenceront leurs cours \u00e0 partir le 02 septembre 2025. Les inscriptions et les visites m\u00e9dicales des \u00e9tudiants r\u00e9cemment admis ou ayant r\u00e9ussi les soutenances de fin d&rsquo;\u00e9tudes se d\u00e9rouleront en parall\u00e8le. Voir Plus >","og_url":"https:\/\/esatic.ci\/en\/back-to-school-calendar-2\/","og_site_name":"ESATIC","article_publisher":"https:\/\/www.facebook.com\/EsaticOfficielle\/?locale=fr_FR","article_modified_time":"2025-10-27T09:56:58+00:00","og_image":[{"width":1024,"height":1536,"url":"https:\/\/esatic.ci\/wp-content\/uploads\/2025\/10\/rentree_esatic.jpg","type":"image\/jpeg"}],"twitter_card":"summary_large_image","twitter_misc":{"Est. reading time":"1 minute"},"schema":{"@context":"https:\/\/schema.org","@graph":[{"@type":"WebPage","@id":"https:\/\/esatic.ci\/calendrier-rentree-scolaire-2\/","url":"https:\/\/esatic.ci\/calendrier-rentree-scolaire-2\/","name":"BACK-TO-SCHOOL CALENDAR - ESATIC","isPartOf":{"@id":"https:\/\/esatic.ci\/#website"},"primaryImageOfPage":{"@id":"https:\/\/esatic.ci\/calendrier-rentree-scolaire-2\/#primaryimage"},"image":{"@id":"https:\/\/esatic.ci\/calendrier-rentree-scolaire-2\/#primaryimage"},"thumbnailUrl":"https:\/\/esatic.ci\/wp-content\/uploads\/2025\/10\/rentree_esatic-683x1024.jpg","datePublished":"2024-10-08T12:04:40+00:00","dateModified":"2025-10-27T09:56:58+00:00","breadcrumb":{"@id":"https:\/\/esatic.ci\/calendrier-rentree-scolaire-2\/#breadcrumb"},"inLanguage":"en-US","potentialAction":[{"@type":"ReadAction","target":["https:\/\/esatic.ci\/calendrier-rentree-scolaire-2\/"]}]},{"@type":"ImageObject","inLanguage":"en-US","@id":"https:\/\/esatic.ci\/calendrier-rentree-scolaire-2\/#primaryimage","url":"https:\/\/esatic.ci\/wp-content\/uploads\/2025\/10\/rentree_esatic-683x1024.jpg","contentUrl":"https:\/\/esatic.ci\/wp-content\/uploads\/2025\/10\/rentree_esatic-683x1024.jpg"},{"@type":"BreadcrumbList","@id":"https:\/\/esatic.ci\/calendrier-rentree-scolaire-2\/#breadcrumb","itemListElement":[{"@type":"ListItem","position":1,"name":"Accueil","item":"https:\/\/esatic.ci\/"},{"@type":"ListItem","position":2,"name":"CALENDRIER RENTREE SCOLAIRE"}]},{"@type":"WebSite","@id":"https:\/\/esatic.ci\/#website","url":"https:\/\/esatic.ci\/","name":"ESATIC","description":"African College of Information and Communication Technologies","publisher":{"@id":"https:\/\/esatic.ci\/#organization"},"potentialAction":[{"@type":"SearchAction","target":{"@type":"EntryPoint","urlTemplate":"https:\/\/esatic.ci\/?s={search_term_string}"},"query-input":{"@type":"PropertyValueSpecification","valueRequired":true,"valueName":"search_term_string"}}],"inLanguage":"en-US"},{"@type":"Organization","@id":"https:\/\/esatic.ci\/#organization","name":"ESATIC","url":"https:\/\/esatic.ci\/","logo":{"@type":"ImageObject","inLanguage":"en-US","@id":"https:\/\/esatic.ci\/#\/schema\/logo\/image\/","url":"https:\/\/esatic.ci\/wp-content\/uploads\/2024\/10\/presentation_esatic.jpg","contentUrl":"https:\/\/esatic.ci\/wp-content\/uploads\/2024\/10\/presentation_esatic.jpg","width":1043,"height":418,"caption":"ESATIC"},"image":{"@id":"https:\/\/esatic.ci\/#\/schema\/logo\/image\/"},"sameAs":["https:\/\/www.facebook.com\/EsaticOfficielle\/?locale=fr_FR","https:\/\/www.linkedin.com\/school\/esaticofficielle"]}]}},"_links":{"self":[{"href":"https:\/\/esatic.ci\/en\/wp-json\/wp\/v2\/pages\/7976","targetHints":{"allow":["GET"]}}],"collection":[{"href":"https:\/\/esatic.ci\/en\/wp-json\/wp\/v2\/pages"}],"about":[{"href":"https:\/\/esatic.ci\/en\/wp-json\/wp\/v2\/types\/page"}],"author":[{"embeddable":true,"href":"https:\/\/esatic.ci\/en\/wp-json\/wp\/v2\/users\/4"}],"replies":[{"embeddable":true,"href":"https:\/\/esatic.ci\/en\/wp-json\/wp\/v2\/comments?post=7976"}],"version-history":[{"count":5,"href":"https:\/\/esatic.ci\/en\/wp-json\/wp\/v2\/pages\/7976\/revisions"}],"predecessor-version":[{"id":12383,"href":"https:\/\/esatic.ci\/en\/wp-json\/wp\/v2\/pages\/7976\/revisions\/12383"}],"wp:attachment":[{"href":"https:\/\/esatic.ci\/en\/wp-json\/wp\/v2\/media?parent=7976"}],"curies":[{"name":"wp","href":"https:\/\/api.w.org\/{rel}","templated":true}]}}