{"id":7931,"date":"2024-10-08T13:35:33","date_gmt":"2024-10-08T11:35:33","guid":{"rendered":"https:\/\/esatic.ci\/?page_id=7931"},"modified":"2025-11-19T17:26:01","modified_gmt":"2025-11-19T17:26:01","slug":"internal-regulations","status":"publish","type":"page","link":"https:\/\/esatic.ci\/en\/internal-regulations\/","title":{"rendered":"EDUCATIONAL REGULATIONS"},"content":{"rendered":"<div data-elementor-type=\"wp-page\" data-elementor-id=\"7931\" class=\"elementor elementor-7931\" data-elementor-post-type=\"page\">\n\t\t\t\t\t\t<section class=\"elementor-section elementor-top-section elementor-element elementor-element-f3e1ba8 elementor-section-boxed elementor-section-height-default elementor-section-height-default wpr-particle-no wpr-jarallax-no wpr-parallax-no wpr-sticky-section-no\" data-id=\"f3e1ba8\" data-element_type=\"section\" data-settings=\"{&quot;background_background&quot;:&quot;classic&quot;}\">\n\t\t\t\t\t\t<div class=\"elementor-container elementor-column-gap-no\">\n\t\t\t\t\t<div class=\"elementor-column elementor-col-50 elementor-top-column elementor-element elementor-element-5c482f2b\" data-id=\"5c482f2b\" data-element_type=\"column\">\n\t\t\t<div class=\"elementor-widget-wrap elementor-element-populated\">\n\t\t\t\t\t\t<div class=\"elementor-element elementor-element-330d570b elementor-widget elementor-widget-heading\" data-id=\"330d570b\" data-element_type=\"widget\" data-widget_type=\"heading.default\">\n\t\t\t\t<div class=\"elementor-widget-container\">\n\t\t\t<h2 class=\"elementor-heading-title elementor-size-default\">Educational regulations<\/h2>\t\t<\/div>\n\t\t\t\t<\/div>\n\t\t\t\t<div class=\"elementor-element elementor-element-1352c06d elementor-widget elementor-widget-text-editor\" data-id=\"1352c06d\" data-element_type=\"widget\" data-widget_type=\"text-editor.default\">\n\t\t\t\t<div class=\"elementor-widget-container\">\n\t\t\t\t\t\t\t<p>The pedagogical regulations specify the procedures that govern studies at ESATIC. They set the conditions for learner admission, the study system and duration, the evaluation rules, the validation methods for a semester and the academic year, and the organization and validation methods for internal and end-of-studies projects (internships).<\/p>\t\t\t\t\t\t<\/div>\n\t\t\t\t<\/div>\n\t\t\t\t<div class=\"elementor-element elementor-element-69836c4 wpr-button-icon-style-inline wpr-button-icon-position-right elementor-widget elementor-widget-wpr-button\" data-id=\"69836c4\" data-element_type=\"widget\" data-widget_type=\"wpr-button.default\">\n\t\t\t\t<div class=\"elementor-widget-container\">\n\t\t\t\t\n\t\t\t\n\t\t\n\t\t<div class=\"wpr-button-wrap elementor-clearfix\">\n\t\t<a class=\"wpr-button wpr-button-effect wpr-button-none\" data-text=\"Go\" href=\"https:\/\/esatic.ci\/wp-content\/uploads\/2024\/10\/REGLEMENT-PEDAGOGIQUE-DE-LESATIC-LICENCE-ET-MASTER.pdf\" target=\"_blank\">\n\t\t\t\n\t\t\t<span class=\"wpr-button-content\">\n\t\t\t\t\t\t\t\t\t<span class=\"wpr-button-text\">Download guide<\/span>\n\t\t\t\t\t\t\t\t\n\t\t\t\t\t\t\t\t\t<span class=\"wpr-button-icon\"><svg class=\"e-font-icon-svg e-fas-angle-right\" viewbox=\"0 0 256 512\" xmlns=\"http:\/\/www.w3.org\/2000\/svg\"><path d=\"M224.3 273l-136 136c-9.4 9.4-24.6 9.4-33.9 0l-22.6-22.6c-9.4-9.4-9.4-24.6 0-33.9l96.4-96.4-96.4-96.4c-9.4-9.4-9.4-24.6 0-33.9L54.3 103c9.4-9.4 24.6-9.4 33.9 0l136 136c9.5 9.4 9.5 24.6.1 34z\"><\/path><\/svg><\/span>\n\t\t\t\t\t\t\t<\/span>\n\t\t<\/a>\n\n\t\t\t\t<\/div>\n\t\n\t\n\t\t\t<\/div>\n\t\t\t\t<\/div>\n\t\t\t\t\t<\/div>\n\t\t<\/div>\n\t\t\t\t<div class=\"elementor-column elementor-col-50 elementor-top-column elementor-element elementor-element-7fd98cdb\" data-id=\"7fd98cdb\" data-element_type=\"column\">\n\t\t\t<div class=\"elementor-widget-wrap elementor-element-populated\">\n\t\t\t\t\t\t<div class=\"elementor-element elementor-element-1f734a90 elementor-widget elementor-widget-image\" data-id=\"1f734a90\" data-element_type=\"widget\" data-widget_type=\"image.default\">\n\t\t\t\t<div class=\"elementor-widget-container\">\n\t\t\t\t\t\t\t\t\t\t\t\t\t<img decoding=\"async\" src=\"https:\/\/esatic.ci\/wp-content\/uploads\/2024\/10\/laws.png\" title=\"\" alt=\"\" loading=\"lazy\">\t\t\t\t\t\t\t\t\t\t\t\t\t<\/div>\n\t\t\t\t<\/div>\n\t\t\t\t<div class=\"elementor-element elementor-element-6776c54 elementor-widget elementor-widget-image\" data-id=\"6776c54\" data-element_type=\"widget\" data-widget_type=\"image.default\">\n\t\t\t\t<div class=\"elementor-widget-container\">\n\t\t\t\t\t\t\t\t\t\t\t\t\t<img fetchpriority=\"high\" decoding=\"async\" width=\"1024\" height=\"1024\" src=\"https:\/\/esatic.ci\/wp-content\/uploads\/2025\/10\/Reglement_interieur-1024x1024.jpg\" class=\"attachment-large size-large wp-image-12313\" alt=\"ESATIC educational regulations for students.\" srcset=\"https:\/\/esatic.ci\/wp-content\/uploads\/2025\/10\/Reglement_interieur-1024x1024.jpg 1024w, https:\/\/esatic.ci\/wp-content\/uploads\/2025\/10\/Reglement_interieur-300x300.jpg 300w, https:\/\/esatic.ci\/wp-content\/uploads\/2025\/10\/Reglement_interieur-150x150.jpg 150w, https:\/\/esatic.ci\/wp-content\/uploads\/2025\/10\/Reglement_interieur-768x768.jpg 768w, https:\/\/esatic.ci\/wp-content\/uploads\/2025\/10\/Reglement_interieur-1536x1536.jpg 1536w, https:\/\/esatic.ci\/wp-content\/uploads\/2025\/10\/Reglement_interieur-2048x2048.jpg 2048w, https:\/\/esatic.ci\/wp-content\/uploads\/2025\/10\/Reglement_interieur-500x500.jpg 500w\" sizes=\"(max-width: 1024px) 100vw, 1024px\" \/>\t\t\t\t\t\t\t\t\t\t\t\t\t<\/div>\n\t\t\t\t<\/div>\n\t\t\t\t\t<\/div>\n\t\t<\/div>\n\t\t\t\t\t<\/div>\n\t\t<\/section>\n\t\t<div class=\"elementor-element elementor-element-7d06b49 e-flex e-con-boxed wpr-particle-no wpr-jarallax-no wpr-parallax-no wpr-sticky-section-no e-con e-parent\" data-id=\"7d06b49\" data-element_type=\"container\" data-settings=\"{&quot;background_background&quot;:&quot;classic&quot;}\">\n\t\t\t\t\t<div class=\"e-con-inner\">\n\t\t\t\t\t<\/div>\n\t\t\t\t<\/div>\n\t\t\t\t<\/div>","protected":false},"excerpt":{"rendered":"<p>Le r\u00e8glement p\u00e9dagogique Le r\u00e8glement p\u00e9dagogique pr\u00e9cise les proc\u00e9dures qui encadrent les \u00e9tudes \u00e0 l&rsquo;ESATIC. Il fixe les conditions d&rsquo;admission des apprenants, le r\u00e9gime et la dur\u00e9e des \u00e9tudes, les r\u00e8gles d&rsquo;\u00e9valuation, les modalit\u00e9s de validation d&rsquo;un semestre et de l&rsquo;ann\u00e9e acad\u00e9mique, les modalit\u00e9s d&rsquo;organisation et de validation des projets internes et de fin d&rsquo;\u00e9tudes (stage). T\u00e9l\u00e9charger le guide<\/p>","protected":false},"author":5,"featured_media":0,"parent":0,"menu_order":0,"comment_status":"closed","ping_status":"closed","template":"","meta":{"footnotes":""},"class_list":["post-7931","page","type-page","status-publish","hentry"],"featured_image_src":null,"yoast_head":"<!-- This site is optimized with the Yoast SEO plugin v27.4 - https:\/\/yoast.com\/product\/yoast-seo-wordpress\/ -->\n<title>R\u00e8glement P\u00e9dagogique ESATIC \u2013 Guide de r\u00e8glement<\/title>\n<meta name=\"description\" content=\"D\u00e9couvrez le R\u00e8glement P\u00e9dagogique ESATIC, comprenant toutes les r\u00e8gles, proc\u00e9dures et droits des \u00e9tudiants.\" \/>\n<meta name=\"robots\" content=\"index, follow, max-snippet:-1, max-image-preview:large, max-video-preview:-1\" \/>\n<link rel=\"canonical\" href=\"https:\/\/esatic.ci\/en\/internal-regulations\/\" \/>\n<meta property=\"og:locale\" content=\"en_US\" \/>\n<meta property=\"og:type\" content=\"article\" \/>\n<meta property=\"og:title\" content=\"R\u00e8glement P\u00e9dagogique ESATIC \u2013 Guide de r\u00e8glement\" \/>\n<meta property=\"og:description\" content=\"D\u00e9couvrez le R\u00e8glement P\u00e9dagogique ESATIC, comprenant toutes les r\u00e8gles, proc\u00e9dures et droits des \u00e9tudiants.\" \/>\n<meta property=\"og:url\" content=\"https:\/\/esatic.ci\/en\/internal-regulations\/\" \/>\n<meta property=\"og:site_name\" content=\"ESATIC\" \/>\n<meta property=\"article:publisher\" content=\"https:\/\/www.facebook.com\/EsaticOfficielle\/?locale=fr_FR\" \/>\n<meta property=\"article:modified_time\" content=\"2025-11-19T17:26:01+00:00\" \/>\n<meta property=\"og:image\" content=\"https:\/\/esatic.ci\/wp-content\/uploads\/2024\/10\/laws.png\" \/>\n<meta name=\"twitter:card\" content=\"summary_large_image\" \/>\n<meta name=\"twitter:label1\" content=\"Est. reading time\" \/>\n\t<meta name=\"twitter:data1\" content=\"1 minute\" \/>\n<script type=\"application\/ld+json\" class=\"yoast-schema-graph\">{\"@context\":\"https:\\\/\\\/schema.org\",\"@graph\":[{\"@type\":\"WebPage\",\"@id\":\"https:\\\/\\\/esatic.ci\\\/reglement-interieur\\\/\",\"url\":\"https:\\\/\\\/esatic.ci\\\/reglement-interieur\\\/\",\"name\":\"R\u00e8glement P\u00e9dagogique ESATIC \u2013 Guide de r\u00e8glement\",\"isPartOf\":{\"@id\":\"https:\\\/\\\/esatic.ci\\\/#website\"},\"primaryImageOfPage\":{\"@id\":\"https:\\\/\\\/esatic.ci\\\/reglement-interieur\\\/#primaryimage\"},\"image\":{\"@id\":\"https:\\\/\\\/esatic.ci\\\/reglement-interieur\\\/#primaryimage\"},\"thumbnailUrl\":\"https:\\\/\\\/esatic.ci\\\/wp-content\\\/uploads\\\/2024\\\/10\\\/laws.png\",\"datePublished\":\"2024-10-08T11:35:33+00:00\",\"dateModified\":\"2025-11-19T17:26:01+00:00\",\"description\":\"D\u00e9couvrez le R\u00e8glement P\u00e9dagogique ESATIC, comprenant toutes les r\u00e8gles, proc\u00e9dures et droits des \u00e9tudiants.\",\"breadcrumb\":{\"@id\":\"https:\\\/\\\/esatic.ci\\\/reglement-interieur\\\/#breadcrumb\"},\"inLanguage\":\"en-US\",\"potentialAction\":[{\"@type\":\"ReadAction\",\"target\":[\"https:\\\/\\\/esatic.ci\\\/reglement-interieur\\\/\"]}]},{\"@type\":\"ImageObject\",\"inLanguage\":\"en-US\",\"@id\":\"https:\\\/\\\/esatic.ci\\\/reglement-interieur\\\/#primaryimage\",\"url\":\"https:\\\/\\\/esatic.ci\\\/wp-content\\\/uploads\\\/2024\\\/10\\\/laws.png\",\"contentUrl\":\"https:\\\/\\\/esatic.ci\\\/wp-content\\\/uploads\\\/2024\\\/10\\\/laws.png\"},{\"@type\":\"BreadcrumbList\",\"@id\":\"https:\\\/\\\/esatic.ci\\\/reglement-interieur\\\/#breadcrumb\",\"itemListElement\":[{\"@type\":\"ListItem\",\"position\":1,\"name\":\"Accueil\",\"item\":\"https:\\\/\\\/esatic.ci\\\/\"},{\"@type\":\"ListItem\",\"position\":2,\"name\":\"REGLEMENT PEDAGOGIQUE\"}]},{\"@type\":\"WebSite\",\"@id\":\"https:\\\/\\\/esatic.ci\\\/#website\",\"url\":\"https:\\\/\\\/esatic.ci\\\/\",\"name\":\"ESATIC\",\"description\":\"Ecole Sup\u00e9rieure Africaine des Technologies de l&#039;Information et de la Communication\",\"publisher\":{\"@id\":\"https:\\\/\\\/esatic.ci\\\/#organization\"},\"potentialAction\":[{\"@type\":\"SearchAction\",\"target\":{\"@type\":\"EntryPoint\",\"urlTemplate\":\"https:\\\/\\\/esatic.ci\\\/?s={search_term_string}\"},\"query-input\":{\"@type\":\"PropertyValueSpecification\",\"valueRequired\":true,\"valueName\":\"search_term_string\"}}],\"inLanguage\":\"en-US\"},{\"@type\":\"Organization\",\"@id\":\"https:\\\/\\\/esatic.ci\\\/#organization\",\"name\":\"ESATIC\",\"url\":\"https:\\\/\\\/esatic.ci\\\/\",\"logo\":{\"@type\":\"ImageObject\",\"inLanguage\":\"en-US\",\"@id\":\"https:\\\/\\\/esatic.ci\\\/#\\\/schema\\\/logo\\\/image\\\/\",\"url\":\"https:\\\/\\\/esatic.ci\\\/wp-content\\\/uploads\\\/2024\\\/10\\\/presentation_esatic.jpg\",\"contentUrl\":\"https:\\\/\\\/esatic.ci\\\/wp-content\\\/uploads\\\/2024\\\/10\\\/presentation_esatic.jpg\",\"width\":1043,\"height\":418,\"caption\":\"ESATIC\"},\"image\":{\"@id\":\"https:\\\/\\\/esatic.ci\\\/#\\\/schema\\\/logo\\\/image\\\/\"},\"sameAs\":[\"https:\\\/\\\/www.facebook.com\\\/EsaticOfficielle\\\/?locale=fr_FR\",\"https:\\\/\\\/www.linkedin.com\\\/school\\\/esaticofficielle\"]}]}<\/script>\n<!-- \/ Yoast SEO plugin. -->","yoast_head_json":{"title":"R\u00e8glement P\u00e9dagogique ESATIC - Payment Guide","description":"Discover the ESATIC Pedagogical Regulations, including all the rules, procedures and rights of students.","robots":{"index":"index","follow":"follow","max-snippet":"max-snippet:-1","max-image-preview":"max-image-preview:large","max-video-preview":"max-video-preview:-1"},"canonical":"https:\/\/esatic.ci\/en\/internal-regulations\/","og_locale":"en_US","og_type":"article","og_title":"R\u00e8glement P\u00e9dagogique ESATIC \u2013 Guide de r\u00e8glement","og_description":"D\u00e9couvrez le R\u00e8glement P\u00e9dagogique ESATIC, comprenant toutes les r\u00e8gles, proc\u00e9dures et droits des \u00e9tudiants.","og_url":"https:\/\/esatic.ci\/en\/internal-regulations\/","og_site_name":"ESATIC","article_publisher":"https:\/\/www.facebook.com\/EsaticOfficielle\/?locale=fr_FR","article_modified_time":"2025-11-19T17:26:01+00:00","og_image":[{"url":"https:\/\/esatic.ci\/wp-content\/uploads\/2024\/10\/laws.png","type":"","width":"","height":""}],"twitter_card":"summary_large_image","twitter_misc":{"Est. reading time":"1 minute"},"schema":{"@context":"https:\/\/schema.org","@graph":[{"@type":"WebPage","@id":"https:\/\/esatic.ci\/reglement-interieur\/","url":"https:\/\/esatic.ci\/reglement-interieur\/","name":"R\u00e8glement P\u00e9dagogique ESATIC - Payment Guide","isPartOf":{"@id":"https:\/\/esatic.ci\/#website"},"primaryImageOfPage":{"@id":"https:\/\/esatic.ci\/reglement-interieur\/#primaryimage"},"image":{"@id":"https:\/\/esatic.ci\/reglement-interieur\/#primaryimage"},"thumbnailUrl":"https:\/\/esatic.ci\/wp-content\/uploads\/2024\/10\/laws.png","datePublished":"2024-10-08T11:35:33+00:00","dateModified":"2025-11-19T17:26:01+00:00","description":"Discover the ESATIC Pedagogical Regulations, including all the rules, procedures and rights of students.","breadcrumb":{"@id":"https:\/\/esatic.ci\/reglement-interieur\/#breadcrumb"},"inLanguage":"en-US","potentialAction":[{"@type":"ReadAction","target":["https:\/\/esatic.ci\/reglement-interieur\/"]}]},{"@type":"ImageObject","inLanguage":"en-US","@id":"https:\/\/esatic.ci\/reglement-interieur\/#primaryimage","url":"https:\/\/esatic.ci\/wp-content\/uploads\/2024\/10\/laws.png","contentUrl":"https:\/\/esatic.ci\/wp-content\/uploads\/2024\/10\/laws.png"},{"@type":"BreadcrumbList","@id":"https:\/\/esatic.ci\/reglement-interieur\/#breadcrumb","itemListElement":[{"@type":"ListItem","position":1,"name":"Accueil","item":"https:\/\/esatic.ci\/"},{"@type":"ListItem","position":2,"name":"REGLEMENT PEDAGOGIQUE"}]},{"@type":"WebSite","@id":"https:\/\/esatic.ci\/#website","url":"https:\/\/esatic.ci\/","name":"ESATIC","description":"African College of Information and Communication Technologies","publisher":{"@id":"https:\/\/esatic.ci\/#organization"},"potentialAction":[{"@type":"SearchAction","target":{"@type":"EntryPoint","urlTemplate":"https:\/\/esatic.ci\/?s={search_term_string}"},"query-input":{"@type":"PropertyValueSpecification","valueRequired":true,"valueName":"search_term_string"}}],"inLanguage":"en-US"},{"@type":"Organization","@id":"https:\/\/esatic.ci\/#organization","name":"ESATIC","url":"https:\/\/esatic.ci\/","logo":{"@type":"ImageObject","inLanguage":"en-US","@id":"https:\/\/esatic.ci\/#\/schema\/logo\/image\/","url":"https:\/\/esatic.ci\/wp-content\/uploads\/2024\/10\/presentation_esatic.jpg","contentUrl":"https:\/\/esatic.ci\/wp-content\/uploads\/2024\/10\/presentation_esatic.jpg","width":1043,"height":418,"caption":"ESATIC"},"image":{"@id":"https:\/\/esatic.ci\/#\/schema\/logo\/image\/"},"sameAs":["https:\/\/www.facebook.com\/EsaticOfficielle\/?locale=fr_FR","https:\/\/www.linkedin.com\/school\/esaticofficielle"]}]}},"_links":{"self":[{"href":"https:\/\/esatic.ci\/en\/wp-json\/wp\/v2\/pages\/7931","targetHints":{"allow":["GET"]}}],"collection":[{"href":"https:\/\/esatic.ci\/en\/wp-json\/wp\/v2\/pages"}],"about":[{"href":"https:\/\/esatic.ci\/en\/wp-json\/wp\/v2\/types\/page"}],"author":[{"embeddable":true,"href":"https:\/\/esatic.ci\/en\/wp-json\/wp\/v2\/users\/5"}],"replies":[{"embeddable":true,"href":"https:\/\/esatic.ci\/en\/wp-json\/wp\/v2\/comments?post=7931"}],"version-history":[{"count":5,"href":"https:\/\/esatic.ci\/en\/wp-json\/wp\/v2\/pages\/7931\/revisions"}],"predecessor-version":[{"id":12600,"href":"https:\/\/esatic.ci\/en\/wp-json\/wp\/v2\/pages\/7931\/revisions\/12600"}],"wp:attachment":[{"href":"https:\/\/esatic.ci\/en\/wp-json\/wp\/v2\/media?parent=7931"}],"curies":[{"name":"wp","href":"https:\/\/api.w.org\/{rel}","templated":true}]}}