{"id":7707,"date":"2024-10-07T16:58:27","date_gmt":"2024-10-07T14:58:27","guid":{"rendered":"https:\/\/esatic.ci\/?page_id=7707"},"modified":"2026-04-02T00:04:57","modified_gmt":"2026-04-02T00:04:57","slug":"master-digital-management-and-information-systems","status":"publish","type":"page","link":"https:\/\/esatic.ci\/en\/master-digital-management-and-information-systems\/","title":{"rendered":"Master in Digital Management of Information Systems - MDSI"},"content":{"rendered":"","protected":false},"excerpt":{"rendered":"","protected":false},"author":3,"featured_media":11281,"parent":0,"menu_order":0,"comment_status":"closed","ping_status":"closed","template":"","meta":{"footnotes":""},"class_list":["post-7707","page","type-page","status-publish","has-post-thumbnail","hentry"],"featured_image_src":"https:\/\/esatic.ci\/wp-content\/uploads\/2025\/03\/esatic_MASTER_MDSI.jpg","yoast_head":"<!-- This site is optimized with the Yoast SEO plugin v27.4 - https:\/\/yoast.com\/product\/yoast-seo-wordpress\/ -->\n<title>Master Management Digital des Syst\u00e8mes d\u2019Information<\/title>\n<meta name=\"description\" content=\"Le Master MDSI est une formation professionnalisante totalement orient\u00e9e autour de la strat\u00e9gie digitale la mieux adapt\u00e9e \u00e0 l\u2019entreprise.\" \/>\n<meta name=\"robots\" content=\"index, follow, max-snippet:-1, max-image-preview:large, max-video-preview:-1\" \/>\n<link rel=\"canonical\" href=\"https:\/\/esatic.ci\/en\/master-digital-management-and-information-systems\/\" \/>\n<meta property=\"og:locale\" content=\"en_US\" \/>\n<meta property=\"og:type\" content=\"article\" \/>\n<meta property=\"og:title\" content=\"Master Management Digital des Syst\u00e8mes d\u2019Information\" \/>\n<meta property=\"og:description\" content=\"Le Master MDSI est une formation professionnalisante totalement orient\u00e9e autour de la strat\u00e9gie digitale la mieux adapt\u00e9e \u00e0 l\u2019entreprise.\" \/>\n<meta property=\"og:url\" content=\"https:\/\/esatic.ci\/en\/master-digital-management-and-information-systems\/\" \/>\n<meta property=\"og:site_name\" content=\"ESATIC\" \/>\n<meta property=\"article:publisher\" content=\"https:\/\/www.facebook.com\/EsaticOfficielle\/?locale=fr_FR\" \/>\n<meta property=\"article:modified_time\" content=\"2026-04-02T00:04:57+00:00\" \/>\n<meta property=\"og:image\" content=\"https:\/\/esatic.ci\/wp-content\/uploads\/2025\/03\/esatic_MASTER_MDSI.jpg\" \/>\n\t<meta property=\"og:image:width\" content=\"2085\" \/>\n\t<meta property=\"og:image:height\" content=\"2084\" \/>\n\t<meta property=\"og:image:type\" content=\"image\/jpeg\" \/>\n<meta name=\"twitter:card\" content=\"summary_large_image\" \/>\n<meta name=\"twitter:label1\" content=\"Est. reading time\" \/>\n\t<meta name=\"twitter:data1\" content=\"1 minute\" \/>\n<script type=\"application\/ld+json\" class=\"yoast-schema-graph\">{\"@context\":\"https:\\\/\\\/schema.org\",\"@graph\":[{\"@type\":\"WebPage\",\"@id\":\"https:\\\/\\\/esatic.ci\\\/master-management-digital-et-systemes-d-information\\\/\",\"url\":\"https:\\\/\\\/esatic.ci\\\/master-management-digital-et-systemes-d-information\\\/\",\"name\":\"Master Management Digital des Syst\u00e8mes d\u2019Information\",\"isPartOf\":{\"@id\":\"https:\\\/\\\/esatic.ci\\\/#website\"},\"primaryImageOfPage\":{\"@id\":\"https:\\\/\\\/esatic.ci\\\/master-management-digital-et-systemes-d-information\\\/#primaryimage\"},\"image\":{\"@id\":\"https:\\\/\\\/esatic.ci\\\/master-management-digital-et-systemes-d-information\\\/#primaryimage\"},\"thumbnailUrl\":\"https:\\\/\\\/esatic.ci\\\/wp-content\\\/uploads\\\/2025\\\/03\\\/esatic_MASTER_MDSI.jpg\",\"datePublished\":\"2024-10-07T14:58:27+00:00\",\"dateModified\":\"2026-04-02T00:04:57+00:00\",\"description\":\"Le Master MDSI est une formation professionnalisante totalement orient\u00e9e autour de la strat\u00e9gie digitale la mieux adapt\u00e9e \u00e0 l\u2019entreprise.\",\"breadcrumb\":{\"@id\":\"https:\\\/\\\/esatic.ci\\\/master-management-digital-et-systemes-d-information\\\/#breadcrumb\"},\"inLanguage\":\"en-US\",\"potentialAction\":[{\"@type\":\"ReadAction\",\"target\":[\"https:\\\/\\\/esatic.ci\\\/master-management-digital-et-systemes-d-information\\\/\"]}]},{\"@type\":\"ImageObject\",\"inLanguage\":\"en-US\",\"@id\":\"https:\\\/\\\/esatic.ci\\\/master-management-digital-et-systemes-d-information\\\/#primaryimage\",\"url\":\"https:\\\/\\\/esatic.ci\\\/wp-content\\\/uploads\\\/2025\\\/03\\\/esatic_MASTER_MDSI.jpg\",\"contentUrl\":\"https:\\\/\\\/esatic.ci\\\/wp-content\\\/uploads\\\/2025\\\/03\\\/esatic_MASTER_MDSI.jpg\",\"width\":2085,\"height\":2084},{\"@type\":\"BreadcrumbList\",\"@id\":\"https:\\\/\\\/esatic.ci\\\/master-management-digital-et-systemes-d-information\\\/#breadcrumb\",\"itemListElement\":[{\"@type\":\"ListItem\",\"position\":1,\"name\":\"Accueil\",\"item\":\"https:\\\/\\\/esatic.ci\\\/\"},{\"@type\":\"ListItem\",\"position\":2,\"name\":\"Master Management Digital des Syst\u00e8mes d\u2019Information &#8211; MDSI\"}]},{\"@type\":\"WebSite\",\"@id\":\"https:\\\/\\\/esatic.ci\\\/#website\",\"url\":\"https:\\\/\\\/esatic.ci\\\/\",\"name\":\"ESATIC\",\"description\":\"Ecole Sup\u00e9rieure Africaine des Technologies de l&#039;Information et de la Communication\",\"publisher\":{\"@id\":\"https:\\\/\\\/esatic.ci\\\/#organization\"},\"potentialAction\":[{\"@type\":\"SearchAction\",\"target\":{\"@type\":\"EntryPoint\",\"urlTemplate\":\"https:\\\/\\\/esatic.ci\\\/?s={search_term_string}\"},\"query-input\":{\"@type\":\"PropertyValueSpecification\",\"valueRequired\":true,\"valueName\":\"search_term_string\"}}],\"inLanguage\":\"en-US\"},{\"@type\":\"Organization\",\"@id\":\"https:\\\/\\\/esatic.ci\\\/#organization\",\"name\":\"ESATIC\",\"url\":\"https:\\\/\\\/esatic.ci\\\/\",\"logo\":{\"@type\":\"ImageObject\",\"inLanguage\":\"en-US\",\"@id\":\"https:\\\/\\\/esatic.ci\\\/#\\\/schema\\\/logo\\\/image\\\/\",\"url\":\"https:\\\/\\\/esatic.ci\\\/wp-content\\\/uploads\\\/2024\\\/10\\\/presentation_esatic.jpg\",\"contentUrl\":\"https:\\\/\\\/esatic.ci\\\/wp-content\\\/uploads\\\/2024\\\/10\\\/presentation_esatic.jpg\",\"width\":1043,\"height\":418,\"caption\":\"ESATIC\"},\"image\":{\"@id\":\"https:\\\/\\\/esatic.ci\\\/#\\\/schema\\\/logo\\\/image\\\/\"},\"sameAs\":[\"https:\\\/\\\/www.facebook.com\\\/EsaticOfficielle\\\/?locale=fr_FR\",\"https:\\\/\\\/www.linkedin.com\\\/school\\\/esaticofficielle\"]}]}<\/script>\n<!-- \/ Yoast SEO plugin. -->","yoast_head_json":{"title":"Digital Management of Information Systems","description":"The MDSI Master's program is a professional training program entirely focused on the digital strategy best suited for a company.","robots":{"index":"index","follow":"follow","max-snippet":"max-snippet:-1","max-image-preview":"max-image-preview:large","max-video-preview":"max-video-preview:-1"},"canonical":"https:\/\/esatic.ci\/en\/master-digital-management-and-information-systems\/","og_locale":"en_US","og_type":"article","og_title":"Master Management Digital des Syst\u00e8mes d\u2019Information","og_description":"Le Master MDSI est une formation professionnalisante totalement orient\u00e9e autour de la strat\u00e9gie digitale la mieux adapt\u00e9e \u00e0 l\u2019entreprise.","og_url":"https:\/\/esatic.ci\/en\/master-digital-management-and-information-systems\/","og_site_name":"ESATIC","article_publisher":"https:\/\/www.facebook.com\/EsaticOfficielle\/?locale=fr_FR","article_modified_time":"2026-04-02T00:04:57+00:00","og_image":[{"width":2085,"height":2084,"url":"https:\/\/esatic.ci\/wp-content\/uploads\/2025\/03\/esatic_MASTER_MDSI.jpg","type":"image\/jpeg"}],"twitter_card":"summary_large_image","twitter_misc":{"Est. reading time":"1 minute"},"schema":{"@context":"https:\/\/schema.org","@graph":[{"@type":"WebPage","@id":"https:\/\/esatic.ci\/master-management-digital-et-systemes-d-information\/","url":"https:\/\/esatic.ci\/master-management-digital-et-systemes-d-information\/","name":"Digital Management of Information Systems","isPartOf":{"@id":"https:\/\/esatic.ci\/#website"},"primaryImageOfPage":{"@id":"https:\/\/esatic.ci\/master-management-digital-et-systemes-d-information\/#primaryimage"},"image":{"@id":"https:\/\/esatic.ci\/master-management-digital-et-systemes-d-information\/#primaryimage"},"thumbnailUrl":"https:\/\/esatic.ci\/wp-content\/uploads\/2025\/03\/esatic_MASTER_MDSI.jpg","datePublished":"2024-10-07T14:58:27+00:00","dateModified":"2026-04-02T00:04:57+00:00","description":"The MDSI Master's program is a professional training program entirely focused on the digital strategy best suited for a company.","breadcrumb":{"@id":"https:\/\/esatic.ci\/master-management-digital-et-systemes-d-information\/#breadcrumb"},"inLanguage":"en-US","potentialAction":[{"@type":"ReadAction","target":["https:\/\/esatic.ci\/master-management-digital-et-systemes-d-information\/"]}]},{"@type":"ImageObject","inLanguage":"en-US","@id":"https:\/\/esatic.ci\/master-management-digital-et-systemes-d-information\/#primaryimage","url":"https:\/\/esatic.ci\/wp-content\/uploads\/2025\/03\/esatic_MASTER_MDSI.jpg","contentUrl":"https:\/\/esatic.ci\/wp-content\/uploads\/2025\/03\/esatic_MASTER_MDSI.jpg","width":2085,"height":2084},{"@type":"BreadcrumbList","@id":"https:\/\/esatic.ci\/master-management-digital-et-systemes-d-information\/#breadcrumb","itemListElement":[{"@type":"ListItem","position":1,"name":"Accueil","item":"https:\/\/esatic.ci\/"},{"@type":"ListItem","position":2,"name":"Master Management Digital des Syst\u00e8mes d\u2019Information &#8211; MDSI"}]},{"@type":"WebSite","@id":"https:\/\/esatic.ci\/#website","url":"https:\/\/esatic.ci\/","name":"ESATIC","description":"African College of Information and Communication Technologies","publisher":{"@id":"https:\/\/esatic.ci\/#organization"},"potentialAction":[{"@type":"SearchAction","target":{"@type":"EntryPoint","urlTemplate":"https:\/\/esatic.ci\/?s={search_term_string}"},"query-input":{"@type":"PropertyValueSpecification","valueRequired":true,"valueName":"search_term_string"}}],"inLanguage":"en-US"},{"@type":"Organization","@id":"https:\/\/esatic.ci\/#organization","name":"ESATIC","url":"https:\/\/esatic.ci\/","logo":{"@type":"ImageObject","inLanguage":"en-US","@id":"https:\/\/esatic.ci\/#\/schema\/logo\/image\/","url":"https:\/\/esatic.ci\/wp-content\/uploads\/2024\/10\/presentation_esatic.jpg","contentUrl":"https:\/\/esatic.ci\/wp-content\/uploads\/2024\/10\/presentation_esatic.jpg","width":1043,"height":418,"caption":"ESATIC"},"image":{"@id":"https:\/\/esatic.ci\/#\/schema\/logo\/image\/"},"sameAs":["https:\/\/www.facebook.com\/EsaticOfficielle\/?locale=fr_FR","https:\/\/www.linkedin.com\/school\/esaticofficielle"]}]}},"_links":{"self":[{"href":"https:\/\/esatic.ci\/en\/wp-json\/wp\/v2\/pages\/7707","targetHints":{"allow":["GET"]}}],"collection":[{"href":"https:\/\/esatic.ci\/en\/wp-json\/wp\/v2\/pages"}],"about":[{"href":"https:\/\/esatic.ci\/en\/wp-json\/wp\/v2\/types\/page"}],"author":[{"embeddable":true,"href":"https:\/\/esatic.ci\/en\/wp-json\/wp\/v2\/users\/3"}],"replies":[{"embeddable":true,"href":"https:\/\/esatic.ci\/en\/wp-json\/wp\/v2\/comments?post=7707"}],"version-history":[{"count":6,"href":"https:\/\/esatic.ci\/en\/wp-json\/wp\/v2\/pages\/7707\/revisions"}],"predecessor-version":[{"id":14123,"href":"https:\/\/esatic.ci\/en\/wp-json\/wp\/v2\/pages\/7707\/revisions\/14123"}],"wp:featuredmedia":[{"embeddable":true,"href":"https:\/\/esatic.ci\/en\/wp-json\/wp\/v2\/media\/11281"}],"wp:attachment":[{"href":"https:\/\/esatic.ci\/en\/wp-json\/wp\/v2\/media?parent=7707"}],"curies":[{"name":"wp","href":"https:\/\/api.w.org\/{rel}","templated":true}]}}