{"id":7593,"date":"2024-10-07T11:59:57","date_gmt":"2024-10-07T09:59:57","guid":{"rendered":"https:\/\/esatic.ci\/?page_id=7593"},"modified":"2025-11-19T18:59:21","modified_gmt":"2025-11-19T18:59:21","slug":"the-right-reasons","status":"publish","type":"page","link":"https:\/\/esatic.ci\/en\/the-right-reasons\/","title":{"rendered":"WHY INTEGRATE THE ESATIC?"},"content":{"rendered":"<p><span style=\"color: #000000;\"><\/span><\/p>\r\n<p><span style=\"color: #000000;\">Enrolling at ESATIC offers several advantages, particularly for those who wish to pursue a career in the field of information and communication technologies (ICT). Here are a few reasons why joining ESATIC:<\/span><\/p>\r\n<p><span style=\"color: #000000;\">\r\n\r\n<\/span><\/p>\r\n<hr class=\"wp-block-separator has-text-color has-white-color has-alpha-channel-opacity has-white-background-color has-background is-style-dots\" \/>\r\n<p><span style=\"color: #000000;\">\r\n\r\n<\/span><\/p>\r\n<div class=\"wp-block-media-text has-media-on-the-right is-stacked-on-mobile has-medium-font-size\">\r\n<div class=\"wp-block-media-text__content\"><span style=\"color: #000000;\"><\/span>\r\n<h4 class=\"wp-block-heading\"><span style=\"color: #000000;\">A highly qualified teaching staff in the field of ICT<\/span><\/h4>\r\n<span style=\"color: #000000;\">\r\n\r\n<\/span>\r\n<p><span style=\"color: #000000;\">Composed of Doctors and Professors, this qualified teaching staff makes ESATIC a prestigious institution, where students can benefit from rigorous, up-to-date training adapted to the demands of the ICT market.<\/span><\/p>\r\n<span style=\"color: #000000;\"><\/span><\/div>\r\n<figure class=\"wp-block-media-text__media\"><span style=\"color: #000000;\"><img decoding=\"async\" class=\"wp-image-7643 size-full\" src=\"https:\/\/esatic.ci\/wp-content\/uploads\/2024\/10\/ens.png\" alt=\"\"><\/span><\/figure>\r\n<\/div>\r\n<p><span style=\"color: #000000;\">\r\n\r\n<\/span><\/p>\r\n<hr class=\"wp-block-separator has-text-color has-white-color has-alpha-channel-opacity has-white-background-color has-background is-style-dots\" \/>\r\n<p><span style=\"color: #000000;\">\r\n\r\n<\/span><\/p>\r\n<div class=\"wp-block-media-text is-stacked-on-mobile has-medium-font-size\">\r\n<figure class=\"wp-block-media-text__media\"><span style=\"color: #000000;\"><img decoding=\"async\" class=\"wp-image-7647 size-full\" src=\"https:\/\/esatic.ci\/wp-content\/uploads\/2024\/10\/rech.png\" alt=\"\"><\/span><\/figure>\r\n<div class=\"wp-block-media-text__content\"><span style=\"color: #000000;\"><\/span>\r\n<h4 class=\"wp-block-heading\"><span style=\"color: #000000;\">Research &amp; Innovation<\/span><\/h4>\r\n<span style=\"color: #000000;\">\r\n\r\n<\/span>\r\n<p><span style=\"color: #000000;\">Thanks to the presence of qualified researchers, ESATIC actively participates in ICT research projects. Students have the opportunity to join innovative projects and benefit from the expertise of their teachers in cutting-edge fields such as artificial intelligence, cybersecurity, and telecommunications networks.<\/span><\/p>\r\n<span style=\"color: #000000;\"><\/span><\/div>\r\n<\/div>\r\n<p><span style=\"color: #000000;\">\r\n\r\n<\/span><\/p>\r\n<hr class=\"wp-block-separator has-text-color has-white-color has-alpha-channel-opacity has-white-background-color has-background is-style-dots\" \/>\r\n<p><span style=\"color: #000000;\">\r\n\r\n<\/span><\/p>\r\n<div class=\"wp-block-media-text has-media-on-the-right is-stacked-on-mobile has-medium-font-size\">\r\n<div class=\"wp-block-media-text__content\"><span style=\"color: #000000;\"><\/span>\r\n<h4 class=\"wp-block-heading\"><span style=\"color: #000000;\">Specialized ICT training<\/span><\/h4>\r\n<span style=\"color: #000000;\">\r\n\r\n<\/span>\r\n<p><span style=\"color: #000000;\">ESATIC offers cutting-edge training programs in information and communication technologies, which are essential in today's digital age. The school focuses on key areas such as networks, cybersecurity, artificial intelligence, and software development.<\/span><\/p>\r\n<span style=\"color: #000000;\"><\/span><\/div>\r\n<figure class=\"wp-block-media-text__media\"><span style=\"color: #000000;\"><img decoding=\"async\" class=\"wp-image-6791 size-full\" src=\"https:\/\/esatic.ci\/wp-content\/uploads\/2024\/07\/bg_bihar.png\" alt=\"\"><\/span><\/figure>\r\n<\/div>\r\n<p><span style=\"color: #000000;\">\r\n\r\n<\/span><\/p>\r\n<hr class=\"wp-block-separator has-text-color has-white-color has-alpha-channel-opacity has-white-background-color has-background is-style-dots\" \/>\r\n<p><span style=\"color: #000000;\">\r\n\r\n<\/span><\/p>\r\n<div class=\"wp-block-media-text is-stacked-on-mobile has-medium-font-size\">\r\n<figure class=\"wp-block-media-text__media\"><span style=\"color: #000000;\"><img fetchpriority=\"high\" decoding=\"async\" width=\"500\" height=\"335\" class=\"wp-image-7634 size-full\" src=\"https:\/\/esatic.ci\/wp-content\/uploads\/2024\/10\/partenariat.png\" alt=\"\" srcset=\"https:\/\/esatic.ci\/wp-content\/uploads\/2024\/10\/partenariat.png 500w, https:\/\/esatic.ci\/wp-content\/uploads\/2024\/10\/partenariat-300x201.png 300w\" sizes=\"(max-width: 500px) 100vw, 500px\" \/><\/span><\/figure>\r\n<div class=\"wp-block-media-text__content\"><span style=\"color: #000000;\"><\/span>\r\n<h4 class=\"wp-block-heading\"><span style=\"color: #000000;\">Academic excellence and reputation<\/span><\/h4>\r\n<span style=\"color: #000000;\">\r\n\r\n<\/span>\r\n<p><span style=\"color: #000000;\">ESATIC enjoys a solid reputation in West Africa for the quality of its training programs. It collaborates with international universities and companies, ensuring high-level diplomas and good recognition in the job market.<\/span><\/p>\r\n<span style=\"color: #000000;\"><\/span><\/div>\r\n<\/div>\r\n<p><span style=\"color: #000000;\">\r\n\r\n<\/span><\/p>\r\n<hr class=\"wp-block-separator has-text-color has-white-color has-alpha-channel-opacity has-white-background-color has-background is-style-dots\" \/>\r\n<p><span style=\"color: #000000;\">\r\n\r\n<\/span><\/p>\r\n<div class=\"wp-block-media-text has-media-on-the-right is-stacked-on-mobile has-medium-font-size\">\r\n<div class=\"wp-block-media-text__content\"><span style=\"color: #000000;\"><\/span>\r\n<h4 class=\"wp-block-heading\"><span style=\"color: #000000;\">Easier integration into the job market<\/span><\/h4>\r\n<span style=\"color: #000000;\">\r\n\r\n<\/span>\r\n<p><span style=\"color: #000000;\">The school maintains partnerships with many companies in the ICT sector. This allows students to access quality internships and job opportunities after graduation.<\/span><\/p>\r\n<span style=\"color: #000000;\"><\/span><\/div>\r\n<figure class=\"wp-block-media-text__media\"><span style=\"color: #000000;\"><img decoding=\"async\" width=\"500\" height=\"335\" class=\"wp-image-7625 size-full\" src=\"https:\/\/esatic.ci\/wp-content\/uploads\/2024\/10\/job.png\" alt=\"\" srcset=\"https:\/\/esatic.ci\/wp-content\/uploads\/2024\/10\/job.png 500w, https:\/\/esatic.ci\/wp-content\/uploads\/2024\/10\/job-300x201.png 300w\" sizes=\"(max-width: 500px) 100vw, 500px\" \/><\/span><\/figure>\r\n<\/div>\r\n<p><span style=\"color: #000000;\">\r\n\r\n<\/span><\/p>\r\n<hr class=\"wp-block-separator has-text-color has-white-color has-alpha-channel-opacity has-white-background-color has-background is-style-dots\" \/>\r\n<p><span style=\"color: #000000;\">\r\n\r\n<\/span><\/p>\r\n<div class=\"wp-block-media-text is-stacked-on-mobile has-medium-font-size\">\r\n<figure class=\"wp-block-media-text__media\"><span style=\"color: #000000;\"><img decoding=\"async\" class=\"wp-image-7629 size-full\" src=\"https:\/\/esatic.ci\/wp-content\/uploads\/2024\/10\/labo1-1024x683.jpg\" alt=\"\"><\/span><\/figure>\r\n<div class=\"wp-block-media-text__content\"><span style=\"color: #000000;\"><\/span>\r\n<h4 class=\"wp-block-heading\"><span style=\"color: #000000;\"><strong>Access to modern infrastructures<\/strong><\/span><\/h4>\r\n<span style=\"color: #000000;\">\r\n\r\n<\/span>\r\n<p><span style=\"color: #000000;\">The ESATIC is equipped with technological laboratories and modern equipment that allow students to gain valuable practical experience in their field of study.<\/span><\/p>\r\n<span style=\"color: #000000;\"><\/span><\/div>\r\n<\/div>\r\n<p><span style=\"color: #000000;\">\r\n\r\n<\/span><\/p>\r\n<hr class=\"wp-block-separator has-text-color has-white-color has-alpha-channel-opacity has-white-background-color has-background is-style-dots\" \/>\r\n<p><span style=\"color: #000000;\">\r\n\r\n<\/span><\/p>\r\n<div class=\"wp-block-media-text has-media-on-the-right is-stacked-on-mobile has-medium-font-size\">\r\n<div class=\"wp-block-media-text__content\"><span style=\"color: #000000;\"><\/span>\r\n<h4 class=\"wp-block-heading\"><span style=\"color: #000000;\">Focus on innovation and entrepreneurship<\/span><\/h4>\r\n<span style=\"color: #000000;\">\r\n\r\n<\/span>\r\n<p><span style=\"color: #000000;\">The school encourages innovation and offers support programs for students interested in entrepreneurship in the ICT sector, thereby fostering the creation of tech startups.<\/span><\/p>\r\n<span style=\"color: #000000;\"><\/span><\/div>\r\n<figure class=\"wp-block-media-text__media\"><span style=\"color: #000000;\"><img decoding=\"async\" width=\"500\" height=\"335\" class=\"wp-image-7637 size-full\" src=\"https:\/\/esatic.ci\/wp-content\/uploads\/2024\/10\/innov.png\" alt=\"\" srcset=\"https:\/\/esatic.ci\/wp-content\/uploads\/2024\/10\/innov.png 500w, https:\/\/esatic.ci\/wp-content\/uploads\/2024\/10\/innov-300x201.png 300w\" sizes=\"(max-width: 500px) 100vw, 500px\" \/><\/span><\/figure>\r\n<\/div>\r\n<p><span style=\"color: #000000;\">\r\n\r\n<\/span><\/p>\r\n<p>&nbsp;<\/p>\r\n<p><span style=\"color: #000000;\"><\/span><\/p>","protected":false},"excerpt":{"rendered":"<p>Int\u00e9grer l&rsquo;ESATIC pr\u00e9sente plusieurs avantages, en particulier pour ceux qui souhaitent faire carri\u00e8re dans le domaine des technologies de l&rsquo;information et de la communication (TIC). Voici quelques raisons pour lesquelles rejoindre l&rsquo;ESATIC : Un corps d&rsquo;enseignant hautement qualifi\u00e9 dans le domaine des TIC Compos\u00e9 de Docteurs et de Professeurs, ce corps d&rsquo;enseignants qualifi\u00e9 fait de l&rsquo;ESATIC un \u00e9tablissement prestigieux, o\u00f9 les \u00e9tudiants peuvent b\u00e9n\u00e9ficier d&rsquo;une formation rigoureuse, actualis\u00e9e, et adapt\u00e9e aux exigences du march\u00e9 des TIC. Recherche et Innovation Gr\u00e2ce \u00e0 la pr\u00e9sence de chercheurs qualifi\u00e9s, l&rsquo;ESATIC participe activement \u00e0 des projets de recherche en TIC. Les \u00e9tudiants ont l&rsquo;opportunit\u00e9 d&rsquo;int\u00e9grer des projets innovants et de b\u00e9n\u00e9ficier de l&rsquo;expertise de leurs enseignants dans des domaines de pointe tels que l&rsquo;intelligence artificielle, la cybers\u00e9curit\u00e9, ou encore les r\u00e9seaux de t\u00e9l\u00e9communications. Formations sp\u00e9cialis\u00e9es dans les TIC L&rsquo;ESATIC propose des programmes de formation pointus en technologies de l&rsquo;information et de la communication, qui sont essentiels dans l&rsquo;\u00e8re num\u00e9rique actuelle. L&rsquo;\u00e9cole se concentre sur des domaines cl\u00e9s comme les r\u00e9seaux, la cybers\u00e9curit\u00e9, l&rsquo;intelligence artificielle et le d\u00e9veloppement logiciel. Excellence acad\u00e9mique et r\u00e9putation L&rsquo;ESATIC jouit d&rsquo;une r\u00e9putation solide en Afrique de l&rsquo;Ouest pour la qualit\u00e9 de ses formations. Elle collabore avec des universit\u00e9s et entreprises internationales, garantissant des dipl\u00f4mes de haut niveau et une bonne reconnaissance sur le march\u00e9 du travail. Insertion professionnelle facilit\u00e9e L&rsquo;\u00e9cole entretient des partenariats avec de nombreuses entreprises du secteur des TIC. Cela permet aux \u00e9tudiants d&rsquo;acc\u00e9der \u00e0 des stages de qualit\u00e9 et \u00e0 des opportunit\u00e9s d&#8217;emploi apr\u00e8s l&rsquo;obtention du dipl\u00f4me. Acc\u00e8s \u00e0 des infrastructures modernes L&rsquo;ESATIC est \u00e9quip\u00e9e de laboratoires technologiques et d&rsquo;\u00e9quipements modernes qui permettent aux \u00e9tudiants d&rsquo;acqu\u00e9rir une exp\u00e9rience pratique pr\u00e9cieuse dans leur domaine d&rsquo;\u00e9tude. Focus sur l&rsquo;innovation et l&rsquo;entrepreneuriat L&rsquo;\u00e9cole encourage l&rsquo;innovation et propose des programmes d&rsquo;accompagnement pour les \u00e9tudiants int\u00e9ress\u00e9s par l&rsquo;entrepreneuriat dans le domaine des TIC, favorisant ainsi la cr\u00e9ation de startups technologiques. &nbsp;<\/p>","protected":false},"author":4,"featured_media":0,"parent":0,"menu_order":0,"comment_status":"closed","ping_status":"closed","template":"","meta":{"footnotes":""},"class_list":["post-7593","page","type-page","status-publish","hentry"],"featured_image_src":null,"yoast_head":"<!-- This site is optimized with the Yoast SEO plugin v27.4 - https:\/\/yoast.com\/product\/yoast-seo-wordpress\/ -->\n<title>POURQUOI INTEGRER L&#039;ESATIC ? - ESATIC<\/title>\n<meta name=\"description\" content=\"Les bonnes raisons pour int\u00e9grer l&#039;ESATIC.\" \/>\n<meta name=\"robots\" content=\"index, follow, max-snippet:-1, max-image-preview:large, max-video-preview:-1\" \/>\n<link rel=\"canonical\" href=\"https:\/\/esatic.ci\/en\/the-right-reasons\/\" \/>\n<meta property=\"og:locale\" content=\"en_US\" \/>\n<meta property=\"og:type\" content=\"article\" \/>\n<meta property=\"og:title\" content=\"POURQUOI INTEGRER L&#039;ESATIC ? - ESATIC\" \/>\n<meta property=\"og:description\" content=\"Les bonnes raisons pour int\u00e9grer l&#039;ESATIC.\" \/>\n<meta property=\"og:url\" content=\"https:\/\/esatic.ci\/en\/the-right-reasons\/\" \/>\n<meta property=\"og:site_name\" content=\"ESATIC\" \/>\n<meta property=\"article:publisher\" content=\"https:\/\/www.facebook.com\/EsaticOfficielle\/?locale=fr_FR\" \/>\n<meta property=\"article:modified_time\" content=\"2025-11-19T18:59:21+00:00\" \/>\n<meta name=\"twitter:card\" content=\"summary_large_image\" \/>\n<meta name=\"twitter:label1\" content=\"Est. reading time\" \/>\n\t<meta name=\"twitter:data1\" content=\"3 minutes\" \/>\n<script type=\"application\/ld+json\" class=\"yoast-schema-graph\">{\"@context\":\"https:\\\/\\\/schema.org\",\"@graph\":[{\"@type\":\"WebPage\",\"@id\":\"https:\\\/\\\/esatic.ci\\\/les-bonnes-raisons\\\/\",\"url\":\"https:\\\/\\\/esatic.ci\\\/les-bonnes-raisons\\\/\",\"name\":\"POURQUOI INTEGRER L'ESATIC ? - ESATIC\",\"isPartOf\":{\"@id\":\"https:\\\/\\\/esatic.ci\\\/#website\"},\"primaryImageOfPage\":{\"@id\":\"https:\\\/\\\/esatic.ci\\\/les-bonnes-raisons\\\/#primaryimage\"},\"image\":{\"@id\":\"https:\\\/\\\/esatic.ci\\\/les-bonnes-raisons\\\/#primaryimage\"},\"thumbnailUrl\":\"https:\\\/\\\/esatic.ci\\\/wp-content\\\/uploads\\\/2024\\\/10\\\/ens.png\",\"datePublished\":\"2024-10-07T09:59:57+00:00\",\"dateModified\":\"2025-11-19T18:59:21+00:00\",\"description\":\"Les bonnes raisons pour int\u00e9grer l'ESATIC.\",\"breadcrumb\":{\"@id\":\"https:\\\/\\\/esatic.ci\\\/les-bonnes-raisons\\\/#breadcrumb\"},\"inLanguage\":\"en-US\",\"potentialAction\":[{\"@type\":\"ReadAction\",\"target\":[\"https:\\\/\\\/esatic.ci\\\/les-bonnes-raisons\\\/\"]}]},{\"@type\":\"ImageObject\",\"inLanguage\":\"en-US\",\"@id\":\"https:\\\/\\\/esatic.ci\\\/les-bonnes-raisons\\\/#primaryimage\",\"url\":\"https:\\\/\\\/esatic.ci\\\/wp-content\\\/uploads\\\/2024\\\/10\\\/ens.png\",\"contentUrl\":\"https:\\\/\\\/esatic.ci\\\/wp-content\\\/uploads\\\/2024\\\/10\\\/ens.png\"},{\"@type\":\"BreadcrumbList\",\"@id\":\"https:\\\/\\\/esatic.ci\\\/les-bonnes-raisons\\\/#breadcrumb\",\"itemListElement\":[{\"@type\":\"ListItem\",\"position\":1,\"name\":\"Accueil\",\"item\":\"https:\\\/\\\/esatic.ci\\\/\"},{\"@type\":\"ListItem\",\"position\":2,\"name\":\"POURQUOI INTEGRER L&#8217;ESATIC ?\"}]},{\"@type\":\"WebSite\",\"@id\":\"https:\\\/\\\/esatic.ci\\\/#website\",\"url\":\"https:\\\/\\\/esatic.ci\\\/\",\"name\":\"ESATIC\",\"description\":\"Ecole Sup\u00e9rieure Africaine des Technologies de l&#039;Information et de la Communication\",\"publisher\":{\"@id\":\"https:\\\/\\\/esatic.ci\\\/#organization\"},\"potentialAction\":[{\"@type\":\"SearchAction\",\"target\":{\"@type\":\"EntryPoint\",\"urlTemplate\":\"https:\\\/\\\/esatic.ci\\\/?s={search_term_string}\"},\"query-input\":{\"@type\":\"PropertyValueSpecification\",\"valueRequired\":true,\"valueName\":\"search_term_string\"}}],\"inLanguage\":\"en-US\"},{\"@type\":\"Organization\",\"@id\":\"https:\\\/\\\/esatic.ci\\\/#organization\",\"name\":\"ESATIC\",\"url\":\"https:\\\/\\\/esatic.ci\\\/\",\"logo\":{\"@type\":\"ImageObject\",\"inLanguage\":\"en-US\",\"@id\":\"https:\\\/\\\/esatic.ci\\\/#\\\/schema\\\/logo\\\/image\\\/\",\"url\":\"https:\\\/\\\/esatic.ci\\\/wp-content\\\/uploads\\\/2024\\\/10\\\/presentation_esatic.jpg\",\"contentUrl\":\"https:\\\/\\\/esatic.ci\\\/wp-content\\\/uploads\\\/2024\\\/10\\\/presentation_esatic.jpg\",\"width\":1043,\"height\":418,\"caption\":\"ESATIC\"},\"image\":{\"@id\":\"https:\\\/\\\/esatic.ci\\\/#\\\/schema\\\/logo\\\/image\\\/\"},\"sameAs\":[\"https:\\\/\\\/www.facebook.com\\\/EsaticOfficielle\\\/?locale=fr_FR\",\"https:\\\/\\\/www.linkedin.com\\\/school\\\/esaticofficielle\"]}]}<\/script>\n<!-- \/ Yoast SEO plugin. -->","yoast_head_json":{"title":"WHY JOIN ESATIC? - ESATIC","description":"Good reasons to join ESATIC.","robots":{"index":"index","follow":"follow","max-snippet":"max-snippet:-1","max-image-preview":"max-image-preview:large","max-video-preview":"max-video-preview:-1"},"canonical":"https:\/\/esatic.ci\/en\/the-right-reasons\/","og_locale":"en_US","og_type":"article","og_title":"POURQUOI INTEGRER L'ESATIC ? - ESATIC","og_description":"Les bonnes raisons pour int\u00e9grer l'ESATIC.","og_url":"https:\/\/esatic.ci\/en\/the-right-reasons\/","og_site_name":"ESATIC","article_publisher":"https:\/\/www.facebook.com\/EsaticOfficielle\/?locale=fr_FR","article_modified_time":"2025-11-19T18:59:21+00:00","twitter_card":"summary_large_image","twitter_misc":{"Est. reading time":"3 minutes"},"schema":{"@context":"https:\/\/schema.org","@graph":[{"@type":"WebPage","@id":"https:\/\/esatic.ci\/les-bonnes-raisons\/","url":"https:\/\/esatic.ci\/les-bonnes-raisons\/","name":"WHY JOIN ESATIC? - ESATIC","isPartOf":{"@id":"https:\/\/esatic.ci\/#website"},"primaryImageOfPage":{"@id":"https:\/\/esatic.ci\/les-bonnes-raisons\/#primaryimage"},"image":{"@id":"https:\/\/esatic.ci\/les-bonnes-raisons\/#primaryimage"},"thumbnailUrl":"https:\/\/esatic.ci\/wp-content\/uploads\/2024\/10\/ens.png","datePublished":"2024-10-07T09:59:57+00:00","dateModified":"2025-11-19T18:59:21+00:00","description":"Good reasons to join ESATIC.","breadcrumb":{"@id":"https:\/\/esatic.ci\/les-bonnes-raisons\/#breadcrumb"},"inLanguage":"en-US","potentialAction":[{"@type":"ReadAction","target":["https:\/\/esatic.ci\/les-bonnes-raisons\/"]}]},{"@type":"ImageObject","inLanguage":"en-US","@id":"https:\/\/esatic.ci\/les-bonnes-raisons\/#primaryimage","url":"https:\/\/esatic.ci\/wp-content\/uploads\/2024\/10\/ens.png","contentUrl":"https:\/\/esatic.ci\/wp-content\/uploads\/2024\/10\/ens.png"},{"@type":"BreadcrumbList","@id":"https:\/\/esatic.ci\/les-bonnes-raisons\/#breadcrumb","itemListElement":[{"@type":"ListItem","position":1,"name":"Accueil","item":"https:\/\/esatic.ci\/"},{"@type":"ListItem","position":2,"name":"POURQUOI INTEGRER L&#8217;ESATIC ?"}]},{"@type":"WebSite","@id":"https:\/\/esatic.ci\/#website","url":"https:\/\/esatic.ci\/","name":"ESATIC","description":"African College of Information and Communication Technologies","publisher":{"@id":"https:\/\/esatic.ci\/#organization"},"potentialAction":[{"@type":"SearchAction","target":{"@type":"EntryPoint","urlTemplate":"https:\/\/esatic.ci\/?s={search_term_string}"},"query-input":{"@type":"PropertyValueSpecification","valueRequired":true,"valueName":"search_term_string"}}],"inLanguage":"en-US"},{"@type":"Organization","@id":"https:\/\/esatic.ci\/#organization","name":"ESATIC","url":"https:\/\/esatic.ci\/","logo":{"@type":"ImageObject","inLanguage":"en-US","@id":"https:\/\/esatic.ci\/#\/schema\/logo\/image\/","url":"https:\/\/esatic.ci\/wp-content\/uploads\/2024\/10\/presentation_esatic.jpg","contentUrl":"https:\/\/esatic.ci\/wp-content\/uploads\/2024\/10\/presentation_esatic.jpg","width":1043,"height":418,"caption":"ESATIC"},"image":{"@id":"https:\/\/esatic.ci\/#\/schema\/logo\/image\/"},"sameAs":["https:\/\/www.facebook.com\/EsaticOfficielle\/?locale=fr_FR","https:\/\/www.linkedin.com\/school\/esaticofficielle"]}]}},"_links":{"self":[{"href":"https:\/\/esatic.ci\/en\/wp-json\/wp\/v2\/pages\/7593","targetHints":{"allow":["GET"]}}],"collection":[{"href":"https:\/\/esatic.ci\/en\/wp-json\/wp\/v2\/pages"}],"about":[{"href":"https:\/\/esatic.ci\/en\/wp-json\/wp\/v2\/types\/page"}],"author":[{"embeddable":true,"href":"https:\/\/esatic.ci\/en\/wp-json\/wp\/v2\/users\/4"}],"replies":[{"embeddable":true,"href":"https:\/\/esatic.ci\/en\/wp-json\/wp\/v2\/comments?post=7593"}],"version-history":[{"count":5,"href":"https:\/\/esatic.ci\/en\/wp-json\/wp\/v2\/pages\/7593\/revisions"}],"predecessor-version":[{"id":12637,"href":"https:\/\/esatic.ci\/en\/wp-json\/wp\/v2\/pages\/7593\/revisions\/12637"}],"wp:attachment":[{"href":"https:\/\/esatic.ci\/en\/wp-json\/wp\/v2\/media?parent=7593"}],"curies":[{"name":"wp","href":"https:\/\/api.w.org\/{rel}","templated":true}]}}