{"id":7455,"date":"2024-10-04T18:32:01","date_gmt":"2024-10-04T16:32:01","guid":{"rendered":"https:\/\/esatic.ci\/?page_id=7455"},"modified":"2025-11-19T19:04:18","modified_gmt":"2025-11-19T19:04:18","slug":"contest-2","status":"publish","type":"page","link":"https:\/\/esatic.ci\/en\/contest-2\/","title":{"rendered":"ESATIC Entrance Competition"},"content":{"rendered":"<div data-elementor-type=\"wp-page\" data-elementor-id=\"7455\" class=\"elementor elementor-7455\" data-elementor-post-type=\"page\">\n\t\t\t\t<div class=\"elementor-element elementor-element-252e8d8 e-flex e-con-boxed wpr-particle-no wpr-jarallax-no wpr-parallax-no wpr-sticky-section-no e-con e-parent\" data-id=\"252e8d8\" data-element_type=\"container\">\n\t\t\t\t\t<div class=\"e-con-inner\">\n\t\t<div class=\"elementor-element elementor-element-5ae57bd e-con-full e-flex wpr-particle-no wpr-jarallax-no wpr-parallax-no wpr-sticky-section-no e-con e-child\" data-id=\"5ae57bd\" data-element_type=\"container\">\n\t\t\t\t<div class=\"elementor-element elementor-element-655443f elementor-widget elementor-widget-image\" data-id=\"655443f\" data-element_type=\"widget\" data-widget_type=\"image.default\">\n\t\t\t\t<div class=\"elementor-widget-container\">\n\t\t\t\t\t\t\t\t\t\t\t\t\t<img fetchpriority=\"high\" decoding=\"async\" width=\"1024\" height=\"743\" src=\"https:\/\/esatic.ci\/wp-content\/uploads\/2024\/07\/1-slide_esatic_1_Plan de travail 1-1024x743.jpg\" class=\"attachment-large size-large wp-image-6566\" alt=\"\" srcset=\"https:\/\/esatic.ci\/wp-content\/uploads\/2024\/07\/1-slide_esatic_1_Plan%20de%20travail%201-1024x743.jpg 1024w, https:\/\/esatic.ci\/wp-content\/uploads\/2024\/07\/1-slide_esatic_1_Plan%20de%20travail%201-300x218.jpg 300w, https:\/\/esatic.ci\/wp-content\/uploads\/2024\/07\/1-slide_esatic_1_Plan%20de%20travail%201-768x557.jpg 768w, https:\/\/esatic.ci\/wp-content\/uploads\/2024\/07\/1-slide_esatic_1_Plan%20de%20travail%201-1536x1115.jpg 1536w, https:\/\/esatic.ci\/wp-content\/uploads\/2024\/07\/1-slide_esatic_1_Plan%20de%20travail%201-2048x1486.jpg 2048w\" sizes=\"(max-width: 1024px) 100vw, 1024px\">\t\t\t\t\t\t\t\t\t\t\t\t\t<\/div>\n\t\t\t\t<\/div>\n\t\t\t\t<\/div>\n\t\t<div class=\"elementor-element elementor-element-a3c4674 e-con-full e-flex wpr-particle-no wpr-jarallax-no wpr-parallax-no wpr-sticky-section-no e-con e-child\" data-id=\"a3c4674\" data-element_type=\"container\">\n\t\t\t\t<div class=\"elementor-element elementor-element-baaa06d elementor-widget elementor-widget-text-editor\" data-id=\"baaa06d\" data-element_type=\"widget\" data-widget_type=\"text-editor.default\">\n\t\t\t\t<div class=\"elementor-widget-container\">\n\t\t\t\t\t\t\t<p style=\"font-weight: 400;\">\u00a0<\/p><p style=\"font-weight: 400;\">Direct admission to the African School of Information and Communication Technologies (ESATIC) in C\u00f4te d'Ivoire is through a competitive examination for Bachelor's and Master's degree programs. There are several admission levels depending on your academic background.<\/p><p style=\"font-weight: 400;\">The competition includes specific tests depending on the level (mathematics, physics, general knowledge, etc.). It is also necessary to complete an online pre-registration, followed by the submission of a physical file and a written test.<\/p>\t\t\t\t\t\t<\/div>\n\t\t\t\t<\/div>\n\t\t\t\t<\/div>\n\t\t\t\t\t<\/div>\n\t\t\t\t<\/div>\n\t\t\t\t<\/div>","protected":false},"excerpt":{"rendered":"<p>\u00a0 L\u2019admission directe \u00e0 l&rsquo;\u00c9cole Sup\u00e9rieure Africaine des Technologies de l&rsquo;Information et de la Communication (ESATIC) en C\u00f4te d&rsquo;Ivoire se fait par voie de concours pour les cycles de la Licence et du Master. Il existe plusieurs niveaux d&rsquo;admission selon votre parcours acad\u00e9mique. Le concours se fait avec des \u00e9preuves sp\u00e9cifiques selon le niveau (math\u00e9matiques, physique, culture g\u00e9n\u00e9rale, etc.). Il est \u00e9galement n\u00e9cessaire de passer par une pr\u00e9inscription en ligne, suivie du d\u00e9p\u00f4t d&rsquo;un dossier physique et d&rsquo;une \u00e9preuve \u00e9crite<\/p>","protected":false},"author":4,"featured_media":0,"parent":0,"menu_order":0,"comment_status":"closed","ping_status":"closed","template":"","meta":{"footnotes":""},"class_list":["post-7455","page","type-page","status-publish","hentry"],"featured_image_src":null,"yoast_head":"<!-- This site is optimized with the Yoast SEO plugin v27.4 - https:\/\/yoast.com\/product\/yoast-seo-wordpress\/ -->\n<title>CONCOURS D&#039;ENTREE A L&#039;ESATIC - ESATIC<\/title>\n<meta name=\"robots\" content=\"index, follow, max-snippet:-1, max-image-preview:large, max-video-preview:-1\" \/>\n<link rel=\"canonical\" href=\"https:\/\/esatic.ci\/en\/contest-2\/\" \/>\n<meta property=\"og:locale\" content=\"en_US\" \/>\n<meta property=\"og:type\" content=\"article\" \/>\n<meta property=\"og:title\" content=\"CONCOURS D&#039;ENTREE A L&#039;ESATIC - ESATIC\" \/>\n<meta property=\"og:description\" content=\"\u00a0 L\u2019admission directe \u00e0 l&rsquo;\u00c9cole Sup\u00e9rieure Africaine des Technologies de l&rsquo;Information et de la Communication (ESATIC) en C\u00f4te d&rsquo;Ivoire se fait par voie de concours pour les cycles de la Licence et du Master. Il existe plusieurs niveaux d&rsquo;admission selon votre parcours acad\u00e9mique. Le concours se fait avec des \u00e9preuves sp\u00e9cifiques selon le niveau (math\u00e9matiques, physique, culture g\u00e9n\u00e9rale, etc.). Il est \u00e9galement n\u00e9cessaire de passer par une pr\u00e9inscription en ligne, suivie du d\u00e9p\u00f4t d&rsquo;un dossier physique et d&rsquo;une \u00e9preuve \u00e9crite\" \/>\n<meta property=\"og:url\" content=\"https:\/\/esatic.ci\/en\/contest-2\/\" \/>\n<meta property=\"og:site_name\" content=\"ESATIC\" \/>\n<meta property=\"article:publisher\" content=\"https:\/\/www.facebook.com\/EsaticOfficielle\/?locale=fr_FR\" \/>\n<meta property=\"article:modified_time\" content=\"2025-11-19T19:04:18+00:00\" \/>\n<meta name=\"twitter:card\" content=\"summary_large_image\" \/>\n<meta name=\"twitter:label1\" content=\"Est. reading time\" \/>\n\t<meta name=\"twitter:data1\" content=\"1 minute\" \/>\n<script type=\"application\/ld+json\" class=\"yoast-schema-graph\">{\"@context\":\"https:\\\/\\\/schema.org\",\"@graph\":[{\"@type\":\"WebPage\",\"@id\":\"https:\\\/\\\/esatic.ci\\\/concours-2\\\/\",\"url\":\"https:\\\/\\\/esatic.ci\\\/concours-2\\\/\",\"name\":\"CONCOURS D'ENTREE A L'ESATIC - ESATIC\",\"isPartOf\":{\"@id\":\"https:\\\/\\\/esatic.ci\\\/#website\"},\"datePublished\":\"2024-10-04T16:32:01+00:00\",\"dateModified\":\"2025-11-19T19:04:18+00:00\",\"breadcrumb\":{\"@id\":\"https:\\\/\\\/esatic.ci\\\/concours-2\\\/#breadcrumb\"},\"inLanguage\":\"en-US\",\"potentialAction\":[{\"@type\":\"ReadAction\",\"target\":[\"https:\\\/\\\/esatic.ci\\\/concours-2\\\/\"]}]},{\"@type\":\"BreadcrumbList\",\"@id\":\"https:\\\/\\\/esatic.ci\\\/concours-2\\\/#breadcrumb\",\"itemListElement\":[{\"@type\":\"ListItem\",\"position\":1,\"name\":\"Accueil\",\"item\":\"https:\\\/\\\/esatic.ci\\\/\"},{\"@type\":\"ListItem\",\"position\":2,\"name\":\"CONCOURS D&#8217;ENTREE A L&#8217;ESATIC\"}]},{\"@type\":\"WebSite\",\"@id\":\"https:\\\/\\\/esatic.ci\\\/#website\",\"url\":\"https:\\\/\\\/esatic.ci\\\/\",\"name\":\"ESATIC\",\"description\":\"Ecole Sup\u00e9rieure Africaine des Technologies de l&#039;Information et de la Communication\",\"publisher\":{\"@id\":\"https:\\\/\\\/esatic.ci\\\/#organization\"},\"potentialAction\":[{\"@type\":\"SearchAction\",\"target\":{\"@type\":\"EntryPoint\",\"urlTemplate\":\"https:\\\/\\\/esatic.ci\\\/?s={search_term_string}\"},\"query-input\":{\"@type\":\"PropertyValueSpecification\",\"valueRequired\":true,\"valueName\":\"search_term_string\"}}],\"inLanguage\":\"en-US\"},{\"@type\":\"Organization\",\"@id\":\"https:\\\/\\\/esatic.ci\\\/#organization\",\"name\":\"ESATIC\",\"url\":\"https:\\\/\\\/esatic.ci\\\/\",\"logo\":{\"@type\":\"ImageObject\",\"inLanguage\":\"en-US\",\"@id\":\"https:\\\/\\\/esatic.ci\\\/#\\\/schema\\\/logo\\\/image\\\/\",\"url\":\"https:\\\/\\\/esatic.ci\\\/wp-content\\\/uploads\\\/2024\\\/10\\\/presentation_esatic.jpg\",\"contentUrl\":\"https:\\\/\\\/esatic.ci\\\/wp-content\\\/uploads\\\/2024\\\/10\\\/presentation_esatic.jpg\",\"width\":1043,\"height\":418,\"caption\":\"ESATIC\"},\"image\":{\"@id\":\"https:\\\/\\\/esatic.ci\\\/#\\\/schema\\\/logo\\\/image\\\/\"},\"sameAs\":[\"https:\\\/\\\/www.facebook.com\\\/EsaticOfficielle\\\/?locale=fr_FR\",\"https:\\\/\\\/www.linkedin.com\\\/school\\\/esaticofficielle\"]}]}<\/script>\n<!-- \/ Yoast SEO plugin. -->","yoast_head_json":{"title":"ESATIC ENTRANCE EXAM - ESATIC","robots":{"index":"index","follow":"follow","max-snippet":"max-snippet:-1","max-image-preview":"max-image-preview:large","max-video-preview":"max-video-preview:-1"},"canonical":"https:\/\/esatic.ci\/en\/contest-2\/","og_locale":"en_US","og_type":"article","og_title":"CONCOURS D'ENTREE A L'ESATIC - ESATIC","og_description":"\u00a0 L\u2019admission directe \u00e0 l&rsquo;\u00c9cole Sup\u00e9rieure Africaine des Technologies de l&rsquo;Information et de la Communication (ESATIC) en C\u00f4te d&rsquo;Ivoire se fait par voie de concours pour les cycles de la Licence et du Master. Il existe plusieurs niveaux d&rsquo;admission selon votre parcours acad\u00e9mique. Le concours se fait avec des \u00e9preuves sp\u00e9cifiques selon le niveau (math\u00e9matiques, physique, culture g\u00e9n\u00e9rale, etc.). Il est \u00e9galement n\u00e9cessaire de passer par une pr\u00e9inscription en ligne, suivie du d\u00e9p\u00f4t d&rsquo;un dossier physique et d&rsquo;une \u00e9preuve \u00e9crite","og_url":"https:\/\/esatic.ci\/en\/contest-2\/","og_site_name":"ESATIC","article_publisher":"https:\/\/www.facebook.com\/EsaticOfficielle\/?locale=fr_FR","article_modified_time":"2025-11-19T19:04:18+00:00","twitter_card":"summary_large_image","twitter_misc":{"Est. reading time":"1 minute"},"schema":{"@context":"https:\/\/schema.org","@graph":[{"@type":"WebPage","@id":"https:\/\/esatic.ci\/concours-2\/","url":"https:\/\/esatic.ci\/concours-2\/","name":"ESATIC ENTRANCE EXAM - ESATIC","isPartOf":{"@id":"https:\/\/esatic.ci\/#website"},"datePublished":"2024-10-04T16:32:01+00:00","dateModified":"2025-11-19T19:04:18+00:00","breadcrumb":{"@id":"https:\/\/esatic.ci\/concours-2\/#breadcrumb"},"inLanguage":"en-US","potentialAction":[{"@type":"ReadAction","target":["https:\/\/esatic.ci\/concours-2\/"]}]},{"@type":"BreadcrumbList","@id":"https:\/\/esatic.ci\/concours-2\/#breadcrumb","itemListElement":[{"@type":"ListItem","position":1,"name":"Accueil","item":"https:\/\/esatic.ci\/"},{"@type":"ListItem","position":2,"name":"CONCOURS D&#8217;ENTREE A L&#8217;ESATIC"}]},{"@type":"WebSite","@id":"https:\/\/esatic.ci\/#website","url":"https:\/\/esatic.ci\/","name":"ESATIC","description":"African College of Information and Communication Technologies","publisher":{"@id":"https:\/\/esatic.ci\/#organization"},"potentialAction":[{"@type":"SearchAction","target":{"@type":"EntryPoint","urlTemplate":"https:\/\/esatic.ci\/?s={search_term_string}"},"query-input":{"@type":"PropertyValueSpecification","valueRequired":true,"valueName":"search_term_string"}}],"inLanguage":"en-US"},{"@type":"Organization","@id":"https:\/\/esatic.ci\/#organization","name":"ESATIC","url":"https:\/\/esatic.ci\/","logo":{"@type":"ImageObject","inLanguage":"en-US","@id":"https:\/\/esatic.ci\/#\/schema\/logo\/image\/","url":"https:\/\/esatic.ci\/wp-content\/uploads\/2024\/10\/presentation_esatic.jpg","contentUrl":"https:\/\/esatic.ci\/wp-content\/uploads\/2024\/10\/presentation_esatic.jpg","width":1043,"height":418,"caption":"ESATIC"},"image":{"@id":"https:\/\/esatic.ci\/#\/schema\/logo\/image\/"},"sameAs":["https:\/\/www.facebook.com\/EsaticOfficielle\/?locale=fr_FR","https:\/\/www.linkedin.com\/school\/esaticofficielle"]}]}},"_links":{"self":[{"href":"https:\/\/esatic.ci\/en\/wp-json\/wp\/v2\/pages\/7455","targetHints":{"allow":["GET"]}}],"collection":[{"href":"https:\/\/esatic.ci\/en\/wp-json\/wp\/v2\/pages"}],"about":[{"href":"https:\/\/esatic.ci\/en\/wp-json\/wp\/v2\/types\/page"}],"author":[{"embeddable":true,"href":"https:\/\/esatic.ci\/en\/wp-json\/wp\/v2\/users\/4"}],"replies":[{"embeddable":true,"href":"https:\/\/esatic.ci\/en\/wp-json\/wp\/v2\/comments?post=7455"}],"version-history":[{"count":5,"href":"https:\/\/esatic.ci\/en\/wp-json\/wp\/v2\/pages\/7455\/revisions"}],"predecessor-version":[{"id":12640,"href":"https:\/\/esatic.ci\/en\/wp-json\/wp\/v2\/pages\/7455\/revisions\/12640"}],"wp:attachment":[{"href":"https:\/\/esatic.ci\/en\/wp-json\/wp\/v2\/media?parent=7455"}],"curies":[{"name":"wp","href":"https:\/\/api.w.org\/{rel}","templated":true}]}}