{"id":6572,"date":"2024-07-03T03:59:45","date_gmt":"2024-07-03T01:59:45","guid":{"rendered":"https:\/\/site-offline.esatic.ci\/?page_id=6572"},"modified":"2026-03-18T14:16:20","modified_gmt":"2026-03-18T14:16:20","slug":"quality_policy","status":"publish","type":"page","link":"https:\/\/esatic.ci\/en\/quality_policy\/","title":{"rendered":"Quality Management System"},"content":{"rendered":"<div data-elementor-type=\"wp-page\" data-elementor-id=\"6572\" class=\"elementor elementor-6572\" data-elementor-post-type=\"page\">\n\t\t\t\t<div class=\"elementor-element elementor-element-4c6cafc8 e-con-full e-flex wpr-particle-no wpr-jarallax-no wpr-parallax-no wpr-sticky-section-no e-con e-parent\" data-id=\"4c6cafc8\" data-element_type=\"container\">\n\t\t<div class=\"elementor-element elementor-element-35c9d82d e-con-full e-flex wpr-particle-no wpr-jarallax-no wpr-parallax-no wpr-sticky-section-no elementor-invisible e-con e-child\" data-id=\"35c9d82d\" data-element_type=\"container\" data-settings=\"{&quot;animation&quot;:&quot;fadeIn&quot;}\">\n\t\t\t\t<div class=\"elementor-element elementor-element-7e051a5e elementor-widget elementor-widget-heading\" data-id=\"7e051a5e\" data-element_type=\"widget\" data-widget_type=\"heading.default\">\n\t\t\t\t<div class=\"elementor-widget-container\">\n\t\t\t<h2 class=\"elementor-heading-title elementor-size-default\">OUR<\/h2>\t\t<\/div>\n\t\t\t\t<\/div>\n\t\t\t\t<div class=\"elementor-element elementor-element-721e8a17 elementor-widget elementor-widget-heading\" data-id=\"721e8a17\" data-element_type=\"widget\" data-widget_type=\"heading.default\">\n\t\t\t\t<div class=\"elementor-widget-container\">\n\t\t\t<h2 class=\"elementor-heading-title elementor-size-default\">QUALITY POLICY<\/h2>\t\t<\/div>\n\t\t\t\t<\/div>\n\t\t\t\t<div class=\"elementor-element elementor-element-3dae5126 elementor-widget-mobile__width-initial elementor-widget elementor-widget-text-editor\" data-id=\"3dae5126\" data-element_type=\"widget\" data-widget_type=\"text-editor.default\">\n\t\t\t\t<div class=\"elementor-widget-container\">\n\t\t\t\t\t\t\t<p style=\"text-align: left; padding-left: 40px;\">L\u2019<strong>E<\/strong>cole Sup\u00e9rieure <strong>A<\/strong>fricaine des <strong>T<\/strong>echnologies de l\u2019<strong>I<\/strong>nformation and <strong>C<\/strong>ommunication (&nbsp;<strong>ESATIC&nbsp;<\/strong>), is a national public establishment of an administrative nature for higher education, created by decree N\u00b02012-20 of January 18, 2012. ESATIC is placed under the administrative supervision of the Ministry in charge of the digital economy. Its creation reflects the desire of the State of C\u00f4te d'Ivoire to build our country's emergence with competent human capital in the field of Telecommunications\/ICTs.&nbsp;<span style=\"text-align: justify;\">Its core mission is to provide training and research in the ICT sector, both nationally and internationally.<\/span><\/p>\t\t\t\t\t\t<\/div>\n\t\t\t\t<\/div>\n\t\t\t\t<div class=\"elementor-element elementor-element-6caabc16 elementor-widget elementor-widget-text-editor\" data-id=\"6caabc16\" data-element_type=\"widget\" data-widget_type=\"text-editor.default\">\n\t\t\t\t<div class=\"elementor-widget-container\">\n\t\t\t\t\t\t\t<p style=\"padding-left: 40px;\"><strong>P<\/strong>o ensure its missions, positioning and international influence, the General Manager's vision is to \u00abMake ESATIC a center of excellence in the ICT sector by 2025\u00bb, by implementing a sound managerial and organizational policy that is both appropriate and scalable.<\/p>\t\t\t\t\t\t<\/div>\n\t\t\t\t<\/div>\n\t\t\t\t<div class=\"elementor-element elementor-element-2755b8fa elementor-widget elementor-widget-text-editor\" data-id=\"2755b8fa\" data-element_type=\"widget\" data-widget_type=\"text-editor.default\">\n\t\t\t\t<div class=\"elementor-widget-container\">\n\t\t\t\t\t\t\t<p style=\"padding-left: 40px;\"><strong>A<\/strong>n order to achieve this vision and good governance, the General Manager is committed to building and deploying a Quality Management System (QMS) in line with the ISO 9001 version 2015 standard, with a view to certification.<\/p>\n<p style=\"padding-left: 40px;\">The General Manager's commitment is reflected in the development of a quality policy based on the following principles:<\/p>\t\t\t\t\t\t<\/div>\n\t\t\t\t<\/div>\n\t\t\t\t<div class=\"elementor-element elementor-element-57852fcd wpr-feature-list-left wpr-feature-list-square wpr-feature-list-line-yes elementor-widget elementor-widget-wpr-feature-list\" data-id=\"57852fcd\" data-element_type=\"widget\" data-widget_type=\"wpr-feature-list.default\">\n\t\t\t\t<div class=\"elementor-widget-container\">\n\t\t\t<div class=\"wpr-feature-list-wrap\"><ul class=\"wpr-feature-list\"><li class=\"wpr-feature-list-item elementor-repeater-item-84310a4\"><div class=\"wpr-feature-list-icon-wrap\"><span class=\"wpr-feature-list-line\"><\/span><div class=\"wpr-feature-list-icon-inner-wrap\"><svg aria-hidden=\"true\" class=\"e-font-icon-svg e-fas-circle\" viewbox=\"0 0 512 512\" xmlns=\"http:\/\/www.w3.org\/2000\/svg\"><path d=\"M256 8C119 8 8 119 8 256s111 248 248 248 248-111 248-248S393 8 256 8z\"><\/path><\/svg><\/div><\/div><div class=\"wpr-feature-list-content-wrap\"><h2 class=\"wpr-feature-list-title\"><a class=\"wpr-feature-list-url\" target=\"_blank\" rel=\"nofollow\">increase the satisfaction of customers and other relevant stakeholders through the organization and diversification of educational and training offerings, in line with their requirements ;<\/a><\/h2><p class=\"wpr-feature-list-description\"><\/p><\/div><\/li><li class=\"wpr-feature-list-item elementor-repeater-item-294b7b8\"><div class=\"wpr-feature-list-icon-wrap\"><span class=\"wpr-feature-list-line\"><\/span><div class=\"wpr-feature-list-icon-inner-wrap\"><svg aria-hidden=\"true\" class=\"e-font-icon-svg e-fas-circle\" viewbox=\"0 0 512 512\" xmlns=\"http:\/\/www.w3.org\/2000\/svg\"><path d=\"M256 8C119 8 8 119 8 256s111 248 248 248 248-111 248-248S393 8 256 8z\"><\/path><\/svg><\/div><\/div><div class=\"wpr-feature-list-content-wrap\"><h2 class=\"wpr-feature-list-title\"><a class=\"wpr-feature-list-url\" target=\"_blank\" rel=\"nofollow\">to develop and promote activities and research in the field of ICT; ;<\/a><\/h2><p class=\"wpr-feature-list-description\"><\/p><\/div><\/li><li class=\"wpr-feature-list-item elementor-repeater-item-39510ea\"><div class=\"wpr-feature-list-icon-wrap\"><span class=\"wpr-feature-list-line\"><\/span><div class=\"wpr-feature-list-icon-inner-wrap\"><svg aria-hidden=\"true\" class=\"e-font-icon-svg e-fas-circle\" viewbox=\"0 0 512 512\" xmlns=\"http:\/\/www.w3.org\/2000\/svg\"><path d=\"M256 8C119 8 8 119 8 256s111 248 248 248 248-111 248-248S393 8 256 8z\"><\/path><\/svg><\/div><\/div><div class=\"wpr-feature-list-content-wrap\"><h2 class=\"wpr-feature-list-title\"><a class=\"wpr-feature-list-url\" target=\"_blank\" rel=\"nofollow\">motivating and involving staff ;<\/a><\/h2><p class=\"wpr-feature-list-description\"><\/p><\/div><\/li><li class=\"wpr-feature-list-item elementor-repeater-item-353c43c\"><div class=\"wpr-feature-list-icon-wrap\"><span class=\"wpr-feature-list-line\"><\/span><div class=\"wpr-feature-list-icon-inner-wrap\"><svg aria-hidden=\"true\" class=\"e-font-icon-svg e-fas-circle\" viewbox=\"0 0 512 512\" xmlns=\"http:\/\/www.w3.org\/2000\/svg\"><path d=\"M256 8C119 8 8 119 8 256s111 248 248 248 248-111 248-248S393 8 256 8z\"><\/path><\/svg><\/div><\/div><div class=\"wpr-feature-list-content-wrap\"><h2 class=\"wpr-feature-list-title\"><a class=\"wpr-feature-list-url\" target=\"_blank\" rel=\"nofollow\">continuously improve ESATIC's performance.<\/a><\/h2><p class=\"wpr-feature-list-description\"><\/p><\/div><\/li><\/ul><\/div>\t\t<\/div>\n\t\t\t\t<\/div>\n\t\t\t\t<div class=\"elementor-element elementor-element-5e532ac elementor-widget elementor-widget-text-editor\" data-id=\"5e532ac\" data-element_type=\"widget\" data-widget_type=\"text-editor.default\">\n\t\t\t\t<div class=\"elementor-widget-container\">\n\t\t\t\t\t\t\t<p style=\"padding-left: 40px;\">To achieve this, the quality policy must be understood, shared and accepted by all staff.<\/p><p style=\"padding-left: 40px;\">From now on, customers will be at the heart of our business, so we can be sure of listening to them, showing them consideration and working to meet their requirements.<\/p><p style=\"padding-left: 40px;\">I am committed to ensuring the availability of the resources required to satisfy our customers and other relevant stakeholders, and to deploying an approach based on risk and opportunity management.<\/p><p style=\"padding-left: 40px;\">Periodic management reviews will be carried out to assess the need to modify our Quality Management System, including our quality policy and objectives.<\/p><p style=\"padding-left: 40px;\">To this end, I expect all ESATIC staff to be totally committed and involved in implementing the quality policy for ISO 9001 version 2015 certification, in keeping with our values of excellence, solidarity, fairness, discipline and hard work.<\/p><p><a href=\"https:\/\/drive.google.com\/file\/d\/12W8dJo8lKviqyXwZKkxcn8a3gBEYo6Ko\/view?usp=drive_link\" target=\"_blank\" rel=\"noopener\"><strong>To date, ESATIC is ISO 9001 version 2015 certified.\u00a0<\/strong><\/a><\/p><p><img decoding=\"async\" class=\"wp-image-11089 alignleft\" src=\"https:\/\/esatic.ci\/wp-content\/uploads\/2025\/01\/Certification-ISO-9001-2025-ESATIC.png\" alt=\"\" width=\"128\" height=\"84\"><\/p><p>\u00a0<\/p><p><a href=\"https:\/\/drive.google.com\/file\/d\/12W8dJo8lKviqyXwZKkxcn8a3gBEYo6Ko\/view?usp=drive_link\" target=\"_blank\" rel=\"noopener\"><strong>View certificate<\/strong><\/a><\/p>\t\t\t\t\t\t<\/div>\n\t\t\t\t<\/div>\n\t\t\t\t<div class=\"elementor-element elementor-element-701c201 elementor-widget elementor-widget-button\" data-id=\"701c201\" data-element_type=\"widget\" data-widget_type=\"button.default\">\n\t\t\t\t<div class=\"elementor-widget-container\">\n\t\t\t\t\t\t\t<div class=\"elementor-button-wrapper\">\n\t\t\t\t\t<a class=\"elementor-button elementor-button-link elementor-size-sm\" href=\"https:\/\/esatic.ci\/wp-content\/uploads\/2026\/03\/TB-FEVRIER-2026-v1-.pdf\">\n\t\t\t\t\t\t<span class=\"elementor-button-content-wrapper\">\n\t\t\t\t\t\t\t\t\t<span class=\"elementor-button-text\">Tableau de Bord February 2026<\/span>\n\t\t\t\t\t<\/span>\n\t\t\t\t\t<\/a>\n\t\t\t\t<\/div>\n\t\t\t\t\t\t<\/div>\n\t\t\t\t<\/div>\n\t\t\t\t<\/div>\n\t\t\t\t<\/div>\n\t\t\t\t<\/div>","protected":false},"excerpt":{"rendered":"<p>OUR QUALITY POLICY The Ecole Sup\u00e9rieure Africaine des Technologies de l'Information et de la Communication ( ESATIC ), is a national public establishment.<\/p>","protected":false},"author":1,"featured_media":0,"parent":0,"menu_order":0,"comment_status":"closed","ping_status":"closed","template":"","meta":{"footnotes":""},"class_list":["post-6572","page","type-page","status-publish","hentry"],"featured_image_src":null,"yoast_head":"<!-- This site is optimized with the Yoast SEO plugin v27.3 - https:\/\/yoast.com\/product\/yoast-seo-wordpress\/ -->\n<title>Syst\u00e8me de Management de la Qualit\u00e9<\/title>\n<meta name=\"description\" content=\"Faire de l\u2019ESATIC un p\u00f4le d\u2019excellence dans le secteur des TIC par la mise en \u0153uvre d\u2019une bonne politique qualit\u00e9 adapt\u00e9e et \u00e9volutive.\" \/>\n<meta name=\"robots\" content=\"index, follow, max-snippet:-1, max-image-preview:large, max-video-preview:-1\" \/>\n<link rel=\"canonical\" href=\"https:\/\/esatic.ci\/en\/quality_policy\/\" \/>\n<meta property=\"og:locale\" content=\"en_US\" \/>\n<meta property=\"og:type\" content=\"article\" \/>\n<meta property=\"og:title\" content=\"Syst\u00e8me de Management de la Qualit\u00e9\" \/>\n<meta property=\"og:description\" content=\"Faire de l\u2019ESATIC un p\u00f4le d\u2019excellence dans le secteur des TIC par la mise en \u0153uvre d\u2019une bonne politique qualit\u00e9 adapt\u00e9e et \u00e9volutive.\" \/>\n<meta property=\"og:url\" content=\"https:\/\/esatic.ci\/en\/quality_policy\/\" \/>\n<meta property=\"og:site_name\" content=\"ESATIC\" \/>\n<meta property=\"article:publisher\" content=\"https:\/\/www.facebook.com\/EsaticOfficielle\/?locale=fr_FR\" \/>\n<meta property=\"article:modified_time\" content=\"2026-03-18T14:16:20+00:00\" \/>\n<meta property=\"og:image\" content=\"https:\/\/esatic.ci\/wp-content\/uploads\/2025\/01\/Certification-ISO-9001-2025-ESATIC.png\" \/>\n\t<meta property=\"og:image:width\" content=\"277\" \/>\n\t<meta property=\"og:image:height\" content=\"182\" \/>\n\t<meta property=\"og:image:type\" content=\"image\/png\" \/>\n<meta name=\"twitter:card\" content=\"summary_large_image\" \/>\n<meta name=\"twitter:label1\" content=\"Est. reading time\" \/>\n\t<meta name=\"twitter:data1\" content=\"3 minutes\" \/>\n<script type=\"application\/ld+json\" class=\"yoast-schema-graph\">{\"@context\":\"https:\\\/\\\/schema.org\",\"@graph\":[{\"@type\":\"WebPage\",\"@id\":\"https:\\\/\\\/esatic.ci\\\/politique_qualite\\\/\",\"url\":\"https:\\\/\\\/esatic.ci\\\/politique_qualite\\\/\",\"name\":\"Syst\u00e8me de Management de la Qualit\u00e9\",\"isPartOf\":{\"@id\":\"https:\\\/\\\/esatic.ci\\\/#website\"},\"primaryImageOfPage\":{\"@id\":\"https:\\\/\\\/esatic.ci\\\/politique_qualite\\\/#primaryimage\"},\"image\":{\"@id\":\"https:\\\/\\\/esatic.ci\\\/politique_qualite\\\/#primaryimage\"},\"thumbnailUrl\":\"https:\\\/\\\/esatic.ci\\\/wp-content\\\/uploads\\\/2025\\\/01\\\/Certification-ISO-9001-2025-ESATIC.png\",\"datePublished\":\"2024-07-03T01:59:45+00:00\",\"dateModified\":\"2026-03-18T14:16:20+00:00\",\"description\":\"Faire de l\u2019ESATIC un p\u00f4le d\u2019excellence dans le secteur des TIC par la mise en \u0153uvre d\u2019une bonne politique qualit\u00e9 adapt\u00e9e et \u00e9volutive.\",\"breadcrumb\":{\"@id\":\"https:\\\/\\\/esatic.ci\\\/politique_qualite\\\/#breadcrumb\"},\"inLanguage\":\"en-US\",\"potentialAction\":[{\"@type\":\"ReadAction\",\"target\":[\"https:\\\/\\\/esatic.ci\\\/politique_qualite\\\/\"]}]},{\"@type\":\"ImageObject\",\"inLanguage\":\"en-US\",\"@id\":\"https:\\\/\\\/esatic.ci\\\/politique_qualite\\\/#primaryimage\",\"url\":\"https:\\\/\\\/esatic.ci\\\/wp-content\\\/uploads\\\/2025\\\/01\\\/Certification-ISO-9001-2025-ESATIC.png\",\"contentUrl\":\"https:\\\/\\\/esatic.ci\\\/wp-content\\\/uploads\\\/2025\\\/01\\\/Certification-ISO-9001-2025-ESATIC.png\"},{\"@type\":\"BreadcrumbList\",\"@id\":\"https:\\\/\\\/esatic.ci\\\/politique_qualite\\\/#breadcrumb\",\"itemListElement\":[{\"@type\":\"ListItem\",\"position\":1,\"name\":\"Accueil\",\"item\":\"https:\\\/\\\/esatic.ci\\\/\"},{\"@type\":\"ListItem\",\"position\":2,\"name\":\"Syst\u00e8me de Management de la Qualit\u00e9\"}]},{\"@type\":\"WebSite\",\"@id\":\"https:\\\/\\\/esatic.ci\\\/#website\",\"url\":\"https:\\\/\\\/esatic.ci\\\/\",\"name\":\"ESATIC\",\"description\":\"Ecole Sup\u00e9rieure Africaine des Technologies de l&#039;Information et de la Communication\",\"publisher\":{\"@id\":\"https:\\\/\\\/esatic.ci\\\/#organization\"},\"potentialAction\":[{\"@type\":\"SearchAction\",\"target\":{\"@type\":\"EntryPoint\",\"urlTemplate\":\"https:\\\/\\\/esatic.ci\\\/?s={search_term_string}\"},\"query-input\":{\"@type\":\"PropertyValueSpecification\",\"valueRequired\":true,\"valueName\":\"search_term_string\"}}],\"inLanguage\":\"en-US\"},{\"@type\":\"Organization\",\"@id\":\"https:\\\/\\\/esatic.ci\\\/#organization\",\"name\":\"ESATIC\",\"url\":\"https:\\\/\\\/esatic.ci\\\/\",\"logo\":{\"@type\":\"ImageObject\",\"inLanguage\":\"en-US\",\"@id\":\"https:\\\/\\\/esatic.ci\\\/#\\\/schema\\\/logo\\\/image\\\/\",\"url\":\"https:\\\/\\\/esatic.ci\\\/wp-content\\\/uploads\\\/2024\\\/10\\\/presentation_esatic.jpg\",\"contentUrl\":\"https:\\\/\\\/esatic.ci\\\/wp-content\\\/uploads\\\/2024\\\/10\\\/presentation_esatic.jpg\",\"width\":1043,\"height\":418,\"caption\":\"ESATIC\"},\"image\":{\"@id\":\"https:\\\/\\\/esatic.ci\\\/#\\\/schema\\\/logo\\\/image\\\/\"},\"sameAs\":[\"https:\\\/\\\/www.facebook.com\\\/EsaticOfficielle\\\/?locale=fr_FR\",\"https:\\\/\\\/www.linkedin.com\\\/school\\\/esaticofficielle\"]}]}<\/script>\n<!-- \/ Yoast SEO plugin. -->","yoast_head_json":{"title":"Quality Management System","description":"Make ESATIC a center of excellence in the ICT sector by implementing an appropriate and progressive quality policy.","robots":{"index":"index","follow":"follow","max-snippet":"max-snippet:-1","max-image-preview":"max-image-preview:large","max-video-preview":"max-video-preview:-1"},"canonical":"https:\/\/esatic.ci\/en\/quality_policy\/","og_locale":"en_US","og_type":"article","og_title":"Syst\u00e8me de Management de la Qualit\u00e9","og_description":"Faire de l\u2019ESATIC un p\u00f4le d\u2019excellence dans le secteur des TIC par la mise en \u0153uvre d\u2019une bonne politique qualit\u00e9 adapt\u00e9e et \u00e9volutive.","og_url":"https:\/\/esatic.ci\/en\/quality_policy\/","og_site_name":"ESATIC","article_publisher":"https:\/\/www.facebook.com\/EsaticOfficielle\/?locale=fr_FR","article_modified_time":"2026-03-18T14:16:20+00:00","og_image":[{"width":277,"height":182,"url":"https:\/\/esatic.ci\/wp-content\/uploads\/2025\/01\/Certification-ISO-9001-2025-ESATIC.png","type":"image\/png"}],"twitter_card":"summary_large_image","twitter_misc":{"Est. reading time":"3 minutes"},"schema":{"@context":"https:\/\/schema.org","@graph":[{"@type":"WebPage","@id":"https:\/\/esatic.ci\/politique_qualite\/","url":"https:\/\/esatic.ci\/politique_qualite\/","name":"Quality Management System","isPartOf":{"@id":"https:\/\/esatic.ci\/#website"},"primaryImageOfPage":{"@id":"https:\/\/esatic.ci\/politique_qualite\/#primaryimage"},"image":{"@id":"https:\/\/esatic.ci\/politique_qualite\/#primaryimage"},"thumbnailUrl":"https:\/\/esatic.ci\/wp-content\/uploads\/2025\/01\/Certification-ISO-9001-2025-ESATIC.png","datePublished":"2024-07-03T01:59:45+00:00","dateModified":"2026-03-18T14:16:20+00:00","description":"Make ESATIC a center of excellence in the ICT sector by implementing an appropriate and progressive quality policy.","breadcrumb":{"@id":"https:\/\/esatic.ci\/politique_qualite\/#breadcrumb"},"inLanguage":"en-US","potentialAction":[{"@type":"ReadAction","target":["https:\/\/esatic.ci\/politique_qualite\/"]}]},{"@type":"ImageObject","inLanguage":"en-US","@id":"https:\/\/esatic.ci\/politique_qualite\/#primaryimage","url":"https:\/\/esatic.ci\/wp-content\/uploads\/2025\/01\/Certification-ISO-9001-2025-ESATIC.png","contentUrl":"https:\/\/esatic.ci\/wp-content\/uploads\/2025\/01\/Certification-ISO-9001-2025-ESATIC.png"},{"@type":"BreadcrumbList","@id":"https:\/\/esatic.ci\/politique_qualite\/#breadcrumb","itemListElement":[{"@type":"ListItem","position":1,"name":"Accueil","item":"https:\/\/esatic.ci\/"},{"@type":"ListItem","position":2,"name":"Syst\u00e8me de Management de la Qualit\u00e9"}]},{"@type":"WebSite","@id":"https:\/\/esatic.ci\/#website","url":"https:\/\/esatic.ci\/","name":"ESATIC","description":"African College of Information and Communication Technologies","publisher":{"@id":"https:\/\/esatic.ci\/#organization"},"potentialAction":[{"@type":"SearchAction","target":{"@type":"EntryPoint","urlTemplate":"https:\/\/esatic.ci\/?s={search_term_string}"},"query-input":{"@type":"PropertyValueSpecification","valueRequired":true,"valueName":"search_term_string"}}],"inLanguage":"en-US"},{"@type":"Organization","@id":"https:\/\/esatic.ci\/#organization","name":"ESATIC","url":"https:\/\/esatic.ci\/","logo":{"@type":"ImageObject","inLanguage":"en-US","@id":"https:\/\/esatic.ci\/#\/schema\/logo\/image\/","url":"https:\/\/esatic.ci\/wp-content\/uploads\/2024\/10\/presentation_esatic.jpg","contentUrl":"https:\/\/esatic.ci\/wp-content\/uploads\/2024\/10\/presentation_esatic.jpg","width":1043,"height":418,"caption":"ESATIC"},"image":{"@id":"https:\/\/esatic.ci\/#\/schema\/logo\/image\/"},"sameAs":["https:\/\/www.facebook.com\/EsaticOfficielle\/?locale=fr_FR","https:\/\/www.linkedin.com\/school\/esaticofficielle"]}]}},"_links":{"self":[{"href":"https:\/\/esatic.ci\/en\/wp-json\/wp\/v2\/pages\/6572","targetHints":{"allow":["GET"]}}],"collection":[{"href":"https:\/\/esatic.ci\/en\/wp-json\/wp\/v2\/pages"}],"about":[{"href":"https:\/\/esatic.ci\/en\/wp-json\/wp\/v2\/types\/page"}],"author":[{"embeddable":true,"href":"https:\/\/esatic.ci\/en\/wp-json\/wp\/v2\/users\/1"}],"replies":[{"embeddable":true,"href":"https:\/\/esatic.ci\/en\/wp-json\/wp\/v2\/comments?post=6572"}],"version-history":[{"count":5,"href":"https:\/\/esatic.ci\/en\/wp-json\/wp\/v2\/pages\/6572\/revisions"}],"predecessor-version":[{"id":13941,"href":"https:\/\/esatic.ci\/en\/wp-json\/wp\/v2\/pages\/6572\/revisions\/13941"}],"wp:attachment":[{"href":"https:\/\/esatic.ci\/en\/wp-json\/wp\/v2\/media?parent=6572"}],"curies":[{"name":"wp","href":"https:\/\/api.w.org\/{rel}","templated":true}]}}