{"id":13955,"date":"2026-04-01T09:19:06","date_gmt":"2026-04-01T09:19:06","guid":{"rendered":"https:\/\/esatic.ci\/?page_id=13955"},"modified":"2026-04-03T04:45:53","modified_gmt":"2026-04-03T04:45:53","slug":"youth-training","status":"publish","type":"page","link":"https:\/\/esatic.ci\/en\/youth-training\/","title":{"rendered":"Youth Training"},"content":{"rendered":"<div data-elementor-type=\"wp-page\" data-elementor-id=\"13955\" class=\"elementor elementor-13955\" data-elementor-post-type=\"page\">\n\t\t\t\t\t\t<section class=\"elementor-section elementor-top-section elementor-element elementor-element-58eaf6a6 elementor-section-boxed elementor-section-height-default elementor-section-height-default wpr-particle-no wpr-jarallax-no wpr-parallax-no wpr-sticky-section-no\" data-id=\"58eaf6a6\" data-element_type=\"section\">\n\t\t\t\t\t\t<div class=\"elementor-container elementor-column-gap-default\">\n\t\t\t\t\t<div class=\"elementor-column elementor-col-100 elementor-top-column elementor-element elementor-element-c4a0e55\" data-id=\"c4a0e55\" data-element_type=\"column\">\n\t\t\t<div class=\"elementor-widget-wrap elementor-element-populated\">\n\t\t\t\t\t\t<div class=\"elementor-element elementor-element-6422902c elementor-widget-divider--view-line elementor-widget elementor-widget-divider\" data-id=\"6422902c\" data-element_type=\"widget\" data-widget_type=\"divider.default\">\n\t\t\t\t<div class=\"elementor-widget-container\">\n\t\t\t\t\t<div class=\"elementor-divider\">\n\t\t\t<span class=\"elementor-divider-separator\">\n\t\t\t\t\t\t<\/span>\n\t\t<\/div>\n\t\t\t\t<\/div>\n\t\t\t\t<\/div>\n\t\t\t\t\t<\/div>\n\t\t<\/div>\n\t\t\t\t\t<\/div>\n\t\t<\/section>\n\t\t\t\t<section class=\"elementor-section elementor-top-section elementor-element elementor-element-29da7785 elementor-section-boxed elementor-section-height-default elementor-section-height-default wpr-particle-no wpr-jarallax-no wpr-parallax-no wpr-sticky-section-no\" data-id=\"29da7785\" data-element_type=\"section\">\n\t\t\t\t\t\t<div class=\"elementor-container elementor-column-gap-default\">\n\t\t\t\t\t<div class=\"elementor-column elementor-col-100 elementor-top-column elementor-element elementor-element-2104bdfb\" data-id=\"2104bdfb\" data-element_type=\"column\">\n\t\t\t<div class=\"elementor-widget-wrap elementor-element-populated\">\n\t\t\t\t\t\t<div class=\"elementor-element elementor-element-33042957 elementor-widget elementor-widget-heading\" data-id=\"33042957\" data-element_type=\"widget\" data-widget_type=\"heading.default\">\n\t\t\t\t<div class=\"elementor-widget-container\">\n\t\t\t<h2 class=\"elementor-heading-title elementor-size-default\">+700 young people in digital trades<\/h2>\t\t<\/div>\n\t\t\t\t<\/div>\n\t\t\t\t<section class=\"elementor-section elementor-inner-section elementor-element elementor-element-12ebb6c1 elementor-section-boxed elementor-section-height-default elementor-section-height-default wpr-particle-no wpr-jarallax-no wpr-parallax-no wpr-sticky-section-no\" data-id=\"12ebb6c1\" data-element_type=\"section\">\n\t\t\t\t\t\t<div class=\"elementor-container elementor-column-gap-default\">\n\t\t\t\t\t<div class=\"elementor-column elementor-col-33 elementor-inner-column elementor-element elementor-element-2d6340e9\" data-id=\"2d6340e9\" data-element_type=\"column\">\n\t\t\t<div class=\"elementor-widget-wrap elementor-element-populated\">\n\t\t\t\t\t\t<div class=\"elementor-element elementor-element-2d5d5dc9 elementor-widget elementor-widget-heading\" data-id=\"2d5d5dc9\" data-element_type=\"widget\" data-widget_type=\"heading.default\">\n\t\t\t\t<div class=\"elementor-widget-container\">\n\t\t\t<h2 class=\"elementor-heading-title elementor-size-default\">250 young people<\/h2>\t\t<\/div>\n\t\t\t\t<\/div>\n\t\t\t\t<div class=\"elementor-element elementor-element-6de9974e elementor-widget-divider--view-line elementor-widget elementor-widget-divider\" data-id=\"6de9974e\" data-element_type=\"widget\" data-widget_type=\"divider.default\">\n\t\t\t\t<div class=\"elementor-widget-container\">\n\t\t\t\t\t<div class=\"elementor-divider\">\n\t\t\t<span class=\"elementor-divider-separator\">\n\t\t\t\t\t\t<\/span>\n\t\t<\/div>\n\t\t\t\t<\/div>\n\t\t\t\t<\/div>\n\t\t\t\t<div class=\"elementor-element elementor-element-1142cdcf elementor-widget elementor-widget-text-editor\" data-id=\"1142cdcf\" data-element_type=\"widget\" data-widget_type=\"text-editor.default\">\n\t\t\t\t<div class=\"elementor-widget-container\">\n\t\t\t\t\t\t\t<p><b>Fixed Engineering<\/b> Public Switched Telephone Network (PSTN) and ADSL<\/p>\n<p>Partners:<\/p>\n<ul>\n<li>Orange and C\u00f4te d'Ivoire T\u00e9l\u00e9com (CSR Project)<\/li>\n<\/ul>\t\t\t\t\t\t<\/div>\n\t\t\t\t<\/div>\n\t\t\t\t\t<\/div>\n\t\t<\/div>\n\t\t\t\t<div class=\"elementor-column elementor-col-33 elementor-inner-column elementor-element elementor-element-1b5fff24\" data-id=\"1b5fff24\" data-element_type=\"column\">\n\t\t\t<div class=\"elementor-widget-wrap elementor-element-populated\">\n\t\t\t\t\t\t<div class=\"elementor-element elementor-element-771467e3 elementor-widget elementor-widget-heading\" data-id=\"771467e3\" data-element_type=\"widget\" data-widget_type=\"heading.default\">\n\t\t\t\t<div class=\"elementor-widget-container\">\n\t\t\t<h2 class=\"elementor-heading-title elementor-size-default\">148 young people<\/h2>\t\t<\/div>\n\t\t\t\t<\/div>\n\t\t\t\t<div class=\"elementor-element elementor-element-270adb9d elementor-widget-divider--view-line elementor-widget elementor-widget-divider\" data-id=\"270adb9d\" data-element_type=\"widget\" data-widget_type=\"divider.default\">\n\t\t\t\t<div class=\"elementor-widget-container\">\n\t\t\t\t\t<div class=\"elementor-divider\">\n\t\t\t<span class=\"elementor-divider-separator\">\n\t\t\t\t\t\t<\/span>\n\t\t<\/div>\n\t\t\t\t<\/div>\n\t\t\t\t<\/div>\n\t\t\t\t<div class=\"elementor-element elementor-element-61ffa4c6 elementor-widget elementor-widget-text-editor\" data-id=\"61ffa4c6\" data-element_type=\"widget\" data-widget_type=\"text-editor.default\">\n\t\t\t\t<div class=\"elementor-widget-container\">\n\t\t\t\t\t\t\t<p><strong>Cybersecurity Certificate at&nbsp;<\/strong>ESATIC Cybersecurity Innovation Center<\/p>\n<p>Partners:<\/p>\n<ul>\n<li>Smart Africa Digital Academy (SADA)<\/li>\n<li>HITACHI<\/li>\n<\/ul>\t\t\t\t\t\t<\/div>\n\t\t\t\t<\/div>\n\t\t\t\t\t<\/div>\n\t\t<\/div>\n\t\t\t\t<div class=\"elementor-column elementor-col-33 elementor-inner-column elementor-element elementor-element-75f63884\" data-id=\"75f63884\" data-element_type=\"column\">\n\t\t\t<div class=\"elementor-widget-wrap elementor-element-populated\">\n\t\t\t\t\t\t<div class=\"elementor-element elementor-element-339a45b9 elementor-widget elementor-widget-heading\" data-id=\"339a45b9\" data-element_type=\"widget\" data-widget_type=\"heading.default\">\n\t\t\t\t<div class=\"elementor-widget-container\">\n\t\t\t<h2 class=\"elementor-heading-title elementor-size-default\">20 young people<\/h2>\t\t<\/div>\n\t\t\t\t<\/div>\n\t\t\t\t<div class=\"elementor-element elementor-element-56a0cfd6 elementor-widget-divider--view-line elementor-widget elementor-widget-divider\" data-id=\"56a0cfd6\" data-element_type=\"widget\" data-widget_type=\"divider.default\">\n\t\t\t\t<div class=\"elementor-widget-container\">\n\t\t\t\t\t<div class=\"elementor-divider\">\n\t\t\t<span class=\"elementor-divider-separator\">\n\t\t\t\t\t\t<\/span>\n\t\t<\/div>\n\t\t\t\t<\/div>\n\t\t\t\t<\/div>\n\t\t\t\t<div class=\"elementor-element elementor-element-6729baa3 elementor-widget elementor-widget-text-editor\" data-id=\"6729baa3\" data-element_type=\"widget\" data-widget_type=\"text-editor.default\">\n\t\t\t\t<div class=\"elementor-widget-container\">\n\t\t\t\t\t\t\t<p>Project LeARN:&nbsp;<strong>Certificate in Data Stewards.<\/strong><\/p>\n<p>Data Management Expert.<\/p>\n<p>Partners:<\/p>\n<ul>\n<li>Ministry of Digitalization and Digital Transformation of the Republic of Benin,<\/li>\n<li>Smart Africa Digital Academy<\/li>\n<\/ul>\t\t\t\t\t\t<\/div>\n\t\t\t\t<\/div>\n\t\t\t\t\t<\/div>\n\t\t<\/div>\n\t\t\t\t\t<\/div>\n\t\t<\/section>\n\t\t\t\t<section class=\"elementor-section elementor-inner-section elementor-element elementor-element-9770f52 elementor-section-boxed elementor-section-height-default elementor-section-height-default wpr-particle-no wpr-jarallax-no wpr-parallax-no wpr-sticky-section-no\" data-id=\"9770f52\" data-element_type=\"section\">\n\t\t\t\t\t\t<div class=\"elementor-container elementor-column-gap-default\">\n\t\t\t\t\t<div class=\"elementor-column elementor-col-50 elementor-inner-column elementor-element elementor-element-b3bd107\" data-id=\"b3bd107\" data-element_type=\"column\">\n\t\t\t<div class=\"elementor-widget-wrap elementor-element-populated\">\n\t\t\t\t\t\t<div class=\"elementor-element elementor-element-6e602f5 elementor-widget elementor-widget-heading\" data-id=\"6e602f5\" data-element_type=\"widget\" data-widget_type=\"heading.default\">\n\t\t\t\t<div class=\"elementor-widget-container\">\n\t\t\t<h2 class=\"elementor-heading-title elementor-size-default\">152 young people<\/h2>\t\t<\/div>\n\t\t\t\t<\/div>\n\t\t\t\t<div class=\"elementor-element elementor-element-61607ef elementor-widget-divider--view-line elementor-widget elementor-widget-divider\" data-id=\"61607ef\" data-element_type=\"widget\" data-widget_type=\"divider.default\">\n\t\t\t\t<div class=\"elementor-widget-container\">\n\t\t\t\t\t<div class=\"elementor-divider\">\n\t\t\t<span class=\"elementor-divider-separator\">\n\t\t\t\t\t\t<\/span>\n\t\t<\/div>\n\t\t\t\t<\/div>\n\t\t\t\t<\/div>\n\t\t\t\t<div class=\"elementor-element elementor-element-58ea292 elementor-widget elementor-widget-text-editor\" data-id=\"58ea292\" data-element_type=\"widget\" data-widget_type=\"text-editor.default\">\n\t\t\t\t<div class=\"elementor-widget-container\">\n\t\t\t\t\t\t\t<p><strong>Cyber Ops Training Pilot Project in <\/strong><strong>Cascade<\/strong><\/p><p>(ESATIC Cybersecurity Innovation Center)<\/p><p>Partners:<\/p><ul><li>Smart Africa Digital Academy<\/li><\/ul>\t\t\t\t\t\t<\/div>\n\t\t\t\t<\/div>\n\t\t\t\t\t<\/div>\n\t\t<\/div>\n\t\t\t\t<div class=\"elementor-column elementor-col-50 elementor-inner-column elementor-element elementor-element-d138b5e\" data-id=\"d138b5e\" data-element_type=\"column\">\n\t\t\t<div class=\"elementor-widget-wrap elementor-element-populated\">\n\t\t\t\t\t\t<div class=\"elementor-element elementor-element-e898bae elementor-widget elementor-widget-heading\" data-id=\"e898bae\" data-element_type=\"widget\" data-widget_type=\"heading.default\">\n\t\t\t\t<div class=\"elementor-widget-container\">\n\t\t\t<h2 class=\"elementor-heading-title elementor-size-default\">200 young people<\/h2>\t\t<\/div>\n\t\t\t\t<\/div>\n\t\t\t\t<div class=\"elementor-element elementor-element-f00fabb elementor-widget-divider--view-line elementor-widget elementor-widget-divider\" data-id=\"f00fabb\" data-element_type=\"widget\" data-widget_type=\"divider.default\">\n\t\t\t\t<div class=\"elementor-widget-container\">\n\t\t\t\t\t<div class=\"elementor-divider\">\n\t\t\t<span class=\"elementor-divider-separator\">\n\t\t\t\t\t\t<\/span>\n\t\t<\/div>\n\t\t\t\t<\/div>\n\t\t\t\t<\/div>\n\t\t\t\t<div class=\"elementor-element elementor-element-54208ca elementor-widget elementor-widget-text-editor\" data-id=\"54208ca\" data-element_type=\"widget\" data-widget_type=\"text-editor.default\">\n\t\t\t\t<div class=\"elementor-widget-container\">\n\t\t\t\t\t\t\t<p><strong>Certified Digital Strategist and AI-Assisted Designer<\/strong><\/p><ul><li>Youth Entrepreneurial Innovation Support Project in C\u00f4te d'Ivoire (PSIEJ CI)<\/li><li>Youth Employment Agency (AEJ)<\/li><\/ul>\t\t\t\t\t\t<\/div>\n\t\t\t\t<\/div>\n\t\t\t\t\t<\/div>\n\t\t<\/div>\n\t\t\t\t\t<\/div>\n\t\t<\/section>\n\t\t\t\t\t<\/div>\n\t\t<\/div>\n\t\t\t\t\t<\/div>\n\t\t<\/section>\n\t\t\t\t<\/div>","protected":false},"excerpt":{"rendered":"<p>+700 jeunes formes dans les m\u00e9tiers du num\u00e9rique 250 jeunes Ing\u00e9nierie du fixe&nbsp;: R\u00e9seaux T\u00e9l\u00e9phoniques Commut\u00e9s (RTC) et ADSL Partenaires : Orange et C\u00f4te d\u2019Ivoire T\u00e9l\u00e9com (Projet RSE) 148 jeunes Certificat en cybers\u00e9curit\u00e9 au&nbsp;Centre d\u2019Innovation en Cybers\u00e9curit\u00e9 de l\u2019ESATIC Partenaires : Smart Africa Digital Academy (SADA) HITACHI 20 jeunes Projet LeARN :&nbsp;Certificat en Data Stewards. Expert en gestion des donn\u00e9es. Partenaires : Minist\u00e8re du num\u00e9rique et de la Digitalisation de la R\u00e9publique du B\u00e9nin, Smart Africa Digital Academy 152 jeunes Projet pilote de formation Cyber Ops en Cascade (Centre d\u2019Innovation en Cybers\u00e9curit\u00e9 de l\u2019ESATIC) Partenaires : Smart Africa Digital Academy 200 jeunes Certificat Strat\u00e8ge Digital et Designer Assist\u00e9 par IA Projet de Soutien \u00e0 l\u2019Innovation Entrepreneuriale des Jeunes en C\u00f4te d\u2019Ivoire (PSIEJ CI) Agence Emploi Jeunes (AEJ)<\/p>","protected":false},"author":1,"featured_media":12217,"parent":0,"menu_order":0,"comment_status":"closed","ping_status":"closed","template":"","meta":{"footnotes":""},"class_list":["post-13955","page","type-page","status-publish","has-post-thumbnail","hentry"],"featured_image_src":"https:\/\/esatic.ci\/wp-content\/uploads\/2025\/09\/ESATIC_1000_jeunes_02.jpg","yoast_head":"<!-- This site is optimized with the Yoast SEO plugin v27.4 - https:\/\/yoast.com\/product\/yoast-seo-wordpress\/ -->\n<title>Formation de 700 jeunes par ESATIC<\/title>\n<meta name=\"description\" content=\"Formation de plus de 700 jeunes par ESATIC aux m\u00e9tiers de num\u00e9riques avec plusieurs partenaires nationaux et internationaux.\" \/>\n<meta name=\"robots\" content=\"index, follow, max-snippet:-1, max-image-preview:large, max-video-preview:-1\" \/>\n<link rel=\"canonical\" href=\"https:\/\/esatic.ci\/en\/youth-training\/\" \/>\n<meta property=\"og:locale\" content=\"en_US\" \/>\n<meta property=\"og:type\" content=\"article\" \/>\n<meta property=\"og:title\" content=\"Formation de 700 jeunes par ESATIC\" \/>\n<meta property=\"og:description\" content=\"Formation de plus de 700 jeunes par ESATIC aux m\u00e9tiers de num\u00e9riques avec plusieurs partenaires nationaux et internationaux.\" \/>\n<meta property=\"og:url\" content=\"https:\/\/esatic.ci\/en\/youth-training\/\" \/>\n<meta property=\"og:site_name\" content=\"ESATIC\" \/>\n<meta property=\"article:publisher\" content=\"https:\/\/www.facebook.com\/EsaticOfficielle\/?locale=fr_FR\" \/>\n<meta property=\"article:modified_time\" content=\"2026-04-03T04:45:53+00:00\" \/>\n<meta property=\"og:image\" content=\"https:\/\/esatic.ci\/wp-content\/uploads\/2025\/09\/ESATIC_1000_jeunes_02.jpg\" \/>\n\t<meta property=\"og:image:width\" content=\"1920\" \/>\n\t<meta property=\"og:image:height\" content=\"1280\" \/>\n\t<meta property=\"og:image:type\" content=\"image\/jpeg\" \/>\n<meta name=\"twitter:card\" content=\"summary_large_image\" \/>\n<meta name=\"twitter:label1\" content=\"Est. reading time\" \/>\n\t<meta name=\"twitter:data1\" content=\"1 minute\" \/>\n<script type=\"application\/ld+json\" class=\"yoast-schema-graph\">{\"@context\":\"https:\\\/\\\/schema.org\",\"@graph\":[{\"@type\":\"WebPage\",\"@id\":\"https:\\\/\\\/esatic.ci\\\/formations-jeunes\\\/\",\"url\":\"https:\\\/\\\/esatic.ci\\\/formations-jeunes\\\/\",\"name\":\"Formation de 700 jeunes par ESATIC\",\"isPartOf\":{\"@id\":\"https:\\\/\\\/esatic.ci\\\/#website\"},\"primaryImageOfPage\":{\"@id\":\"https:\\\/\\\/esatic.ci\\\/formations-jeunes\\\/#primaryimage\"},\"image\":{\"@id\":\"https:\\\/\\\/esatic.ci\\\/formations-jeunes\\\/#primaryimage\"},\"thumbnailUrl\":\"https:\\\/\\\/esatic.ci\\\/wp-content\\\/uploads\\\/2025\\\/09\\\/ESATIC_1000_jeunes_02.jpg\",\"datePublished\":\"2026-04-01T09:19:06+00:00\",\"dateModified\":\"2026-04-03T04:45:53+00:00\",\"description\":\"Formation de plus de 700 jeunes par ESATIC aux m\u00e9tiers de num\u00e9riques avec plusieurs partenaires nationaux et internationaux.\",\"breadcrumb\":{\"@id\":\"https:\\\/\\\/esatic.ci\\\/formations-jeunes\\\/#breadcrumb\"},\"inLanguage\":\"en-US\",\"potentialAction\":[{\"@type\":\"ReadAction\",\"target\":[\"https:\\\/\\\/esatic.ci\\\/formations-jeunes\\\/\"]}]},{\"@type\":\"ImageObject\",\"inLanguage\":\"en-US\",\"@id\":\"https:\\\/\\\/esatic.ci\\\/formations-jeunes\\\/#primaryimage\",\"url\":\"https:\\\/\\\/esatic.ci\\\/wp-content\\\/uploads\\\/2025\\\/09\\\/ESATIC_1000_jeunes_02.jpg\",\"contentUrl\":\"https:\\\/\\\/esatic.ci\\\/wp-content\\\/uploads\\\/2025\\\/09\\\/ESATIC_1000_jeunes_02.jpg\",\"width\":1920,\"height\":1280},{\"@type\":\"BreadcrumbList\",\"@id\":\"https:\\\/\\\/esatic.ci\\\/formations-jeunes\\\/#breadcrumb\",\"itemListElement\":[{\"@type\":\"ListItem\",\"position\":1,\"name\":\"Accueil\",\"item\":\"https:\\\/\\\/esatic.ci\\\/\"},{\"@type\":\"ListItem\",\"position\":2,\"name\":\"Formations Jeunes\"}]},{\"@type\":\"WebSite\",\"@id\":\"https:\\\/\\\/esatic.ci\\\/#website\",\"url\":\"https:\\\/\\\/esatic.ci\\\/\",\"name\":\"ESATIC\",\"description\":\"Ecole Sup\u00e9rieure Africaine des Technologies de l&#039;Information et de la Communication\",\"publisher\":{\"@id\":\"https:\\\/\\\/esatic.ci\\\/#organization\"},\"potentialAction\":[{\"@type\":\"SearchAction\",\"target\":{\"@type\":\"EntryPoint\",\"urlTemplate\":\"https:\\\/\\\/esatic.ci\\\/?s={search_term_string}\"},\"query-input\":{\"@type\":\"PropertyValueSpecification\",\"valueRequired\":true,\"valueName\":\"search_term_string\"}}],\"inLanguage\":\"en-US\"},{\"@type\":\"Organization\",\"@id\":\"https:\\\/\\\/esatic.ci\\\/#organization\",\"name\":\"ESATIC\",\"url\":\"https:\\\/\\\/esatic.ci\\\/\",\"logo\":{\"@type\":\"ImageObject\",\"inLanguage\":\"en-US\",\"@id\":\"https:\\\/\\\/esatic.ci\\\/#\\\/schema\\\/logo\\\/image\\\/\",\"url\":\"https:\\\/\\\/esatic.ci\\\/wp-content\\\/uploads\\\/2024\\\/10\\\/presentation_esatic.jpg\",\"contentUrl\":\"https:\\\/\\\/esatic.ci\\\/wp-content\\\/uploads\\\/2024\\\/10\\\/presentation_esatic.jpg\",\"width\":1043,\"height\":418,\"caption\":\"ESATIC\"},\"image\":{\"@id\":\"https:\\\/\\\/esatic.ci\\\/#\\\/schema\\\/logo\\\/image\\\/\"},\"sameAs\":[\"https:\\\/\\\/www.facebook.com\\\/EsaticOfficielle\\\/?locale=fr_FR\",\"https:\\\/\\\/www.linkedin.com\\\/school\\\/esaticofficielle\"]}]}<\/script>\n<!-- \/ Yoast SEO plugin. -->","yoast_head_json":{"title":"700 young people trained by ESATIC","description":"ESATIC trains over 700 young people in digital professions with several national and international partners.","robots":{"index":"index","follow":"follow","max-snippet":"max-snippet:-1","max-image-preview":"max-image-preview:large","max-video-preview":"max-video-preview:-1"},"canonical":"https:\/\/esatic.ci\/en\/youth-training\/","og_locale":"en_US","og_type":"article","og_title":"Formation de 700 jeunes par ESATIC","og_description":"Formation de plus de 700 jeunes par ESATIC aux m\u00e9tiers de num\u00e9riques avec plusieurs partenaires nationaux et internationaux.","og_url":"https:\/\/esatic.ci\/en\/youth-training\/","og_site_name":"ESATIC","article_publisher":"https:\/\/www.facebook.com\/EsaticOfficielle\/?locale=fr_FR","article_modified_time":"2026-04-03T04:45:53+00:00","og_image":[{"width":1920,"height":1280,"url":"https:\/\/esatic.ci\/wp-content\/uploads\/2025\/09\/ESATIC_1000_jeunes_02.jpg","type":"image\/jpeg"}],"twitter_card":"summary_large_image","twitter_misc":{"Est. reading time":"1 minute"},"schema":{"@context":"https:\/\/schema.org","@graph":[{"@type":"WebPage","@id":"https:\/\/esatic.ci\/formations-jeunes\/","url":"https:\/\/esatic.ci\/formations-jeunes\/","name":"700 young people trained by ESATIC","isPartOf":{"@id":"https:\/\/esatic.ci\/#website"},"primaryImageOfPage":{"@id":"https:\/\/esatic.ci\/formations-jeunes\/#primaryimage"},"image":{"@id":"https:\/\/esatic.ci\/formations-jeunes\/#primaryimage"},"thumbnailUrl":"https:\/\/esatic.ci\/wp-content\/uploads\/2025\/09\/ESATIC_1000_jeunes_02.jpg","datePublished":"2026-04-01T09:19:06+00:00","dateModified":"2026-04-03T04:45:53+00:00","description":"ESATIC trains over 700 young people in digital professions with several national and international partners.","breadcrumb":{"@id":"https:\/\/esatic.ci\/formations-jeunes\/#breadcrumb"},"inLanguage":"en-US","potentialAction":[{"@type":"ReadAction","target":["https:\/\/esatic.ci\/formations-jeunes\/"]}]},{"@type":"ImageObject","inLanguage":"en-US","@id":"https:\/\/esatic.ci\/formations-jeunes\/#primaryimage","url":"https:\/\/esatic.ci\/wp-content\/uploads\/2025\/09\/ESATIC_1000_jeunes_02.jpg","contentUrl":"https:\/\/esatic.ci\/wp-content\/uploads\/2025\/09\/ESATIC_1000_jeunes_02.jpg","width":1920,"height":1280},{"@type":"BreadcrumbList","@id":"https:\/\/esatic.ci\/formations-jeunes\/#breadcrumb","itemListElement":[{"@type":"ListItem","position":1,"name":"Accueil","item":"https:\/\/esatic.ci\/"},{"@type":"ListItem","position":2,"name":"Formations Jeunes"}]},{"@type":"WebSite","@id":"https:\/\/esatic.ci\/#website","url":"https:\/\/esatic.ci\/","name":"ESATIC","description":"African College of Information and Communication Technologies","publisher":{"@id":"https:\/\/esatic.ci\/#organization"},"potentialAction":[{"@type":"SearchAction","target":{"@type":"EntryPoint","urlTemplate":"https:\/\/esatic.ci\/?s={search_term_string}"},"query-input":{"@type":"PropertyValueSpecification","valueRequired":true,"valueName":"search_term_string"}}],"inLanguage":"en-US"},{"@type":"Organization","@id":"https:\/\/esatic.ci\/#organization","name":"ESATIC","url":"https:\/\/esatic.ci\/","logo":{"@type":"ImageObject","inLanguage":"en-US","@id":"https:\/\/esatic.ci\/#\/schema\/logo\/image\/","url":"https:\/\/esatic.ci\/wp-content\/uploads\/2024\/10\/presentation_esatic.jpg","contentUrl":"https:\/\/esatic.ci\/wp-content\/uploads\/2024\/10\/presentation_esatic.jpg","width":1043,"height":418,"caption":"ESATIC"},"image":{"@id":"https:\/\/esatic.ci\/#\/schema\/logo\/image\/"},"sameAs":["https:\/\/www.facebook.com\/EsaticOfficielle\/?locale=fr_FR","https:\/\/www.linkedin.com\/school\/esaticofficielle"]}]}},"_links":{"self":[{"href":"https:\/\/esatic.ci\/en\/wp-json\/wp\/v2\/pages\/13955","targetHints":{"allow":["GET"]}}],"collection":[{"href":"https:\/\/esatic.ci\/en\/wp-json\/wp\/v2\/pages"}],"about":[{"href":"https:\/\/esatic.ci\/en\/wp-json\/wp\/v2\/types\/page"}],"author":[{"embeddable":true,"href":"https:\/\/esatic.ci\/en\/wp-json\/wp\/v2\/users\/1"}],"replies":[{"embeddable":true,"href":"https:\/\/esatic.ci\/en\/wp-json\/wp\/v2\/comments?post=13955"}],"version-history":[{"count":5,"href":"https:\/\/esatic.ci\/en\/wp-json\/wp\/v2\/pages\/13955\/revisions"}],"predecessor-version":[{"id":14216,"href":"https:\/\/esatic.ci\/en\/wp-json\/wp\/v2\/pages\/13955\/revisions\/14216"}],"wp:featuredmedia":[{"embeddable":true,"href":"https:\/\/esatic.ci\/en\/wp-json\/wp\/v2\/media\/12217"}],"wp:attachment":[{"href":"https:\/\/esatic.ci\/en\/wp-json\/wp\/v2\/media?parent=13955"}],"curies":[{"name":"wp","href":"https:\/\/api.w.org\/{rel}","templated":true}]}}