{"id":13338,"date":"2026-02-11T16:21:06","date_gmt":"2026-02-11T16:21:06","guid":{"rendered":"https:\/\/esatic.ci\/?page_id=13338"},"modified":"2026-02-11T16:30:15","modified_gmt":"2026-02-11T16:30:15","slug":"the-franco-ivorian-hub","status":"publish","type":"page","link":"https:\/\/esatic.ci\/en\/the-franco-ivorian-hub\/","title":{"rendered":"The Franco-Ivorian HUB"},"content":{"rendered":"<p><span style=\"color: #000000;\">A total of 114 students from the Ecole sup\u00e9rieure africaine des Technologies de l'information et de la communication (ESATIC) received their diplomas on Thursday June 20, 2024, in Abidjan, during the first edition of the celebration of the merit of learners from the Hub r\u00e9gional Franco-Ivoirien (HubFI) pour l'\u00e9ducation.<\/span><\/p>\n<p><span style=\"color: #000000;\">These French diplomas, obtained in C\u00f4te d'Ivoire, are the fruit of a partnership between ESATIC and the above-mentioned French establishments, set up in 2020-2021 as part of HubFI for education.<\/span><\/p>\n<p><span style=\"color: #000000;\">After two years' training in C\u00f4te d'Ivoire, these students, who are now all in employment, have obtained their work-study Master's degrees in the following fields Experts r\u00e9seaux, infrastructures et s\u00e9curit\u00e9 (ERIS) in partnership with the Institut d'ing\u00e9nierie informatique de Limoges (3IL Limoges), Master in Big Data Intelligence for Human Augmented Reality (BIHAR) with ESTIA, Bidart, Master in Mobility, Big Data and Systems (MBDS) with Universit\u00e9 C\u00f4te d'Azur and Master in Web Technology and Cybersecurity (TWCS) with IMT Atlantique, Bretagne.<\/span><\/p>\n<p><span style=\"color: #000000;\">\u00a0The idea is to train French graduates while remaining in C\u00f4te d'Ivoire. This reduces transportation, accommodation and tuition costs. A course costing almost 6 million FCFA in France is delivered in C\u00f4te d'Ivoire for around 1.6 million FCFA a year, over two years, with a diploma equivalent to those of French students, accepted by all major French companies. This model also aims to combat the brain drain, which is a loss for the national economy.<\/span><\/p>","protected":false},"excerpt":{"rendered":"<p>A total of 114 students from the Ecole sup\u00e9rieure africaine des Technologies de l'information et de la communication (ESATIC) received their diplomas on Thursday, June 20, 2024, in Abidjan, at the first edition of the Franco-Ivorian Regional HubFI (HubFI) for Education learner merit celebration. These French diplomas, obtained in C\u00f4te d'Ivoire, are the fruit of a partnership between ESATIC and the above-mentioned French establishments, set up in 2020-2021 as part of the HubFI for education. After two years' training in C\u00f4te d'Ivoire, these students, who are now all in employment, have obtained their work-study Master's degrees in the following fields Experts r\u00e9seaux, infrastructures et s\u00e9curit\u00e9 (ERIS) in partnership with the Institut d'ing\u00e9nierie informatique de Limoges (3IL Limoges), Master in Big Data Intelligence for Human Augmented Reality (BIHAR) with ESTIA, Bidart, Master in Mobility, Big Data and Systems (MBDS) with Universit\u00e9 C\u00f4te d'Azur and Master in Web Technology and Cybersecurity (TWCS) with IMT Atlantique, Bretagne.  The aim is to train French graduates while remaining in C\u00f4te d'Ivoire. This reduces transportation, accommodation and tuition costs. A course costing almost 6 million FCFA in France is delivered in C\u00f4te d'Ivoire for around 1.6 million FCFA per year, over two years, with a diploma equivalent to those of French students, accepted by all major French companies. This model also aims to combat the brain drain, which is a loss for the national economy.<\/p>","protected":false},"author":1,"featured_media":0,"parent":0,"menu_order":0,"comment_status":"closed","ping_status":"closed","template":"","meta":{"footnotes":""},"class_list":["post-13338","page","type-page","status-publish","hentry"],"featured_image_src":null,"yoast_head":"<!-- This site is optimized with the Yoast SEO plugin v27.6 - https:\/\/yoast.com\/product\/yoast-seo-wordpress\/ -->\n<title>Le HUB Franco-Ivoirien<\/title>\n<meta name=\"description\" content=\"Le HUB Franco-Ivoirien a \u00e9t\u00e9 initi\u00e9 par les deux Etats permettant aux \u00e9tudiants de passer des dipl\u00f4mes Fran\u00e7ais en C\u00f4te d&#039;Ivoire.\" \/>\n<meta name=\"robots\" content=\"index, follow, max-snippet:-1, max-image-preview:large, max-video-preview:-1\" \/>\n<link rel=\"canonical\" href=\"https:\/\/esatic.ci\/en\/the-franco-ivorian-hub\/\" \/>\n<meta property=\"og:locale\" content=\"en_US\" \/>\n<meta property=\"og:type\" content=\"article\" \/>\n<meta property=\"og:title\" content=\"Le HUB Franco-Ivoirien\" \/>\n<meta property=\"og:description\" content=\"Le HUB Franco-Ivoirien a \u00e9t\u00e9 initi\u00e9 par les deux Etats permettant aux \u00e9tudiants de passer des dipl\u00f4mes Fran\u00e7ais en C\u00f4te d&#039;Ivoire.\" \/>\n<meta property=\"og:url\" content=\"https:\/\/esatic.ci\/en\/the-franco-ivorian-hub\/\" \/>\n<meta property=\"og:site_name\" content=\"ESATIC\" \/>\n<meta property=\"article:publisher\" content=\"https:\/\/www.facebook.com\/EsaticOfficielle\/?locale=fr_FR\" \/>\n<meta property=\"article:modified_time\" content=\"2026-02-11T16:30:15+00:00\" \/>\n<meta name=\"twitter:card\" content=\"summary_large_image\" \/>\n<meta name=\"twitter:label1\" content=\"Est. reading time\" \/>\n\t<meta name=\"twitter:data1\" content=\"2 minutes\" \/>\n<script type=\"application\/ld+json\" class=\"yoast-schema-graph\">{\"@context\":\"https:\\\/\\\/schema.org\",\"@graph\":[{\"@type\":\"WebPage\",\"@id\":\"https:\\\/\\\/esatic.ci\\\/le-hub-franco-ivoirien\\\/\",\"url\":\"https:\\\/\\\/esatic.ci\\\/le-hub-franco-ivoirien\\\/\",\"name\":\"Le HUB Franco-Ivoirien\",\"isPartOf\":{\"@id\":\"https:\\\/\\\/esatic.ci\\\/#website\"},\"datePublished\":\"2026-02-11T16:21:06+00:00\",\"dateModified\":\"2026-02-11T16:30:15+00:00\",\"description\":\"Le HUB Franco-Ivoirien a \u00e9t\u00e9 initi\u00e9 par les deux Etats permettant aux \u00e9tudiants de passer des dipl\u00f4mes Fran\u00e7ais en C\u00f4te d'Ivoire.\",\"breadcrumb\":{\"@id\":\"https:\\\/\\\/esatic.ci\\\/le-hub-franco-ivoirien\\\/#breadcrumb\"},\"inLanguage\":\"en-US\",\"potentialAction\":[{\"@type\":\"ReadAction\",\"target\":[\"https:\\\/\\\/esatic.ci\\\/le-hub-franco-ivoirien\\\/\"]}]},{\"@type\":\"BreadcrumbList\",\"@id\":\"https:\\\/\\\/esatic.ci\\\/le-hub-franco-ivoirien\\\/#breadcrumb\",\"itemListElement\":[{\"@type\":\"ListItem\",\"position\":1,\"name\":\"Accueil\",\"item\":\"https:\\\/\\\/esatic.ci\\\/\"},{\"@type\":\"ListItem\",\"position\":2,\"name\":\"Le HUB Franco-Ivoirien\"}]},{\"@type\":\"WebSite\",\"@id\":\"https:\\\/\\\/esatic.ci\\\/#website\",\"url\":\"https:\\\/\\\/esatic.ci\\\/\",\"name\":\"ESATIC\",\"description\":\"Ecole Sup\u00e9rieure Africaine des Technologies de l&#039;Information et de la Communication\",\"publisher\":{\"@id\":\"https:\\\/\\\/esatic.ci\\\/#organization\"},\"potentialAction\":[{\"@type\":\"SearchAction\",\"target\":{\"@type\":\"EntryPoint\",\"urlTemplate\":\"https:\\\/\\\/esatic.ci\\\/?s={search_term_string}\"},\"query-input\":{\"@type\":\"PropertyValueSpecification\",\"valueRequired\":true,\"valueName\":\"search_term_string\"}}],\"inLanguage\":\"en-US\"},{\"@type\":\"Organization\",\"@id\":\"https:\\\/\\\/esatic.ci\\\/#organization\",\"name\":\"ESATIC\",\"url\":\"https:\\\/\\\/esatic.ci\\\/\",\"logo\":{\"@type\":\"ImageObject\",\"inLanguage\":\"en-US\",\"@id\":\"https:\\\/\\\/esatic.ci\\\/#\\\/schema\\\/logo\\\/image\\\/\",\"url\":\"https:\\\/\\\/esatic.ci\\\/wp-content\\\/uploads\\\/2024\\\/10\\\/presentation_esatic.jpg\",\"contentUrl\":\"https:\\\/\\\/esatic.ci\\\/wp-content\\\/uploads\\\/2024\\\/10\\\/presentation_esatic.jpg\",\"width\":1043,\"height\":418,\"caption\":\"ESATIC\"},\"image\":{\"@id\":\"https:\\\/\\\/esatic.ci\\\/#\\\/schema\\\/logo\\\/image\\\/\"},\"sameAs\":[\"https:\\\/\\\/www.facebook.com\\\/EsaticOfficielle\\\/?locale=fr_FR\",\"https:\\\/\\\/www.linkedin.com\\\/school\\\/esaticofficielle\"]}]}<\/script>\n<!-- \/ Yoast SEO plugin. -->","yoast_head_json":{"title":"The Franco-Ivorian HUB","description":"The Franco-Ivoirian HUB was set up by the two countries, enabling students to obtain French diplomas in C\u00f4te d'Ivoire.","robots":{"index":"index","follow":"follow","max-snippet":"max-snippet:-1","max-image-preview":"max-image-preview:large","max-video-preview":"max-video-preview:-1"},"canonical":"https:\/\/esatic.ci\/en\/the-franco-ivorian-hub\/","og_locale":"en_US","og_type":"article","og_title":"Le HUB Franco-Ivoirien","og_description":"Le HUB Franco-Ivoirien a \u00e9t\u00e9 initi\u00e9 par les deux Etats permettant aux \u00e9tudiants de passer des dipl\u00f4mes Fran\u00e7ais en C\u00f4te d'Ivoire.","og_url":"https:\/\/esatic.ci\/en\/the-franco-ivorian-hub\/","og_site_name":"ESATIC","article_publisher":"https:\/\/www.facebook.com\/EsaticOfficielle\/?locale=fr_FR","article_modified_time":"2026-02-11T16:30:15+00:00","twitter_card":"summary_large_image","twitter_misc":{"Est. reading time":"2 minutes"},"schema":{"@context":"https:\/\/schema.org","@graph":[{"@type":"WebPage","@id":"https:\/\/esatic.ci\/le-hub-franco-ivoirien\/","url":"https:\/\/esatic.ci\/le-hub-franco-ivoirien\/","name":"The Franco-Ivorian HUB","isPartOf":{"@id":"https:\/\/esatic.ci\/#website"},"datePublished":"2026-02-11T16:21:06+00:00","dateModified":"2026-02-11T16:30:15+00:00","description":"The Franco-Ivoirian HUB was set up by the two countries, enabling students to obtain French diplomas in C\u00f4te d'Ivoire.","breadcrumb":{"@id":"https:\/\/esatic.ci\/le-hub-franco-ivoirien\/#breadcrumb"},"inLanguage":"en-US","potentialAction":[{"@type":"ReadAction","target":["https:\/\/esatic.ci\/le-hub-franco-ivoirien\/"]}]},{"@type":"BreadcrumbList","@id":"https:\/\/esatic.ci\/le-hub-franco-ivoirien\/#breadcrumb","itemListElement":[{"@type":"ListItem","position":1,"name":"Accueil","item":"https:\/\/esatic.ci\/"},{"@type":"ListItem","position":2,"name":"Le HUB Franco-Ivoirien"}]},{"@type":"WebSite","@id":"https:\/\/esatic.ci\/#website","url":"https:\/\/esatic.ci\/","name":"ESATIC","description":"African College of Information and Communication Technologies","publisher":{"@id":"https:\/\/esatic.ci\/#organization"},"potentialAction":[{"@type":"SearchAction","target":{"@type":"EntryPoint","urlTemplate":"https:\/\/esatic.ci\/?s={search_term_string}"},"query-input":{"@type":"PropertyValueSpecification","valueRequired":true,"valueName":"search_term_string"}}],"inLanguage":"en-US"},{"@type":"Organization","@id":"https:\/\/esatic.ci\/#organization","name":"ESATIC","url":"https:\/\/esatic.ci\/","logo":{"@type":"ImageObject","inLanguage":"en-US","@id":"https:\/\/esatic.ci\/#\/schema\/logo\/image\/","url":"https:\/\/esatic.ci\/wp-content\/uploads\/2024\/10\/presentation_esatic.jpg","contentUrl":"https:\/\/esatic.ci\/wp-content\/uploads\/2024\/10\/presentation_esatic.jpg","width":1043,"height":418,"caption":"ESATIC"},"image":{"@id":"https:\/\/esatic.ci\/#\/schema\/logo\/image\/"},"sameAs":["https:\/\/www.facebook.com\/EsaticOfficielle\/?locale=fr_FR","https:\/\/www.linkedin.com\/school\/esaticofficielle"]}]}},"_links":{"self":[{"href":"https:\/\/esatic.ci\/en\/wp-json\/wp\/v2\/pages\/13338","targetHints":{"allow":["GET"]}}],"collection":[{"href":"https:\/\/esatic.ci\/en\/wp-json\/wp\/v2\/pages"}],"about":[{"href":"https:\/\/esatic.ci\/en\/wp-json\/wp\/v2\/types\/page"}],"author":[{"embeddable":true,"href":"https:\/\/esatic.ci\/en\/wp-json\/wp\/v2\/users\/1"}],"replies":[{"embeddable":true,"href":"https:\/\/esatic.ci\/en\/wp-json\/wp\/v2\/comments?post=13338"}],"version-history":[{"count":3,"href":"https:\/\/esatic.ci\/en\/wp-json\/wp\/v2\/pages\/13338\/revisions"}],"predecessor-version":[{"id":13344,"href":"https:\/\/esatic.ci\/en\/wp-json\/wp\/v2\/pages\/13338\/revisions\/13344"}],"wp:attachment":[{"href":"https:\/\/esatic.ci\/en\/wp-json\/wp\/v2\/media?parent=13338"}],"curies":[{"name":"wp","href":"https:\/\/api.w.org\/{rel}","templated":true}]}}