{"id":13322,"date":"2026-02-11T16:05:35","date_gmt":"2026-02-11T16:05:35","guid":{"rendered":"https:\/\/esatic.ci\/?page_id=13322"},"modified":"2026-02-11T16:33:27","modified_gmt":"2026-02-11T16:33:27","slug":"erasmus-program","status":"publish","type":"page","link":"https:\/\/esatic.ci\/en\/erasmus-program\/","title":{"rendered":"ERASMUS program: Deep Farm - Deep Cacao project"},"content":{"rendered":"<p><span style=\"color: #000000;\">The project <strong>Deep Farm<\/strong>, funded by the <strong>ERASMUS from the European Union<\/strong>, is designed to enhance the skills of students and teachers in <strong>digital agriculture<\/strong>, through the use of\u2019<strong>Artificial Intelligence (AI)<\/strong>, from <strong>Big Data<\/strong> and the\u2019<strong>Internet of Things (IoT)<\/strong>.<\/span><\/p>\n<p><span style=\"color: #000000;\">DEEP FARM is a consortium of twelve (12) academic institutions (See Table 1 below) where four (4) European universities (2 in France, 1 in Italy, and 1 in Turkey) support eight (8) universities in four (4) third countries (Madagascar, C\u00f4te d'Ivoire, Haiti, and the Dominican Republic) to address the existing skills gap. This consortium works to strengthen the knowledge and capabilities of agronomy students with new AI and Big Data tools to face the challenges of modern\/green agriculture.<\/span><\/p>\n<p><span style=\"color: #000000;\">Pilot projects include <strong>Deep Cacao<\/strong>, in C\u00f4te d'Ivoire by the\u2019<strong>ESATIC<\/strong> and the\u2019<strong>INPHB<\/strong>.<\/span><\/p>\n<p><span style=\"color: #000000;\">In this project, ESATIC is implementing an AI model based on neural networks to detect and prevent SWOLLEN SHOOT disease (analyzed by INPHB), one of the biggest threats to cocoa cultivation in C\u00f4te d'Ivoire. We present a table of the consortium's contributions.<\/span><\/p>\n<p><span style=\"color: #000000;\"><strong>Table of sites in the Deep Farm project<\/strong><\/span><\/p>\n<table>\n<tbody>\n<tr>\n<td width=\"123\"><span style=\"color: #000000;\"><strong>Country<\/strong><\/span><\/td>\n<td width=\"340\"><span style=\"color: #000000;\"><strong>Establishments<\/strong><\/span><\/td>\n<td width=\"193\"><span style=\"color: #000000;\"><strong>Contributions<\/strong><\/span><\/td>\n<\/tr>\n<tr>\n<td rowspan=\"2\" width=\"123\"><span style=\"color: #000000;\">France<\/span><\/p>\n<p><span style=\"color: #000000;\">(02 institutions)<\/span><\/td>\n<td width=\"340\"><span style=\"color: #000000;\">ECOLE SUPERIEURE DES TECHNOLOGIES INDUSTRIELLES AVANCEES (<strong>ESTIA<\/strong>),<\/span><\/td>\n<td rowspan=\"2\" width=\"193\"><span style=\"color: #000000;\">Project coordinator and communications manager<\/span><\/td>\n<\/tr>\n<tr>\n<td width=\"340\"><span style=\"color: #000000;\">AGENCY FOR TRAINING AND RESEARCH IN IA (<strong>AFRIA<\/strong>)<\/span><\/td>\n<\/tr>\n<tr>\n<td width=\"123\"><span style=\"color: #000000;\">Italy<\/span><\/td>\n<td width=\"340\"><span style=\"color: #000000;\">UNIVERSITA DEGLI STUDI DI SIENA (<strong>UNISI<\/strong>)<\/span><\/td>\n<td width=\"193\"><span style=\"color: #000000;\">Capacity building for RN teachers<\/span><\/td>\n<\/tr>\n<tr>\n<td width=\"123\"><span style=\"color: #000000;\">Turkey<\/span><\/td>\n<td width=\"340\"><span style=\"color: #000000;\">YASAR UNIVERSITESI <strong>(YASARU)<\/strong><\/span><\/td>\n<td width=\"193\"><span style=\"color: #000000;\">Deep Olive Project<\/span><\/td>\n<\/tr>\n<tr>\n<td rowspan=\"2\" width=\"123\"><span style=\"color: #000000;\">Madagascar<\/span><\/p>\n<p><span style=\"color: #000000;\">(02 institutions)<\/span><\/td>\n<td width=\"340\"><span style=\"color: #000000;\">IT UNIVERSITY <strong>(ITU)<\/strong><\/span><\/td>\n<td rowspan=\"2\" width=\"193\"><span style=\"color: #000000;\">Deep Rice project<\/span><\/td>\n<\/tr>\n<tr>\n<td width=\"340\"><span style=\"color: #000000;\">UNIVERSITY OF ANTANANARIVO <strong>(UNIVA)<\/strong><\/span><\/td>\n<\/tr>\n<tr>\n<td rowspan=\"2\" width=\"123\"><span style=\"color: #000000;\">Ivory Coast<\/span><\/p>\n<p><span style=\"color: #000000;\">(02 institutions)<\/span><\/td>\n<td width=\"340\"><span style=\"color: #000000;\">ECOLE SUPERIEURE AFRICAINE DES TIC <strong>(ESATIC)<\/strong><\/span><\/td>\n<td rowspan=\"2\" width=\"193\"><span style=\"color: #000000;\"><strong>Deep Cocoa project<\/strong><\/span><\/td>\n<\/tr>\n<tr>\n<td width=\"340\"><span style=\"color: #000000;\">INSTITUT NATIONAL POLYTECHNIQUE FELIX HOUPHOUET-BOIGNY <strong>(INPHB)<\/strong><\/span><\/td>\n<\/tr>\n<tr>\n<td rowspan=\"2\" width=\"123\"><span style=\"color: #000000;\">Haiti<\/span><\/p>\n<p><span style=\"color: #000000;\">(02 institutions)<\/span><\/td>\n<td width=\"340\"><span style=\"color: #000000;\">State University of Haiti <strong>(UEH)<\/strong><\/span><\/td>\n<td rowspan=\"2\" width=\"193\"><span style=\"color: #000000;\">Deep Mango Project<\/span><\/td>\n<\/tr>\n<tr>\n<td width=\"340\"><span style=\"color: #000000;\">Higher School of Infotronics of Haiti SA <strong>(ESIH)<\/strong><\/span><\/td>\n<\/tr>\n<tr>\n<td rowspan=\"2\" width=\"123\"><span style=\"color: #000000;\">Dominican Republic<\/span><\/p>\n<p><span style=\"color: #000000;\">(02 institutions)<\/span><\/td>\n<td width=\"340\"><span style=\"color: #000000;\">UNIVERSIDAD TECNOLOGICA DE SANTIAGO <strong>(UTESA)<\/strong><\/span><\/td>\n<td rowspan=\"2\" width=\"193\"><span style=\"color: #000000;\">Deep Banana project<\/span><\/td>\n<\/tr>\n<tr>\n<td width=\"340\"><span style=\"color: #000000;\">UNIVERSIDAD ISA INC ASOCIACION SINFINES DE LUCRO <strong>(ISA)<\/strong><\/span><\/td>\n<\/tr>\n<\/tbody>\n<\/table>\n<p>&nbsp;<\/p>\n<p><span style=\"color: #000000;\">The Deep Farm \/ Deep Cacao project is drawing to a close with a positive overall assessment: all the major objectives have been achieved.<\/span><\/p>\n<p><span style=\"color: #000000;\">The results - skills, digital tools, databases and a mobile application - are a lasting legacy for ESATIC, INPHB and all our partners.<\/span><\/p>\n<p><span style=\"color: #000000;\">This project marks a decisive step in the digital transition of Ivorian agriculture, and opens up promising prospects for the future of research, innovation and sustainable agricultural development in Africa.<\/span><\/p>","protected":false},"excerpt":{"rendered":"<p>Le projet Deep Farm, financ\u00e9 par le programme ERASMUS de l\u2019Union Europ\u00e9enne, vise \u00e0 renforcer les capacit\u00e9s des \u00e9tudiants et enseignants en agriculture num\u00e9rique, \u00e0 travers l\u2019utilisation de l\u2019Intelligence Artificielle (IA), du Big Data et de l\u2019Internet des Objets (IoT). DEEP FARM est un consortium de douze (12) \u00e9tablissements acad\u00e9miques (Voir tableau 1 ci-dessous) o\u00f9 quatre (4) universit\u00e9s europ\u00e9ennes (2 en France, 1 en Italie et 1 en Turquie) soutiennent huit (8) universit\u00e9s dans quatre (4) pays tiers (Madagascar, C\u00f4te d&rsquo;Ivoire, Ha\u00efti et R\u00e9publique dominicaine) pour combler le d\u00e9ficit de comp\u00e9tences existant. Ce consortium travaille \u00e0 renforcer les connaissances et les capacit\u00e9s des \u00e9tudiants en agronomie avec de nouveaux outils en IA et Big Data pour faire face aux d\u00e9fis de l&rsquo;agriculture moderne\/verte. Parmi les projets pilotes figure Deep Cacao, men\u00e9 en C\u00f4te d\u2019Ivoire par l\u2019ESATIC et l\u2019INPHB. Dans ce projet, il est question, pour l\u2019ESATIC, de mettre en place un mod\u00e8le IA bas\u00e9 sur les r\u00e9seaux de neurones pour d\u00e9tecter et pr\u00e9venir au plut\u00f4t la maladie de SWOLLEN SHOOT (analys\u00e9e par l\u2019INPHB), qui est l\u2019une des plus grandes menaces sur la culture du cacao en C\u00f4te d\u2019Ivoire. Nous pr\u00e9sentons un tableau des contributions du consortium. Tableau des \u00e9tablissements dans le projet Deep Farm Pays Etablissements Contributions France (02 institutions) ECOLE SUPERIEURE DES TECHNOLOGIES INDUSTRIELLES AVANCEES (ESTIA), Coordinateur du projet et charg\u00e9 de communication AGENCE POUR LA FORMATION ET LA RECHERCHE EN IA (AFRIA) Italie UNIVERSITA DEGLI STUDI DI SIENA (UNISI) Renforcement des capacit\u00e9s des Enseignants en IA Turquie YASAR UNIVERSITESI (YASARU) Projet Deep Olive Madagascar (02 institutions) IT UNIVERSITY (ITU) Projet Deep Rice UNIVERSITY OF ANTANANARIVO (UNIVA) C\u00f4te d\u2019Ivoire (02 institutions) ECOLE SUPERIEURE AFRICAINE DES TIC (ESATIC) Projet Deep Cocoa INSTITUT NATIONAL POLYTECHNIQUE FELIX HOUPHOUET-BOIGNY (INPHB) Ha\u00efti (02 institutions) UNIVERSITE D&rsquo;ETAT D&rsquo;HAITI (UEH) Projet Deep Mango ECOLE SUPERIEURE D&rsquo;INFOTRONIQUE D&rsquo;HAITI SA (ESIH) Republique Dominicaine (02 institutions) UNIVERSIDAD TECNOLOGICA DE SANTIAGO (UTESA) Projet Deep Banana UNIVERSIDAD ISA INC ASOCIACION SINFINES DE LUCRO (ISA) &nbsp; Le projet Deep Farm \/ Deep Cacao s\u2019ach\u00e8ve avec un bilan globalement positif : tous les objectifs majeurs ont \u00e9t\u00e9 atteints. Les r\u00e9sultats obtenus \u2013 comp\u00e9tences, outils num\u00e9riques, bases de donn\u00e9es et application mobile \u2013 constituent un h\u00e9ritage durable pour l\u2019ESATIC, l\u2019INPHB et l\u2019ensemble des partenaires. Ce projet marque une \u00e9tape d\u00e9cisive dans la transition num\u00e9rique de l\u2019agriculture ivoirienne, et ouvre des perspectives prometteuses pour l\u2019avenir de la recherche, de l\u2019innovation et du d\u00e9veloppement agricole durable en Afrique.<\/p>","protected":false},"author":1,"featured_media":0,"parent":0,"menu_order":0,"comment_status":"closed","ping_status":"closed","template":"","meta":{"footnotes":""},"class_list":["post-13322","page","type-page","status-publish","hentry"],"featured_image_src":null,"yoast_head":"<!-- This site is optimized with the Yoast SEO plugin v27.4 - https:\/\/yoast.com\/product\/yoast-seo-wordpress\/ -->\n<title>Programme ERASMUS : Projet Deep Farm - Deep Cacao<\/title>\n<meta name=\"description\" content=\"Le projet Deep Farm - Deep Cacao, financ\u00e9 par le programme ERASMUS de l\u2019Union Europ\u00e9enne, vise \u00e0 renforcer les capacit\u00e9s des \u00e9tudiants ...\" \/>\n<meta name=\"robots\" content=\"index, follow, max-snippet:-1, max-image-preview:large, max-video-preview:-1\" \/>\n<link rel=\"canonical\" href=\"https:\/\/esatic.ci\/en\/erasmus-program\/\" \/>\n<meta property=\"og:locale\" content=\"en_US\" \/>\n<meta property=\"og:type\" content=\"article\" \/>\n<meta property=\"og:title\" content=\"Programme ERASMUS : Projet Deep Farm - Deep Cacao\" \/>\n<meta property=\"og:description\" content=\"Le projet Deep Farm - Deep Cacao, financ\u00e9 par le programme ERASMUS de l\u2019Union Europ\u00e9enne, vise \u00e0 renforcer les capacit\u00e9s des \u00e9tudiants ...\" \/>\n<meta property=\"og:url\" content=\"https:\/\/esatic.ci\/en\/erasmus-program\/\" \/>\n<meta property=\"og:site_name\" content=\"ESATIC\" \/>\n<meta property=\"article:publisher\" content=\"https:\/\/www.facebook.com\/EsaticOfficielle\/?locale=fr_FR\" \/>\n<meta property=\"article:modified_time\" content=\"2026-02-11T16:33:27+00:00\" \/>\n<meta name=\"twitter:card\" content=\"summary_large_image\" \/>\n<meta name=\"twitter:label1\" content=\"Est. reading time\" \/>\n\t<meta name=\"twitter:data1\" content=\"3 minutes\" \/>\n<script type=\"application\/ld+json\" class=\"yoast-schema-graph\">{\"@context\":\"https:\\\/\\\/schema.org\",\"@graph\":[{\"@type\":\"WebPage\",\"@id\":\"https:\\\/\\\/esatic.ci\\\/programme-erasmus\\\/\",\"url\":\"https:\\\/\\\/esatic.ci\\\/programme-erasmus\\\/\",\"name\":\"Programme ERASMUS : Projet Deep Farm - Deep Cacao\",\"isPartOf\":{\"@id\":\"https:\\\/\\\/esatic.ci\\\/#website\"},\"datePublished\":\"2026-02-11T16:05:35+00:00\",\"dateModified\":\"2026-02-11T16:33:27+00:00\",\"description\":\"Le projet Deep Farm - Deep Cacao, financ\u00e9 par le programme ERASMUS de l\u2019Union Europ\u00e9enne, vise \u00e0 renforcer les capacit\u00e9s des \u00e9tudiants ...\",\"breadcrumb\":{\"@id\":\"https:\\\/\\\/esatic.ci\\\/programme-erasmus\\\/#breadcrumb\"},\"inLanguage\":\"en-US\",\"potentialAction\":[{\"@type\":\"ReadAction\",\"target\":[\"https:\\\/\\\/esatic.ci\\\/programme-erasmus\\\/\"]}]},{\"@type\":\"BreadcrumbList\",\"@id\":\"https:\\\/\\\/esatic.ci\\\/programme-erasmus\\\/#breadcrumb\",\"itemListElement\":[{\"@type\":\"ListItem\",\"position\":1,\"name\":\"Accueil\",\"item\":\"https:\\\/\\\/esatic.ci\\\/\"},{\"@type\":\"ListItem\",\"position\":2,\"name\":\"Programme ERASMUS : Projet Deep Farm &#8211; Deep Cacao\"}]},{\"@type\":\"WebSite\",\"@id\":\"https:\\\/\\\/esatic.ci\\\/#website\",\"url\":\"https:\\\/\\\/esatic.ci\\\/\",\"name\":\"ESATIC\",\"description\":\"Ecole Sup\u00e9rieure Africaine des Technologies de l&#039;Information et de la Communication\",\"publisher\":{\"@id\":\"https:\\\/\\\/esatic.ci\\\/#organization\"},\"potentialAction\":[{\"@type\":\"SearchAction\",\"target\":{\"@type\":\"EntryPoint\",\"urlTemplate\":\"https:\\\/\\\/esatic.ci\\\/?s={search_term_string}\"},\"query-input\":{\"@type\":\"PropertyValueSpecification\",\"valueRequired\":true,\"valueName\":\"search_term_string\"}}],\"inLanguage\":\"en-US\"},{\"@type\":\"Organization\",\"@id\":\"https:\\\/\\\/esatic.ci\\\/#organization\",\"name\":\"ESATIC\",\"url\":\"https:\\\/\\\/esatic.ci\\\/\",\"logo\":{\"@type\":\"ImageObject\",\"inLanguage\":\"en-US\",\"@id\":\"https:\\\/\\\/esatic.ci\\\/#\\\/schema\\\/logo\\\/image\\\/\",\"url\":\"https:\\\/\\\/esatic.ci\\\/wp-content\\\/uploads\\\/2024\\\/10\\\/presentation_esatic.jpg\",\"contentUrl\":\"https:\\\/\\\/esatic.ci\\\/wp-content\\\/uploads\\\/2024\\\/10\\\/presentation_esatic.jpg\",\"width\":1043,\"height\":418,\"caption\":\"ESATIC\"},\"image\":{\"@id\":\"https:\\\/\\\/esatic.ci\\\/#\\\/schema\\\/logo\\\/image\\\/\"},\"sameAs\":[\"https:\\\/\\\/www.facebook.com\\\/EsaticOfficielle\\\/?locale=fr_FR\",\"https:\\\/\\\/www.linkedin.com\\\/school\\\/esaticofficielle\"]}]}<\/script>\n<!-- \/ Yoast SEO plugin. -->","yoast_head_json":{"title":"ERASMUS program: Deep Farm - Deep Cacao project","description":"The Deep Farm - Deep Cacao project, funded by the European Union's ERASMUS program, aims to strengthen the skills of students ...","robots":{"index":"index","follow":"follow","max-snippet":"max-snippet:-1","max-image-preview":"max-image-preview:large","max-video-preview":"max-video-preview:-1"},"canonical":"https:\/\/esatic.ci\/en\/erasmus-program\/","og_locale":"en_US","og_type":"article","og_title":"Programme ERASMUS : Projet Deep Farm - Deep Cacao","og_description":"Le projet Deep Farm - Deep Cacao, financ\u00e9 par le programme ERASMUS de l\u2019Union Europ\u00e9enne, vise \u00e0 renforcer les capacit\u00e9s des \u00e9tudiants ...","og_url":"https:\/\/esatic.ci\/en\/erasmus-program\/","og_site_name":"ESATIC","article_publisher":"https:\/\/www.facebook.com\/EsaticOfficielle\/?locale=fr_FR","article_modified_time":"2026-02-11T16:33:27+00:00","twitter_card":"summary_large_image","twitter_misc":{"Est. reading time":"3 minutes"},"schema":{"@context":"https:\/\/schema.org","@graph":[{"@type":"WebPage","@id":"https:\/\/esatic.ci\/programme-erasmus\/","url":"https:\/\/esatic.ci\/programme-erasmus\/","name":"ERASMUS program: Deep Farm - Deep Cacao project","isPartOf":{"@id":"https:\/\/esatic.ci\/#website"},"datePublished":"2026-02-11T16:05:35+00:00","dateModified":"2026-02-11T16:33:27+00:00","description":"The Deep Farm - Deep Cacao project, funded by the European Union's ERASMUS program, aims to strengthen the skills of students ...","breadcrumb":{"@id":"https:\/\/esatic.ci\/programme-erasmus\/#breadcrumb"},"inLanguage":"en-US","potentialAction":[{"@type":"ReadAction","target":["https:\/\/esatic.ci\/programme-erasmus\/"]}]},{"@type":"BreadcrumbList","@id":"https:\/\/esatic.ci\/programme-erasmus\/#breadcrumb","itemListElement":[{"@type":"ListItem","position":1,"name":"Accueil","item":"https:\/\/esatic.ci\/"},{"@type":"ListItem","position":2,"name":"Programme ERASMUS : Projet Deep Farm &#8211; Deep Cacao"}]},{"@type":"WebSite","@id":"https:\/\/esatic.ci\/#website","url":"https:\/\/esatic.ci\/","name":"ESATIC","description":"African College of Information and Communication Technologies","publisher":{"@id":"https:\/\/esatic.ci\/#organization"},"potentialAction":[{"@type":"SearchAction","target":{"@type":"EntryPoint","urlTemplate":"https:\/\/esatic.ci\/?s={search_term_string}"},"query-input":{"@type":"PropertyValueSpecification","valueRequired":true,"valueName":"search_term_string"}}],"inLanguage":"en-US"},{"@type":"Organization","@id":"https:\/\/esatic.ci\/#organization","name":"ESATIC","url":"https:\/\/esatic.ci\/","logo":{"@type":"ImageObject","inLanguage":"en-US","@id":"https:\/\/esatic.ci\/#\/schema\/logo\/image\/","url":"https:\/\/esatic.ci\/wp-content\/uploads\/2024\/10\/presentation_esatic.jpg","contentUrl":"https:\/\/esatic.ci\/wp-content\/uploads\/2024\/10\/presentation_esatic.jpg","width":1043,"height":418,"caption":"ESATIC"},"image":{"@id":"https:\/\/esatic.ci\/#\/schema\/logo\/image\/"},"sameAs":["https:\/\/www.facebook.com\/EsaticOfficielle\/?locale=fr_FR","https:\/\/www.linkedin.com\/school\/esaticofficielle"]}]}},"_links":{"self":[{"href":"https:\/\/esatic.ci\/en\/wp-json\/wp\/v2\/pages\/13322","targetHints":{"allow":["GET"]}}],"collection":[{"href":"https:\/\/esatic.ci\/en\/wp-json\/wp\/v2\/pages"}],"about":[{"href":"https:\/\/esatic.ci\/en\/wp-json\/wp\/v2\/types\/page"}],"author":[{"embeddable":true,"href":"https:\/\/esatic.ci\/en\/wp-json\/wp\/v2\/users\/1"}],"replies":[{"embeddable":true,"href":"https:\/\/esatic.ci\/en\/wp-json\/wp\/v2\/comments?post=13322"}],"version-history":[{"count":4,"href":"https:\/\/esatic.ci\/en\/wp-json\/wp\/v2\/pages\/13322\/revisions"}],"predecessor-version":[{"id":13346,"href":"https:\/\/esatic.ci\/en\/wp-json\/wp\/v2\/pages\/13322\/revisions\/13346"}],"wp:attachment":[{"href":"https:\/\/esatic.ci\/en\/wp-json\/wp\/v2\/media?parent=13322"}],"curies":[{"name":"wp","href":"https:\/\/api.w.org\/{rel}","templated":true}]}}