{"id":13310,"date":"2026-02-11T15:46:56","date_gmt":"2026-02-11T15:46:56","guid":{"rendered":"https:\/\/esatic.ci\/?page_id=13310"},"modified":"2026-02-11T16:39:12","modified_gmt":"2026-02-11T16:39:12","slug":"data-stewards-training","status":"publish","type":"page","link":"https:\/\/esatic.ci\/en\/data-stewards-training\/","title":{"rendered":"Data Stewards training"},"content":{"rendered":"<p><span style=\"color: #000000;\">Many companies are wondering how to best leverage the immense amounts of data they possess. But how can they make this data \u00abspeak\u00bb? Depending on the company's industry sector and the strategic goals set by management, the Data Steward must collect and mine all available data to ultimately provide quality datasets. These datasets, using specific Data Mining and Machine Learning tools, will help identify models, patterns, or trends that will ultimately assist the company in improving its performance.<\/span><\/p>\n<p><span style=\"color: #000000;\">This is why, as part of the LeARN (Levier d'Apprentissage pour la Reconversion dans le Num\u00e9rique) project, the Ministry of Digitalization of the Republic of BENIN and the Smart Africa Alliance have entrusted ESATIC with the training of data management experts (<strong>Data Steward<\/strong><strong>s<\/strong>).<\/span><\/p>\n<p><span style=\"color: #000000;\">The Data Stewards training course took place under excellent conditions, thanks to the French Ministry of the Digital Economy, which provided all the resources necessary for its success.<\/span><\/p>\n<p><span style=\"color: #000000;\">We also salute the commitment of the twenty (20) learners who followed the entire training program with assiduity and commitment.<\/span><\/p>","protected":false},"excerpt":{"rendered":"<p>De nombreuses entreprises s&rsquo;interrogent pour exploiter au mieux de leurs int\u00e9r\u00eats les immenses quantit\u00e9s de donn\u00e9es dont elles disposent. Mais comment faire pour les faire \u00ab\u00a0parler\u00a0\u00bb ? En fonction du secteur d&rsquo;activit\u00e9 de l&rsquo;entreprise et des axes strat\u00e9giques fix\u00e9s par la direction, le Data Steward doit collecter et fouiller toutes les donn\u00e9es \u00e0 sa disposition pour finalement fournir des jeux de donn\u00e9es de qualit\u00e9 qui permettront \u00e0 l&rsquo;aide d&rsquo;outils sp\u00e9cifiques de Data Mining et d&rsquo;apprentissage automatique (Machine Learning) de d\u00e9terminer des mod\u00e8les, sch\u00e9mas ou tendances qui au final aideront l&rsquo;entreprise \u00e0 am\u00e9liorer ses performances. C\u2019est Pourquoi dans le cadre du projet LeARN (Levier d\u2019Apprentissage pour la Reconversion dans le Num\u00e9rique), le Minist\u00e8re du Num\u00e9rique et de la Digitalisation de la R\u00e9publique du BENIN et l\u2019Alliance Smart Africa ont confi\u00e9 \u00e0 l\u2019ESATIC la formation d\u2019experts en gestion de donn\u00e9es (Data Stewards). Les enseignements de la formation en Data Stewards se sont d\u00e9roul\u00e9s dans de tr\u00e8s bonnes conditions au gr\u00e2ce au Minist\u00e8re du Num\u00e9rique et de la Digitalisation qui a mis \u00e0 disposition l\u2019ensemble des ressources n\u00e9cessaire \u00e0 sa r\u00e9ussite. Nous saluons \u00e9galement l\u2019engagement des vingt (20) apprenants qui ont suivi avec assiduit\u00e9 et engagement l\u2019ensemble du programme de formation.<\/p>","protected":false},"author":1,"featured_media":0,"parent":0,"menu_order":0,"comment_status":"closed","ping_status":"closed","template":"","meta":{"footnotes":""},"class_list":["post-13310","page","type-page","status-publish","hentry"],"featured_image_src":null,"yoast_head":"<!-- This site is optimized with the Yoast SEO plugin v27.5 - https:\/\/yoast.com\/product\/yoast-seo-wordpress\/ -->\n<title>Formation Data Stewards<\/title>\n<meta name=\"description\" content=\"Projet de formation des Experts en Gestion des Donn\u00e9es dans le cadre du projet LeARN. Alliance Smart Africa a confi\u00e9 ce projet \u00e0 ESATIC\" \/>\n<meta name=\"robots\" content=\"index, follow, max-snippet:-1, max-image-preview:large, max-video-preview:-1\" \/>\n<link rel=\"canonical\" href=\"https:\/\/esatic.ci\/en\/data-stewards-training\/\" \/>\n<meta property=\"og:locale\" content=\"en_US\" \/>\n<meta property=\"og:type\" content=\"article\" \/>\n<meta property=\"og:title\" content=\"Formation Data Stewards\" \/>\n<meta property=\"og:description\" content=\"Projet de formation des Experts en Gestion des Donn\u00e9es dans le cadre du projet LeARN. Alliance Smart Africa a confi\u00e9 ce projet \u00e0 ESATIC\" \/>\n<meta property=\"og:url\" content=\"https:\/\/esatic.ci\/en\/data-stewards-training\/\" \/>\n<meta property=\"og:site_name\" content=\"ESATIC\" \/>\n<meta property=\"article:publisher\" content=\"https:\/\/www.facebook.com\/EsaticOfficielle\/?locale=fr_FR\" \/>\n<meta property=\"article:modified_time\" content=\"2026-02-11T16:39:12+00:00\" \/>\n<meta name=\"twitter:card\" content=\"summary_large_image\" \/>\n<meta name=\"twitter:label1\" content=\"Est. reading time\" \/>\n\t<meta name=\"twitter:data1\" content=\"2 minutes\" \/>\n<script type=\"application\/ld+json\" class=\"yoast-schema-graph\">{\"@context\":\"https:\\\/\\\/schema.org\",\"@graph\":[{\"@type\":\"WebPage\",\"@id\":\"https:\\\/\\\/esatic.ci\\\/formation-data-stewards\\\/\",\"url\":\"https:\\\/\\\/esatic.ci\\\/formation-data-stewards\\\/\",\"name\":\"Formation Data Stewards\",\"isPartOf\":{\"@id\":\"https:\\\/\\\/esatic.ci\\\/#website\"},\"datePublished\":\"2026-02-11T15:46:56+00:00\",\"dateModified\":\"2026-02-11T16:39:12+00:00\",\"description\":\"Projet de formation des Experts en Gestion des Donn\u00e9es dans le cadre du projet LeARN. Alliance Smart Africa a confi\u00e9 ce projet \u00e0 ESATIC\",\"breadcrumb\":{\"@id\":\"https:\\\/\\\/esatic.ci\\\/formation-data-stewards\\\/#breadcrumb\"},\"inLanguage\":\"en-US\",\"potentialAction\":[{\"@type\":\"ReadAction\",\"target\":[\"https:\\\/\\\/esatic.ci\\\/formation-data-stewards\\\/\"]}]},{\"@type\":\"BreadcrumbList\",\"@id\":\"https:\\\/\\\/esatic.ci\\\/formation-data-stewards\\\/#breadcrumb\",\"itemListElement\":[{\"@type\":\"ListItem\",\"position\":1,\"name\":\"Accueil\",\"item\":\"https:\\\/\\\/esatic.ci\\\/\"},{\"@type\":\"ListItem\",\"position\":2,\"name\":\"Formation Data Stewards\"}]},{\"@type\":\"WebSite\",\"@id\":\"https:\\\/\\\/esatic.ci\\\/#website\",\"url\":\"https:\\\/\\\/esatic.ci\\\/\",\"name\":\"ESATIC\",\"description\":\"Ecole Sup\u00e9rieure Africaine des Technologies de l&#039;Information et de la Communication\",\"publisher\":{\"@id\":\"https:\\\/\\\/esatic.ci\\\/#organization\"},\"potentialAction\":[{\"@type\":\"SearchAction\",\"target\":{\"@type\":\"EntryPoint\",\"urlTemplate\":\"https:\\\/\\\/esatic.ci\\\/?s={search_term_string}\"},\"query-input\":{\"@type\":\"PropertyValueSpecification\",\"valueRequired\":true,\"valueName\":\"search_term_string\"}}],\"inLanguage\":\"en-US\"},{\"@type\":\"Organization\",\"@id\":\"https:\\\/\\\/esatic.ci\\\/#organization\",\"name\":\"ESATIC\",\"url\":\"https:\\\/\\\/esatic.ci\\\/\",\"logo\":{\"@type\":\"ImageObject\",\"inLanguage\":\"en-US\",\"@id\":\"https:\\\/\\\/esatic.ci\\\/#\\\/schema\\\/logo\\\/image\\\/\",\"url\":\"https:\\\/\\\/esatic.ci\\\/wp-content\\\/uploads\\\/2024\\\/10\\\/presentation_esatic.jpg\",\"contentUrl\":\"https:\\\/\\\/esatic.ci\\\/wp-content\\\/uploads\\\/2024\\\/10\\\/presentation_esatic.jpg\",\"width\":1043,\"height\":418,\"caption\":\"ESATIC\"},\"image\":{\"@id\":\"https:\\\/\\\/esatic.ci\\\/#\\\/schema\\\/logo\\\/image\\\/\"},\"sameAs\":[\"https:\\\/\\\/www.facebook.com\\\/EsaticOfficielle\\\/?locale=fr_FR\",\"https:\\\/\\\/www.linkedin.com\\\/school\\\/esaticofficielle\"]}]}<\/script>\n<!-- \/ Yoast SEO plugin. -->","yoast_head_json":{"title":"Data Stewards training","description":"Training project for Data Management Experts as part of the LeARN project. Alliance Smart Africa has entrusted this project to ESATIC.","robots":{"index":"index","follow":"follow","max-snippet":"max-snippet:-1","max-image-preview":"max-image-preview:large","max-video-preview":"max-video-preview:-1"},"canonical":"https:\/\/esatic.ci\/en\/data-stewards-training\/","og_locale":"en_US","og_type":"article","og_title":"Formation Data Stewards","og_description":"Projet de formation des Experts en Gestion des Donn\u00e9es dans le cadre du projet LeARN. Alliance Smart Africa a confi\u00e9 ce projet \u00e0 ESATIC","og_url":"https:\/\/esatic.ci\/en\/data-stewards-training\/","og_site_name":"ESATIC","article_publisher":"https:\/\/www.facebook.com\/EsaticOfficielle\/?locale=fr_FR","article_modified_time":"2026-02-11T16:39:12+00:00","twitter_card":"summary_large_image","twitter_misc":{"Est. reading time":"2 minutes"},"schema":{"@context":"https:\/\/schema.org","@graph":[{"@type":"WebPage","@id":"https:\/\/esatic.ci\/formation-data-stewards\/","url":"https:\/\/esatic.ci\/formation-data-stewards\/","name":"Data Stewards training","isPartOf":{"@id":"https:\/\/esatic.ci\/#website"},"datePublished":"2026-02-11T15:46:56+00:00","dateModified":"2026-02-11T16:39:12+00:00","description":"Training project for Data Management Experts as part of the LeARN project. Alliance Smart Africa has entrusted this project to ESATIC.","breadcrumb":{"@id":"https:\/\/esatic.ci\/formation-data-stewards\/#breadcrumb"},"inLanguage":"en-US","potentialAction":[{"@type":"ReadAction","target":["https:\/\/esatic.ci\/formation-data-stewards\/"]}]},{"@type":"BreadcrumbList","@id":"https:\/\/esatic.ci\/formation-data-stewards\/#breadcrumb","itemListElement":[{"@type":"ListItem","position":1,"name":"Accueil","item":"https:\/\/esatic.ci\/"},{"@type":"ListItem","position":2,"name":"Formation Data Stewards"}]},{"@type":"WebSite","@id":"https:\/\/esatic.ci\/#website","url":"https:\/\/esatic.ci\/","name":"ESATIC","description":"African College of Information and Communication Technologies","publisher":{"@id":"https:\/\/esatic.ci\/#organization"},"potentialAction":[{"@type":"SearchAction","target":{"@type":"EntryPoint","urlTemplate":"https:\/\/esatic.ci\/?s={search_term_string}"},"query-input":{"@type":"PropertyValueSpecification","valueRequired":true,"valueName":"search_term_string"}}],"inLanguage":"en-US"},{"@type":"Organization","@id":"https:\/\/esatic.ci\/#organization","name":"ESATIC","url":"https:\/\/esatic.ci\/","logo":{"@type":"ImageObject","inLanguage":"en-US","@id":"https:\/\/esatic.ci\/#\/schema\/logo\/image\/","url":"https:\/\/esatic.ci\/wp-content\/uploads\/2024\/10\/presentation_esatic.jpg","contentUrl":"https:\/\/esatic.ci\/wp-content\/uploads\/2024\/10\/presentation_esatic.jpg","width":1043,"height":418,"caption":"ESATIC"},"image":{"@id":"https:\/\/esatic.ci\/#\/schema\/logo\/image\/"},"sameAs":["https:\/\/www.facebook.com\/EsaticOfficielle\/?locale=fr_FR","https:\/\/www.linkedin.com\/school\/esaticofficielle"]}]}},"_links":{"self":[{"href":"https:\/\/esatic.ci\/en\/wp-json\/wp\/v2\/pages\/13310","targetHints":{"allow":["GET"]}}],"collection":[{"href":"https:\/\/esatic.ci\/en\/wp-json\/wp\/v2\/pages"}],"about":[{"href":"https:\/\/esatic.ci\/en\/wp-json\/wp\/v2\/types\/page"}],"author":[{"embeddable":true,"href":"https:\/\/esatic.ci\/en\/wp-json\/wp\/v2\/users\/1"}],"replies":[{"embeddable":true,"href":"https:\/\/esatic.ci\/en\/wp-json\/wp\/v2\/comments?post=13310"}],"version-history":[{"count":4,"href":"https:\/\/esatic.ci\/en\/wp-json\/wp\/v2\/pages\/13310\/revisions"}],"predecessor-version":[{"id":13348,"href":"https:\/\/esatic.ci\/en\/wp-json\/wp\/v2\/pages\/13310\/revisions\/13348"}],"wp:attachment":[{"href":"https:\/\/esatic.ci\/en\/wp-json\/wp\/v2\/media?parent=13310"}],"curies":[{"name":"wp","href":"https:\/\/api.w.org\/{rel}","templated":true}]}}