{"id":13304,"date":"2026-02-11T15:18:40","date_gmt":"2026-02-11T15:18:40","guid":{"rendered":"https:\/\/esatic.ci\/?page_id=13304"},"modified":"2026-02-11T16:47:05","modified_gmt":"2026-02-11T16:47:05","slug":"cic-cyber-ops-pilot-project","status":"publish","type":"page","link":"https:\/\/esatic.ci\/en\/cic-cyber-ops-pilot-project\/","title":{"rendered":"CIC Cyber Ops cascade training pilot project"},"content":{"rendered":"<p><span style=\"color: #000000;\"><strong>L&rsquo;Alliance Smart Africa<\/strong> launched the <strong>Smart Africa Digital Academy<\/strong> (<strong>SADA<\/strong> for short) as the vehicle for implementing Smart Africa's capacity-building and digital skills development activities. As part of the capacity-building activities to bridge the digital divide on the continent, SADA has successfully carried out in collaboration with the <strong>Ministry of Digital Transition and Digitization<\/strong> a train-the-trainer program in December 2022 where 40 master trainers were trained in cybersecurity and Big Data.<\/span><\/p>\n<p><span style=\"color: #000000;\">Pour garantir un impact durable, la formation des formateurs a \u00e9t\u00e9 \u00e9tendue \u00e0 un plus grand nombre de b\u00e9n\u00e9ficiaires \u00e0 travers ce projet. En effet, il s&rsquo;agit de s&rsquo;assurer que les connaissances sont transmises au profit d&rsquo;autres personnes, afin que davantage de jeunes puissent obtenir des comp\u00e9tences pour augmenter leur employabilit\u00e9.<\/span><\/p>\n<p><span style=\"color: #000000;\">This pilot training project led by ESATIC's Centre d'Innovation en Cybers\u00e9curit\u00e9 (CIC) ran from <strong>February 13 to April 11, 2024<\/strong> for one hundred and fifty-two (152) young graduates.<\/span><\/p>\n<p><span style=\"color: #000000;\">The CyberOps training course took place under excellent conditions on the ESATIC campus (Centre d'Innovation en Cybers\u00e9curit\u00e9). This training program has enabled the young graduates to strengthen their skills. These new skills they will be making available to Ivorian companies and institutions to ensure more efficient infrastructures and systems.<\/span><\/p>","protected":false},"excerpt":{"rendered":"<p>L&rsquo;Alliance Smart Africa a lanc\u00e9 la Smart Africa Digital Academy (SADA en abr\u00e9g\u00e9) en tant que v\u00e9hicule de mise en \u0153uvre des activit\u00e9s de renforcement des capacit\u00e9s et de d\u00e9veloppement des comp\u00e9tences num\u00e9riques de Smart Africa. Dans le cadre des activit\u00e9s de renforcement des capacit\u00e9s pour combler le foss\u00e9 num\u00e9rique sur le continent, SADA a men\u00e9 avec succ\u00e8s en collaboration avec le Minist\u00e8re de la Transition Num\u00e9rique et de la Digitalisation un programme de formation des formateurs en d\u00e9cembre 2022 o\u00f9 40 ma\u00eetres formateurs ont \u00e9t\u00e9 form\u00e9s en cybers\u00e9curit\u00e9 et au Big Data. Pour garantir un impact durable, la formation des formateurs a \u00e9t\u00e9 \u00e9tendue \u00e0 un plus grand nombre de b\u00e9n\u00e9ficiaires \u00e0 travers ce projet. En effet, il s&rsquo;agit de s&rsquo;assurer que les connaissances sont transmises au profit d&rsquo;autres personnes, afin que davantage de jeunes puissent obtenir des comp\u00e9tences pour augmenter leur employabilit\u00e9. Ce projet pilote de formation conduit par le Centre d\u2019Innovation en Cybers\u00e9curit\u00e9 (CIC) de l\u2019ESATIC a \u00e9t\u00e9 r\u00e9alis\u00e9 du 13 f\u00e9vrier au 11 avril 2024 au profit de cent cinquante-deux (152) jeunes dipl\u00f4m\u00e9s. Les enseignements de la formation en CyberOps se sont d\u00e9roul\u00e9s dans de bonnes conditions sur le campus de l\u2019ESATIC (Centre d\u2019Innovation en Cybers\u00e9curit\u00e9). Cette formation a permis de renforcer les capacit\u00e9s des jeunes dipl\u00f4m\u00e9s. Ces nouvelles comp\u00e9tences qu\u2019ils mettront \u00e0 disposition des entreprises et institutions ivoirienne pour des infrastructures et des syst\u00e8mes plus performants.<\/p>","protected":false},"author":1,"featured_media":0,"parent":0,"menu_order":0,"comment_status":"closed","ping_status":"closed","template":"","meta":{"footnotes":""},"class_list":["post-13304","page","type-page","status-publish","hentry"],"featured_image_src":null,"yoast_head":"<!-- This site is optimized with the Yoast SEO plugin v27.4 - https:\/\/yoast.com\/product\/yoast-seo-wordpress\/ -->\n<title>Projet pilote de formation Cyber Ops en cascade du CIC<\/title>\n<meta name=\"description\" content=\"Projet pilote de formation en Cyber&#039;Ops en cascade du centre d&#039;innovation en cybers\u00e9curit\u00e9 (CIC) de l&#039;ESATIC\" \/>\n<meta name=\"robots\" content=\"index, follow, max-snippet:-1, max-image-preview:large, max-video-preview:-1\" \/>\n<link rel=\"canonical\" href=\"https:\/\/esatic.ci\/en\/cic-cyber-ops-pilot-project\/\" \/>\n<meta property=\"og:locale\" content=\"en_US\" \/>\n<meta property=\"og:type\" content=\"article\" \/>\n<meta property=\"og:title\" content=\"Projet pilote de formation Cyber Ops en cascade du CIC\" \/>\n<meta property=\"og:description\" content=\"Projet pilote de formation en Cyber&#039;Ops en cascade du centre d&#039;innovation en cybers\u00e9curit\u00e9 (CIC) de l&#039;ESATIC\" \/>\n<meta property=\"og:url\" content=\"https:\/\/esatic.ci\/en\/cic-cyber-ops-pilot-project\/\" \/>\n<meta property=\"og:site_name\" content=\"ESATIC\" \/>\n<meta property=\"article:publisher\" content=\"https:\/\/www.facebook.com\/EsaticOfficielle\/?locale=fr_FR\" \/>\n<meta property=\"article:modified_time\" content=\"2026-02-11T16:47:05+00:00\" \/>\n<meta name=\"twitter:card\" content=\"summary_large_image\" \/>\n<meta name=\"twitter:label1\" content=\"Est. reading time\" \/>\n\t<meta name=\"twitter:data1\" content=\"2 minutes\" \/>\n<script type=\"application\/ld+json\" class=\"yoast-schema-graph\">{\"@context\":\"https:\\\/\\\/schema.org\",\"@graph\":[{\"@type\":\"WebPage\",\"@id\":\"https:\\\/\\\/esatic.ci\\\/projet-pilote-cyber-ops-du-cic\\\/\",\"url\":\"https:\\\/\\\/esatic.ci\\\/projet-pilote-cyber-ops-du-cic\\\/\",\"name\":\"Projet pilote de formation Cyber Ops en cascade du CIC\",\"isPartOf\":{\"@id\":\"https:\\\/\\\/esatic.ci\\\/#website\"},\"datePublished\":\"2026-02-11T15:18:40+00:00\",\"dateModified\":\"2026-02-11T16:47:05+00:00\",\"description\":\"Projet pilote de formation en Cyber'Ops en cascade du centre d'innovation en cybers\u00e9curit\u00e9 (CIC) de l'ESATIC\",\"breadcrumb\":{\"@id\":\"https:\\\/\\\/esatic.ci\\\/projet-pilote-cyber-ops-du-cic\\\/#breadcrumb\"},\"inLanguage\":\"en-US\",\"potentialAction\":[{\"@type\":\"ReadAction\",\"target\":[\"https:\\\/\\\/esatic.ci\\\/projet-pilote-cyber-ops-du-cic\\\/\"]}]},{\"@type\":\"BreadcrumbList\",\"@id\":\"https:\\\/\\\/esatic.ci\\\/projet-pilote-cyber-ops-du-cic\\\/#breadcrumb\",\"itemListElement\":[{\"@type\":\"ListItem\",\"position\":1,\"name\":\"Accueil\",\"item\":\"https:\\\/\\\/esatic.ci\\\/\"},{\"@type\":\"ListItem\",\"position\":2,\"name\":\"Projet pilote de formation Cyber Ops en cascade du CIC\"}]},{\"@type\":\"WebSite\",\"@id\":\"https:\\\/\\\/esatic.ci\\\/#website\",\"url\":\"https:\\\/\\\/esatic.ci\\\/\",\"name\":\"ESATIC\",\"description\":\"Ecole Sup\u00e9rieure Africaine des Technologies de l&#039;Information et de la Communication\",\"publisher\":{\"@id\":\"https:\\\/\\\/esatic.ci\\\/#organization\"},\"potentialAction\":[{\"@type\":\"SearchAction\",\"target\":{\"@type\":\"EntryPoint\",\"urlTemplate\":\"https:\\\/\\\/esatic.ci\\\/?s={search_term_string}\"},\"query-input\":{\"@type\":\"PropertyValueSpecification\",\"valueRequired\":true,\"valueName\":\"search_term_string\"}}],\"inLanguage\":\"en-US\"},{\"@type\":\"Organization\",\"@id\":\"https:\\\/\\\/esatic.ci\\\/#organization\",\"name\":\"ESATIC\",\"url\":\"https:\\\/\\\/esatic.ci\\\/\",\"logo\":{\"@type\":\"ImageObject\",\"inLanguage\":\"en-US\",\"@id\":\"https:\\\/\\\/esatic.ci\\\/#\\\/schema\\\/logo\\\/image\\\/\",\"url\":\"https:\\\/\\\/esatic.ci\\\/wp-content\\\/uploads\\\/2024\\\/10\\\/presentation_esatic.jpg\",\"contentUrl\":\"https:\\\/\\\/esatic.ci\\\/wp-content\\\/uploads\\\/2024\\\/10\\\/presentation_esatic.jpg\",\"width\":1043,\"height\":418,\"caption\":\"ESATIC\"},\"image\":{\"@id\":\"https:\\\/\\\/esatic.ci\\\/#\\\/schema\\\/logo\\\/image\\\/\"},\"sameAs\":[\"https:\\\/\\\/www.facebook.com\\\/EsaticOfficielle\\\/?locale=fr_FR\",\"https:\\\/\\\/www.linkedin.com\\\/school\\\/esaticofficielle\"]}]}<\/script>\n<!-- \/ Yoast SEO plugin. -->","yoast_head_json":{"title":"CIC Cyber Ops cascade training pilot project","description":"Cascade Cyber'Ops training pilot project at ESATIC's Cybersecurity Innovation Center (CIC)","robots":{"index":"index","follow":"follow","max-snippet":"max-snippet:-1","max-image-preview":"max-image-preview:large","max-video-preview":"max-video-preview:-1"},"canonical":"https:\/\/esatic.ci\/en\/cic-cyber-ops-pilot-project\/","og_locale":"en_US","og_type":"article","og_title":"Projet pilote de formation Cyber Ops en cascade du CIC","og_description":"Projet pilote de formation en Cyber'Ops en cascade du centre d'innovation en cybers\u00e9curit\u00e9 (CIC) de l'ESATIC","og_url":"https:\/\/esatic.ci\/en\/cic-cyber-ops-pilot-project\/","og_site_name":"ESATIC","article_publisher":"https:\/\/www.facebook.com\/EsaticOfficielle\/?locale=fr_FR","article_modified_time":"2026-02-11T16:47:05+00:00","twitter_card":"summary_large_image","twitter_misc":{"Est. reading time":"2 minutes"},"schema":{"@context":"https:\/\/schema.org","@graph":[{"@type":"WebPage","@id":"https:\/\/esatic.ci\/projet-pilote-cyber-ops-du-cic\/","url":"https:\/\/esatic.ci\/projet-pilote-cyber-ops-du-cic\/","name":"CIC Cyber Ops cascade training pilot project","isPartOf":{"@id":"https:\/\/esatic.ci\/#website"},"datePublished":"2026-02-11T15:18:40+00:00","dateModified":"2026-02-11T16:47:05+00:00","description":"Cascade Cyber'Ops training pilot project at ESATIC's Cybersecurity Innovation Center (CIC)","breadcrumb":{"@id":"https:\/\/esatic.ci\/projet-pilote-cyber-ops-du-cic\/#breadcrumb"},"inLanguage":"en-US","potentialAction":[{"@type":"ReadAction","target":["https:\/\/esatic.ci\/projet-pilote-cyber-ops-du-cic\/"]}]},{"@type":"BreadcrumbList","@id":"https:\/\/esatic.ci\/projet-pilote-cyber-ops-du-cic\/#breadcrumb","itemListElement":[{"@type":"ListItem","position":1,"name":"Accueil","item":"https:\/\/esatic.ci\/"},{"@type":"ListItem","position":2,"name":"Projet pilote de formation Cyber Ops en cascade du CIC"}]},{"@type":"WebSite","@id":"https:\/\/esatic.ci\/#website","url":"https:\/\/esatic.ci\/","name":"ESATIC","description":"African College of Information and Communication Technologies","publisher":{"@id":"https:\/\/esatic.ci\/#organization"},"potentialAction":[{"@type":"SearchAction","target":{"@type":"EntryPoint","urlTemplate":"https:\/\/esatic.ci\/?s={search_term_string}"},"query-input":{"@type":"PropertyValueSpecification","valueRequired":true,"valueName":"search_term_string"}}],"inLanguage":"en-US"},{"@type":"Organization","@id":"https:\/\/esatic.ci\/#organization","name":"ESATIC","url":"https:\/\/esatic.ci\/","logo":{"@type":"ImageObject","inLanguage":"en-US","@id":"https:\/\/esatic.ci\/#\/schema\/logo\/image\/","url":"https:\/\/esatic.ci\/wp-content\/uploads\/2024\/10\/presentation_esatic.jpg","contentUrl":"https:\/\/esatic.ci\/wp-content\/uploads\/2024\/10\/presentation_esatic.jpg","width":1043,"height":418,"caption":"ESATIC"},"image":{"@id":"https:\/\/esatic.ci\/#\/schema\/logo\/image\/"},"sameAs":["https:\/\/www.facebook.com\/EsaticOfficielle\/?locale=fr_FR","https:\/\/www.linkedin.com\/school\/esaticofficielle"]}]}},"_links":{"self":[{"href":"https:\/\/esatic.ci\/en\/wp-json\/wp\/v2\/pages\/13304","targetHints":{"allow":["GET"]}}],"collection":[{"href":"https:\/\/esatic.ci\/en\/wp-json\/wp\/v2\/pages"}],"about":[{"href":"https:\/\/esatic.ci\/en\/wp-json\/wp\/v2\/types\/page"}],"author":[{"embeddable":true,"href":"https:\/\/esatic.ci\/en\/wp-json\/wp\/v2\/users\/1"}],"replies":[{"embeddable":true,"href":"https:\/\/esatic.ci\/en\/wp-json\/wp\/v2\/comments?post=13304"}],"version-history":[{"count":5,"href":"https:\/\/esatic.ci\/en\/wp-json\/wp\/v2\/pages\/13304\/revisions"}],"predecessor-version":[{"id":13351,"href":"https:\/\/esatic.ci\/en\/wp-json\/wp\/v2\/pages\/13304\/revisions\/13351"}],"wp:attachment":[{"href":"https:\/\/esatic.ci\/en\/wp-json\/wp\/v2\/media?parent=13304"}],"curies":[{"name":"wp","href":"https:\/\/api.w.org\/{rel}","templated":true}]}}