{"id":12426,"date":"2025-11-03T17:40:54","date_gmt":"2025-11-03T17:40:54","guid":{"rendered":"https:\/\/esatic.ci\/?page_id=12426"},"modified":"2025-11-03T18:27:32","modified_gmt":"2025-11-03T18:27:32","slug":"mobility","status":"publish","type":"page","link":"https:\/\/esatic.ci\/en\/mobility\/","title":{"rendered":"mobility"},"content":{"rendered":"<div data-elementor-type=\"wp-page\" data-elementor-id=\"12426\" class=\"elementor elementor-12426\" data-elementor-post-type=\"page\">\n\t\t\t\t<div class=\"elementor-element elementor-element-7fd7be93 e-flex e-con-boxed wpr-particle-no wpr-jarallax-no wpr-parallax-no wpr-sticky-section-no e-con e-parent\" data-id=\"7fd7be93\" data-element_type=\"container\">\n\t\t\t\t\t<div class=\"e-con-inner\">\n\t\t<div class=\"elementor-element elementor-element-a16e221 e-con-full e-flex wpr-particle-no wpr-jarallax-no wpr-parallax-no wpr-sticky-section-no elementor-invisible e-con e-child\" data-id=\"a16e221\" data-element_type=\"container\" data-settings=\"{&quot;animation&quot;:&quot;fadeIn&quot;}\">\n\t\t\t\t<div class=\"elementor-element elementor-element-7a82fad9 elementor-invisible elementor-widget elementor-widget-image\" data-id=\"7a82fad9\" data-element_type=\"widget\" data-settings=\"{&quot;_animation&quot;:&quot;fadeIn&quot;}\" data-widget_type=\"image.default\">\n\t\t\t\t<div class=\"elementor-widget-container\">\n\t\t\t\t\t\t\t\t\t\t\t\t\t<img fetchpriority=\"high\" decoding=\"async\" width=\"1024\" height=\"683\" src=\"https:\/\/esatic.ci\/wp-content\/uploads\/2025\/11\/mobilite_esatic-1024x683.jpg\" class=\"attachment-large size-large wp-image-12448\" alt=\"\" srcset=\"https:\/\/esatic.ci\/wp-content\/uploads\/2025\/11\/mobilite_esatic-1024x683.jpg 1024w, https:\/\/esatic.ci\/wp-content\/uploads\/2025\/11\/mobilite_esatic-300x200.jpg 300w, https:\/\/esatic.ci\/wp-content\/uploads\/2025\/11\/mobilite_esatic-768x512.jpg 768w, https:\/\/esatic.ci\/wp-content\/uploads\/2025\/11\/mobilite_esatic-1536x1025.jpg 1536w, https:\/\/esatic.ci\/wp-content\/uploads\/2025\/11\/mobilite_esatic-2048x1367.jpg 2048w, https:\/\/esatic.ci\/wp-content\/uploads\/2025\/11\/mobilite_esatic-1500x1000.jpg 1500w\" sizes=\"(max-width: 1024px) 100vw, 1024px\">\t\t\t\t\t\t\t\t\t\t\t\t\t<\/div>\n\t\t\t\t<\/div>\n\t\t\t\t<div class=\"elementor-element elementor-element-20692477 elementor-widget elementor-widget-heading\" data-id=\"20692477\" data-element_type=\"widget\" data-widget_type=\"heading.default\">\n\t\t\t\t<div class=\"elementor-widget-container\">\n\t\t\t<h2 class=\"elementor-heading-title elementor-size-default\">Double degree<\/h2>\t\t<\/div>\n\t\t\t\t<\/div>\n\t\t\t\t<div class=\"elementor-element elementor-element-6f1eeb0a elementor-widget elementor-widget-text-editor\" data-id=\"6f1eeb0a\" data-element_type=\"widget\" data-widget_type=\"text-editor.default\">\n\t\t\t\t<div class=\"elementor-widget-container\">\n\t\t\t\t\t\t\t<p>\u00c9cole Sup\u00e9rieure Africaine des Technologies de l'Information et de la Communication (ESATIC) is committed to promoting double diplomas for the benefit of its students. Admission and participation conditions vary according to the agreements signed with partner schools.<\/p><p data-start=\"1801\" data-end=\"1927\">Today, ESATIC has several double-degree agreements with prestigious institutions such as :<\/p><ul data-start=\"1928\" data-end=\"2096\"><li data-start=\"2033\" data-end=\"2067\"><p data-start=\"2035\" data-end=\"2067\">IMT Atlantique (France),<\/p><\/li><li data-start=\"2068\" data-end=\"2096\"><p data-start=\"2070\" data-end=\"2096\">ESTIA (France).<\/p><\/li><\/ul>\t\t\t\t\t\t<\/div>\n\t\t\t\t<\/div>\n\t\t\t\t<div class=\"elementor-element elementor-element-36420268 elementor-widget elementor-widget-heading\" data-id=\"36420268\" data-element_type=\"widget\" data-widget_type=\"heading.default\">\n\t\t\t\t<div class=\"elementor-widget-container\">\n\t\t\t<h2 class=\"elementor-heading-title elementor-size-default\">International mobility<\/h2>\t\t<\/div>\n\t\t\t\t<\/div>\n\t\t\t\t<div class=\"elementor-element elementor-element-177b8cae elementor-widget elementor-widget-text-editor\" data-id=\"177b8cae\" data-element_type=\"widget\" data-widget_type=\"text-editor.default\">\n\t\t\t\t<div class=\"elementor-widget-container\">\n\t\t\t\t\t\t\t<p>In line with its vision of openness and excellence, ESATIC is also developing international mobility programs, enabling students to spend part of their studies at a university abroad.<\/p><p>Student selection is based on the same criteria as for double diplomas: academic performance, language skills and motivation.<br data-start=\"2798\" data-end=\"2801\" \/>The number of places available is determined by agreements with partner institutions.<\/p><p data-start=\"1801\" data-end=\"1927\">Today, ESATIC has several international mobility agreements with institutions such as :<\/p><ul data-start=\"1928\" data-end=\"2096\"><li data-start=\"2033\" data-end=\"2067\"><p data-start=\"2035\" data-end=\"2067\">INPT Rabat (Morocco),<\/p><\/li><li data-start=\"2068\" data-end=\"2096\"><p data-start=\"2070\" data-end=\"2096\">SupCom Tunis (Tunisia).<\/p><\/li><\/ul>\t\t\t\t\t\t<\/div>\n\t\t\t\t<\/div>\n\t\t\t\t<\/div>\n\t\t\t\t\t<\/div>\n\t\t\t\t<\/div>\n\t\t\t\t<\/div>","protected":false},"excerpt":{"rendered":"<p>Service Details Safety Spotlight Surge protection installation for homes and businesses Both rest of know draw fond post as. It agreement defective to excellent. Feebly do engage of narrow. Extensive repulsive belonging depending if promotion be zealously as. Preference inquietude ask now are dispatched led appearance. Small meant in so doubt hopes. Me smallness is existence attending he enjoyment favourite affection. Delivered is to ye belonging enjoyment preferred. Astonished and acceptance men two discretion. Electrical safety inspections and code compliance checks Both rest of know draw fond post as. It agreement defective to excellent. Feebly do engage of narrow. Extensive repulsive belonging depending if promotion be zealously as. Preference inquietude ask now are dispatched led appearance. Small meant in so doubt hopes. Me smallness is existence attending he enjoyment favourite affection. Delivered is to ye belonging enjoyment preferred. Astonished and acceptance men two discretion. Instructional Advisors Both rest of know draw fond post as. It agreement defective to excellent. Feebly do engage of narrow. Extensive repulsive belonging depending if promotion be zealously as. Preference inquietude ask now are dispatched led appearance. Small meant in so doubt hopes. Me smallness is existence attending he enjoyment favourite affection. Delivered is to ye belonging enjoyment preferred. Astonished and acceptance men two discretion. Electrical Safety Inspections Add multiple feature items, set different icons or images for each feature and also give custom links if needed. Code Compliance Checks Choose your style from three different layouts and two unique icon background shapes. Surge Protection Installation Show a connector line between each icon, changes its color and style to fit your unique design. Electrical Panel Upgrades Easily customize every aspect of your list from widget styles but also you can give custom colors to each item as well.<\/p>","protected":false},"author":1,"featured_media":0,"parent":0,"menu_order":0,"comment_status":"closed","ping_status":"closed","template":"","meta":{"footnotes":""},"class_list":["post-12426","page","type-page","status-publish","hentry"],"featured_image_src":null,"yoast_head":"<!-- This site is optimized with the Yoast SEO plugin v27.4 - https:\/\/yoast.com\/product\/yoast-seo-wordpress\/ -->\n<title>Double dipl\u00f4me et mobilit\u00e9 des \u00e9tudiants<\/title>\n<meta name=\"description\" content=\"D\u00e9couvrez le programme de double dipl\u00f4me et de mobilit\u00e9 des \u00e9tudiants de l\u2019ESATIC en Afrique et dans le monde.\" \/>\n<meta name=\"robots\" content=\"index, follow, max-snippet:-1, max-image-preview:large, max-video-preview:-1\" \/>\n<link rel=\"canonical\" href=\"https:\/\/esatic.ci\/en\/mobility\/\" \/>\n<meta property=\"og:locale\" content=\"en_US\" \/>\n<meta property=\"og:type\" content=\"article\" \/>\n<meta property=\"og:title\" content=\"Double dipl\u00f4me et mobilit\u00e9 des \u00e9tudiants\" \/>\n<meta property=\"og:description\" content=\"D\u00e9couvrez le programme de double dipl\u00f4me et de mobilit\u00e9 des \u00e9tudiants de l\u2019ESATIC en Afrique et dans le monde.\" \/>\n<meta property=\"og:url\" content=\"https:\/\/esatic.ci\/en\/mobility\/\" \/>\n<meta property=\"og:site_name\" content=\"ESATIC\" \/>\n<meta property=\"article:publisher\" content=\"https:\/\/www.facebook.com\/EsaticOfficielle\/?locale=fr_FR\" \/>\n<meta property=\"article:modified_time\" content=\"2025-11-03T18:27:32+00:00\" \/>\n<meta property=\"og:image\" content=\"https:\/\/esatic.ci\/wp-content\/uploads\/2025\/11\/Post-4.jpg\" \/>\n<meta name=\"twitter:card\" content=\"summary_large_image\" \/>\n<meta name=\"twitter:label1\" content=\"Est. reading time\" \/>\n\t<meta name=\"twitter:data1\" content=\"2 minutes\" \/>\n<script type=\"application\/ld+json\" class=\"yoast-schema-graph\">{\"@context\":\"https:\\\/\\\/schema.org\",\"@graph\":[{\"@type\":\"WebPage\",\"@id\":\"https:\\\/\\\/esatic.ci\\\/mobilite\\\/\",\"url\":\"https:\\\/\\\/esatic.ci\\\/mobilite\\\/\",\"name\":\"Double dipl\u00f4me et mobilit\u00e9 des \u00e9tudiants\",\"isPartOf\":{\"@id\":\"https:\\\/\\\/esatic.ci\\\/#website\"},\"primaryImageOfPage\":{\"@id\":\"https:\\\/\\\/esatic.ci\\\/mobilite\\\/#primaryimage\"},\"image\":{\"@id\":\"https:\\\/\\\/esatic.ci\\\/mobilite\\\/#primaryimage\"},\"thumbnailUrl\":\"https:\\\/\\\/esatic.ci\\\/wp-content\\\/uploads\\\/2025\\\/11\\\/Post-4.jpg\",\"datePublished\":\"2025-11-03T17:40:54+00:00\",\"dateModified\":\"2025-11-03T18:27:32+00:00\",\"description\":\"D\u00e9couvrez le programme de double dipl\u00f4me et de mobilit\u00e9 des \u00e9tudiants de l\u2019ESATIC en Afrique et dans le monde.\",\"breadcrumb\":{\"@id\":\"https:\\\/\\\/esatic.ci\\\/mobilite\\\/#breadcrumb\"},\"inLanguage\":\"en-US\",\"potentialAction\":[{\"@type\":\"ReadAction\",\"target\":[\"https:\\\/\\\/esatic.ci\\\/mobilite\\\/\"]}]},{\"@type\":\"ImageObject\",\"inLanguage\":\"en-US\",\"@id\":\"https:\\\/\\\/esatic.ci\\\/mobilite\\\/#primaryimage\",\"url\":\"https:\\\/\\\/esatic.ci\\\/wp-content\\\/uploads\\\/2025\\\/11\\\/Post-4.jpg\",\"contentUrl\":\"https:\\\/\\\/esatic.ci\\\/wp-content\\\/uploads\\\/2025\\\/11\\\/Post-4.jpg\"},{\"@type\":\"BreadcrumbList\",\"@id\":\"https:\\\/\\\/esatic.ci\\\/mobilite\\\/#breadcrumb\",\"itemListElement\":[{\"@type\":\"ListItem\",\"position\":1,\"name\":\"Accueil\",\"item\":\"https:\\\/\\\/esatic.ci\\\/\"},{\"@type\":\"ListItem\",\"position\":2,\"name\":\"mobilit\u00e9\"}]},{\"@type\":\"WebSite\",\"@id\":\"https:\\\/\\\/esatic.ci\\\/#website\",\"url\":\"https:\\\/\\\/esatic.ci\\\/\",\"name\":\"ESATIC\",\"description\":\"Ecole Sup\u00e9rieure Africaine des Technologies de l&#039;Information et de la Communication\",\"publisher\":{\"@id\":\"https:\\\/\\\/esatic.ci\\\/#organization\"},\"potentialAction\":[{\"@type\":\"SearchAction\",\"target\":{\"@type\":\"EntryPoint\",\"urlTemplate\":\"https:\\\/\\\/esatic.ci\\\/?s={search_term_string}\"},\"query-input\":{\"@type\":\"PropertyValueSpecification\",\"valueRequired\":true,\"valueName\":\"search_term_string\"}}],\"inLanguage\":\"en-US\"},{\"@type\":\"Organization\",\"@id\":\"https:\\\/\\\/esatic.ci\\\/#organization\",\"name\":\"ESATIC\",\"url\":\"https:\\\/\\\/esatic.ci\\\/\",\"logo\":{\"@type\":\"ImageObject\",\"inLanguage\":\"en-US\",\"@id\":\"https:\\\/\\\/esatic.ci\\\/#\\\/schema\\\/logo\\\/image\\\/\",\"url\":\"https:\\\/\\\/esatic.ci\\\/wp-content\\\/uploads\\\/2024\\\/10\\\/presentation_esatic.jpg\",\"contentUrl\":\"https:\\\/\\\/esatic.ci\\\/wp-content\\\/uploads\\\/2024\\\/10\\\/presentation_esatic.jpg\",\"width\":1043,\"height\":418,\"caption\":\"ESATIC\"},\"image\":{\"@id\":\"https:\\\/\\\/esatic.ci\\\/#\\\/schema\\\/logo\\\/image\\\/\"},\"sameAs\":[\"https:\\\/\\\/www.facebook.com\\\/EsaticOfficielle\\\/?locale=fr_FR\",\"https:\\\/\\\/www.linkedin.com\\\/school\\\/esaticofficielle\"]}]}<\/script>\n<!-- \/ Yoast SEO plugin. -->","yoast_head_json":{"title":"Double degrees and student mobility","description":"Find out more about ESATIC's double degree and student mobility programs in Africa and around the world.","robots":{"index":"index","follow":"follow","max-snippet":"max-snippet:-1","max-image-preview":"max-image-preview:large","max-video-preview":"max-video-preview:-1"},"canonical":"https:\/\/esatic.ci\/en\/mobility\/","og_locale":"en_US","og_type":"article","og_title":"Double dipl\u00f4me et mobilit\u00e9 des \u00e9tudiants","og_description":"D\u00e9couvrez le programme de double dipl\u00f4me et de mobilit\u00e9 des \u00e9tudiants de l\u2019ESATIC en Afrique et dans le monde.","og_url":"https:\/\/esatic.ci\/en\/mobility\/","og_site_name":"ESATIC","article_publisher":"https:\/\/www.facebook.com\/EsaticOfficielle\/?locale=fr_FR","article_modified_time":"2025-11-03T18:27:32+00:00","og_image":[{"url":"https:\/\/esatic.ci\/wp-content\/uploads\/2025\/11\/Post-4.jpg","type":"","width":"","height":""}],"twitter_card":"summary_large_image","twitter_misc":{"Est. reading time":"2 minutes"},"schema":{"@context":"https:\/\/schema.org","@graph":[{"@type":"WebPage","@id":"https:\/\/esatic.ci\/mobilite\/","url":"https:\/\/esatic.ci\/mobilite\/","name":"Double degrees and student mobility","isPartOf":{"@id":"https:\/\/esatic.ci\/#website"},"primaryImageOfPage":{"@id":"https:\/\/esatic.ci\/mobilite\/#primaryimage"},"image":{"@id":"https:\/\/esatic.ci\/mobilite\/#primaryimage"},"thumbnailUrl":"https:\/\/esatic.ci\/wp-content\/uploads\/2025\/11\/Post-4.jpg","datePublished":"2025-11-03T17:40:54+00:00","dateModified":"2025-11-03T18:27:32+00:00","description":"Find out more about ESATIC's double degree and student mobility programs in Africa and around the world.","breadcrumb":{"@id":"https:\/\/esatic.ci\/mobilite\/#breadcrumb"},"inLanguage":"en-US","potentialAction":[{"@type":"ReadAction","target":["https:\/\/esatic.ci\/mobilite\/"]}]},{"@type":"ImageObject","inLanguage":"en-US","@id":"https:\/\/esatic.ci\/mobilite\/#primaryimage","url":"https:\/\/esatic.ci\/wp-content\/uploads\/2025\/11\/Post-4.jpg","contentUrl":"https:\/\/esatic.ci\/wp-content\/uploads\/2025\/11\/Post-4.jpg"},{"@type":"BreadcrumbList","@id":"https:\/\/esatic.ci\/mobilite\/#breadcrumb","itemListElement":[{"@type":"ListItem","position":1,"name":"Accueil","item":"https:\/\/esatic.ci\/"},{"@type":"ListItem","position":2,"name":"mobilit\u00e9"}]},{"@type":"WebSite","@id":"https:\/\/esatic.ci\/#website","url":"https:\/\/esatic.ci\/","name":"ESATIC","description":"African College of Information and Communication Technologies","publisher":{"@id":"https:\/\/esatic.ci\/#organization"},"potentialAction":[{"@type":"SearchAction","target":{"@type":"EntryPoint","urlTemplate":"https:\/\/esatic.ci\/?s={search_term_string}"},"query-input":{"@type":"PropertyValueSpecification","valueRequired":true,"valueName":"search_term_string"}}],"inLanguage":"en-US"},{"@type":"Organization","@id":"https:\/\/esatic.ci\/#organization","name":"ESATIC","url":"https:\/\/esatic.ci\/","logo":{"@type":"ImageObject","inLanguage":"en-US","@id":"https:\/\/esatic.ci\/#\/schema\/logo\/image\/","url":"https:\/\/esatic.ci\/wp-content\/uploads\/2024\/10\/presentation_esatic.jpg","contentUrl":"https:\/\/esatic.ci\/wp-content\/uploads\/2024\/10\/presentation_esatic.jpg","width":1043,"height":418,"caption":"ESATIC"},"image":{"@id":"https:\/\/esatic.ci\/#\/schema\/logo\/image\/"},"sameAs":["https:\/\/www.facebook.com\/EsaticOfficielle\/?locale=fr_FR","https:\/\/www.linkedin.com\/school\/esaticofficielle"]}]}},"_links":{"self":[{"href":"https:\/\/esatic.ci\/en\/wp-json\/wp\/v2\/pages\/12426","targetHints":{"allow":["GET"]}}],"collection":[{"href":"https:\/\/esatic.ci\/en\/wp-json\/wp\/v2\/pages"}],"about":[{"href":"https:\/\/esatic.ci\/en\/wp-json\/wp\/v2\/types\/page"}],"author":[{"embeddable":true,"href":"https:\/\/esatic.ci\/en\/wp-json\/wp\/v2\/users\/1"}],"replies":[{"embeddable":true,"href":"https:\/\/esatic.ci\/en\/wp-json\/wp\/v2\/comments?post=12426"}],"version-history":[{"count":5,"href":"https:\/\/esatic.ci\/en\/wp-json\/wp\/v2\/pages\/12426\/revisions"}],"predecessor-version":[{"id":12455,"href":"https:\/\/esatic.ci\/en\/wp-json\/wp\/v2\/pages\/12426\/revisions\/12455"}],"wp:attachment":[{"href":"https:\/\/esatic.ci\/en\/wp-json\/wp\/v2\/media?parent=12426"}],"curies":[{"name":"wp","href":"https:\/\/api.w.org\/{rel}","templated":true}]}}