{"id":11715,"date":"2025-06-03T12:38:32","date_gmt":"2025-06-03T12:38:32","guid":{"rendered":"https:\/\/esatic.ci\/?page_id=11715"},"modified":"2026-04-01T23:17:38","modified_gmt":"2026-04-01T23:17:38","slug":"master-sigl","status":"publish","type":"page","link":"https:\/\/esatic.ci\/en\/master-sigl\/","title":{"rendered":"MASTER SYSTEMES D&rsquo;INFORMATION ET GENIE LOGICIEL"},"content":{"rendered":"","protected":false},"excerpt":{"rendered":"","protected":false},"author":1,"featured_media":0,"parent":0,"menu_order":0,"comment_status":"closed","ping_status":"closed","template":"","meta":{"footnotes":""},"class_list":["post-11715","page","type-page","status-publish","hentry"],"featured_image_src":null,"yoast_head":"<!-- This site is optimized with the Yoast SEO plugin v27.4 - https:\/\/yoast.com\/product\/yoast-seo-wordpress\/ -->\n<title>MASTER SYSTEMES D&#039;INFORMATION ET GENIE LOGICIEL - ESATIC<\/title>\n<meta name=\"description\" content=\"Le master SIGL vise \u00e0 former des cadres sup\u00e9rieurs aux m\u00e9tiers d\u2019ing\u00e9nieur sp\u00e9cialis\u00e9s dans les diff\u00e9rents domaines de l\u2019informatique.\" \/>\n<meta name=\"robots\" content=\"index, follow, max-snippet:-1, max-image-preview:large, max-video-preview:-1\" \/>\n<link rel=\"canonical\" href=\"https:\/\/esatic.ci\/en\/master-sigl\/\" \/>\n<meta property=\"og:locale\" content=\"en_US\" \/>\n<meta property=\"og:type\" content=\"article\" \/>\n<meta property=\"og:title\" content=\"MASTER SYSTEMES D&#039;INFORMATION ET GENIE LOGICIEL - ESATIC\" \/>\n<meta property=\"og:description\" content=\"Le master SIGL vise \u00e0 former des cadres sup\u00e9rieurs aux m\u00e9tiers d\u2019ing\u00e9nieur sp\u00e9cialis\u00e9s dans les diff\u00e9rents domaines de l\u2019informatique.\" \/>\n<meta property=\"og:url\" content=\"https:\/\/esatic.ci\/en\/master-sigl\/\" \/>\n<meta property=\"og:site_name\" content=\"ESATIC\" \/>\n<meta property=\"article:publisher\" content=\"https:\/\/www.facebook.com\/EsaticOfficielle\/?locale=fr_FR\" \/>\n<meta property=\"article:modified_time\" content=\"2026-04-01T23:17:38+00:00\" \/>\n<meta name=\"twitter:card\" content=\"summary_large_image\" \/>\n<meta name=\"twitter:label1\" content=\"Est. reading time\" \/>\n\t<meta name=\"twitter:data1\" content=\"1 minute\" \/>\n<script type=\"application\/ld+json\" class=\"yoast-schema-graph\">{\"@context\":\"https:\\\/\\\/schema.org\",\"@graph\":[{\"@type\":\"WebPage\",\"@id\":\"https:\\\/\\\/esatic.ci\\\/master-sigl\\\/\",\"url\":\"https:\\\/\\\/esatic.ci\\\/master-sigl\\\/\",\"name\":\"MASTER SYSTEMES D'INFORMATION ET GENIE LOGICIEL - ESATIC\",\"isPartOf\":{\"@id\":\"https:\\\/\\\/esatic.ci\\\/#website\"},\"datePublished\":\"2025-06-03T12:38:32+00:00\",\"dateModified\":\"2026-04-01T23:17:38+00:00\",\"description\":\"Le master SIGL vise \u00e0 former des cadres sup\u00e9rieurs aux m\u00e9tiers d\u2019ing\u00e9nieur sp\u00e9cialis\u00e9s dans les diff\u00e9rents domaines de l\u2019informatique.\",\"breadcrumb\":{\"@id\":\"https:\\\/\\\/esatic.ci\\\/master-sigl\\\/#breadcrumb\"},\"inLanguage\":\"en-US\",\"potentialAction\":[{\"@type\":\"ReadAction\",\"target\":[\"https:\\\/\\\/esatic.ci\\\/master-sigl\\\/\"]}]},{\"@type\":\"BreadcrumbList\",\"@id\":\"https:\\\/\\\/esatic.ci\\\/master-sigl\\\/#breadcrumb\",\"itemListElement\":[{\"@type\":\"ListItem\",\"position\":1,\"name\":\"Accueil\",\"item\":\"https:\\\/\\\/esatic.ci\\\/\"},{\"@type\":\"ListItem\",\"position\":2,\"name\":\"MASTER SYSTEMES D&#8217;INFORMATION ET GENIE LOGICIEL\"}]},{\"@type\":\"WebSite\",\"@id\":\"https:\\\/\\\/esatic.ci\\\/#website\",\"url\":\"https:\\\/\\\/esatic.ci\\\/\",\"name\":\"ESATIC\",\"description\":\"Ecole Sup\u00e9rieure Africaine des Technologies de l&#039;Information et de la Communication\",\"publisher\":{\"@id\":\"https:\\\/\\\/esatic.ci\\\/#organization\"},\"potentialAction\":[{\"@type\":\"SearchAction\",\"target\":{\"@type\":\"EntryPoint\",\"urlTemplate\":\"https:\\\/\\\/esatic.ci\\\/?s={search_term_string}\"},\"query-input\":{\"@type\":\"PropertyValueSpecification\",\"valueRequired\":true,\"valueName\":\"search_term_string\"}}],\"inLanguage\":\"en-US\"},{\"@type\":\"Organization\",\"@id\":\"https:\\\/\\\/esatic.ci\\\/#organization\",\"name\":\"ESATIC\",\"url\":\"https:\\\/\\\/esatic.ci\\\/\",\"logo\":{\"@type\":\"ImageObject\",\"inLanguage\":\"en-US\",\"@id\":\"https:\\\/\\\/esatic.ci\\\/#\\\/schema\\\/logo\\\/image\\\/\",\"url\":\"https:\\\/\\\/esatic.ci\\\/wp-content\\\/uploads\\\/2024\\\/10\\\/presentation_esatic.jpg\",\"contentUrl\":\"https:\\\/\\\/esatic.ci\\\/wp-content\\\/uploads\\\/2024\\\/10\\\/presentation_esatic.jpg\",\"width\":1043,\"height\":418,\"caption\":\"ESATIC\"},\"image\":{\"@id\":\"https:\\\/\\\/esatic.ci\\\/#\\\/schema\\\/logo\\\/image\\\/\"},\"sameAs\":[\"https:\\\/\\\/www.facebook.com\\\/EsaticOfficielle\\\/?locale=fr_FR\",\"https:\\\/\\\/www.linkedin.com\\\/school\\\/esaticofficielle\"]}]}<\/script>\n<!-- \/ Yoast SEO plugin. -->","yoast_head_json":{"title":"MASTER OF INFORMATION SYSTEMS AND SOFTWARE ENGINEERING - ESATIC","description":"The SIGL master's program is designed to train senior managers for engineering professions specializing in the various fields of information technology.","robots":{"index":"index","follow":"follow","max-snippet":"max-snippet:-1","max-image-preview":"max-image-preview:large","max-video-preview":"max-video-preview:-1"},"canonical":"https:\/\/esatic.ci\/en\/master-sigl\/","og_locale":"en_US","og_type":"article","og_title":"MASTER SYSTEMES D'INFORMATION ET GENIE LOGICIEL - ESATIC","og_description":"Le master SIGL vise \u00e0 former des cadres sup\u00e9rieurs aux m\u00e9tiers d\u2019ing\u00e9nieur sp\u00e9cialis\u00e9s dans les diff\u00e9rents domaines de l\u2019informatique.","og_url":"https:\/\/esatic.ci\/en\/master-sigl\/","og_site_name":"ESATIC","article_publisher":"https:\/\/www.facebook.com\/EsaticOfficielle\/?locale=fr_FR","article_modified_time":"2026-04-01T23:17:38+00:00","twitter_card":"summary_large_image","twitter_misc":{"Est. reading time":"1 minute"},"schema":{"@context":"https:\/\/schema.org","@graph":[{"@type":"WebPage","@id":"https:\/\/esatic.ci\/master-sigl\/","url":"https:\/\/esatic.ci\/master-sigl\/","name":"MASTER OF INFORMATION SYSTEMS AND SOFTWARE ENGINEERING - ESATIC","isPartOf":{"@id":"https:\/\/esatic.ci\/#website"},"datePublished":"2025-06-03T12:38:32+00:00","dateModified":"2026-04-01T23:17:38+00:00","description":"The SIGL master's program is designed to train senior managers for engineering professions specializing in the various fields of information technology.","breadcrumb":{"@id":"https:\/\/esatic.ci\/master-sigl\/#breadcrumb"},"inLanguage":"en-US","potentialAction":[{"@type":"ReadAction","target":["https:\/\/esatic.ci\/master-sigl\/"]}]},{"@type":"BreadcrumbList","@id":"https:\/\/esatic.ci\/master-sigl\/#breadcrumb","itemListElement":[{"@type":"ListItem","position":1,"name":"Accueil","item":"https:\/\/esatic.ci\/"},{"@type":"ListItem","position":2,"name":"MASTER SYSTEMES D&#8217;INFORMATION ET GENIE LOGICIEL"}]},{"@type":"WebSite","@id":"https:\/\/esatic.ci\/#website","url":"https:\/\/esatic.ci\/","name":"ESATIC","description":"African College of Information and Communication Technologies","publisher":{"@id":"https:\/\/esatic.ci\/#organization"},"potentialAction":[{"@type":"SearchAction","target":{"@type":"EntryPoint","urlTemplate":"https:\/\/esatic.ci\/?s={search_term_string}"},"query-input":{"@type":"PropertyValueSpecification","valueRequired":true,"valueName":"search_term_string"}}],"inLanguage":"en-US"},{"@type":"Organization","@id":"https:\/\/esatic.ci\/#organization","name":"ESATIC","url":"https:\/\/esatic.ci\/","logo":{"@type":"ImageObject","inLanguage":"en-US","@id":"https:\/\/esatic.ci\/#\/schema\/logo\/image\/","url":"https:\/\/esatic.ci\/wp-content\/uploads\/2024\/10\/presentation_esatic.jpg","contentUrl":"https:\/\/esatic.ci\/wp-content\/uploads\/2024\/10\/presentation_esatic.jpg","width":1043,"height":418,"caption":"ESATIC"},"image":{"@id":"https:\/\/esatic.ci\/#\/schema\/logo\/image\/"},"sameAs":["https:\/\/www.facebook.com\/EsaticOfficielle\/?locale=fr_FR","https:\/\/www.linkedin.com\/school\/esaticofficielle"]}]}},"_links":{"self":[{"href":"https:\/\/esatic.ci\/en\/wp-json\/wp\/v2\/pages\/11715","targetHints":{"allow":["GET"]}}],"collection":[{"href":"https:\/\/esatic.ci\/en\/wp-json\/wp\/v2\/pages"}],"about":[{"href":"https:\/\/esatic.ci\/en\/wp-json\/wp\/v2\/types\/page"}],"author":[{"embeddable":true,"href":"https:\/\/esatic.ci\/en\/wp-json\/wp\/v2\/users\/1"}],"replies":[{"embeddable":true,"href":"https:\/\/esatic.ci\/en\/wp-json\/wp\/v2\/comments?post=11715"}],"version-history":[{"count":5,"href":"https:\/\/esatic.ci\/en\/wp-json\/wp\/v2\/pages\/11715\/revisions"}],"predecessor-version":[{"id":14110,"href":"https:\/\/esatic.ci\/en\/wp-json\/wp\/v2\/pages\/11715\/revisions\/14110"}],"wp:attachment":[{"href":"https:\/\/esatic.ci\/en\/wp-json\/wp\/v2\/media?parent=11715"}],"curies":[{"name":"wp","href":"https:\/\/api.w.org\/{rel}","templated":true}]}}