{"id":11644,"date":"2025-06-02T23:42:54","date_gmt":"2025-06-02T23:42:54","guid":{"rendered":"https:\/\/esatic.ci\/?page_id=11644"},"modified":"2026-04-03T02:08:08","modified_gmt":"2026-04-03T02:08:08","slug":"dasi-license","status":"publish","type":"page","link":"https:\/\/esatic.ci\/en\/dasi-license\/","title":{"rendered":"LICENCE DEVELOPPEMENT D&rsquo;APPLICATIONS ET SYSTEMES D&rsquo;INFORMATION"},"content":{"rendered":"","protected":false},"excerpt":{"rendered":"","protected":false},"author":1,"featured_media":0,"parent":0,"menu_order":0,"comment_status":"closed","ping_status":"closed","template":"","meta":{"footnotes":""},"class_list":["post-11644","page","type-page","status-publish","hentry"],"featured_image_src":null,"yoast_head":"<!-- This site is optimized with the Yoast SEO plugin v27.4 - https:\/\/yoast.com\/product\/yoast-seo-wordpress\/ -->\n<title>Licence en D\u00e9veloppement d&#039;Applications et Syst\u00e8mes d&#039;Information<\/title>\n<meta name=\"description\" content=\"La licence professionnelle DASI a pour objectif de former des techniciens sp\u00e9cialis\u00e9s dans le d\u00e9veloppement d\u2019applications.\" \/>\n<meta name=\"robots\" content=\"index, follow, max-snippet:-1, max-image-preview:large, max-video-preview:-1\" \/>\n<link rel=\"canonical\" href=\"https:\/\/esatic.ci\/en\/dasi-license\/\" \/>\n<meta property=\"og:locale\" content=\"en_US\" \/>\n<meta property=\"og:type\" content=\"article\" \/>\n<meta property=\"og:title\" content=\"Licence en D\u00e9veloppement d&#039;Applications et Syst\u00e8mes d&#039;Information\" \/>\n<meta property=\"og:description\" content=\"La licence professionnelle DASI a pour objectif de former des techniciens sp\u00e9cialis\u00e9s dans le d\u00e9veloppement d\u2019applications.\" \/>\n<meta property=\"og:url\" content=\"https:\/\/esatic.ci\/en\/dasi-license\/\" \/>\n<meta property=\"og:site_name\" content=\"ESATIC\" \/>\n<meta property=\"article:publisher\" content=\"https:\/\/www.facebook.com\/EsaticOfficielle\/?locale=fr_FR\" \/>\n<meta property=\"article:modified_time\" content=\"2026-04-03T02:08:08+00:00\" \/>\n<meta name=\"twitter:card\" content=\"summary_large_image\" \/>\n<meta name=\"twitter:label1\" content=\"Est. reading time\" \/>\n\t<meta name=\"twitter:data1\" content=\"1 minute\" \/>\n<script type=\"application\/ld+json\" class=\"yoast-schema-graph\">{\"@context\":\"https:\\\/\\\/schema.org\",\"@graph\":[{\"@type\":\"WebPage\",\"@id\":\"https:\\\/\\\/esatic.ci\\\/licence-dasi\\\/\",\"url\":\"https:\\\/\\\/esatic.ci\\\/licence-dasi\\\/\",\"name\":\"Licence en D\u00e9veloppement d'Applications et Syst\u00e8mes d'Information\",\"isPartOf\":{\"@id\":\"https:\\\/\\\/esatic.ci\\\/#website\"},\"datePublished\":\"2025-06-02T23:42:54+00:00\",\"dateModified\":\"2026-04-03T02:08:08+00:00\",\"description\":\"La licence professionnelle DASI a pour objectif de former des techniciens sp\u00e9cialis\u00e9s dans le d\u00e9veloppement d\u2019applications.\",\"breadcrumb\":{\"@id\":\"https:\\\/\\\/esatic.ci\\\/licence-dasi\\\/#breadcrumb\"},\"inLanguage\":\"en-US\",\"potentialAction\":[{\"@type\":\"ReadAction\",\"target\":[\"https:\\\/\\\/esatic.ci\\\/licence-dasi\\\/\"]}]},{\"@type\":\"BreadcrumbList\",\"@id\":\"https:\\\/\\\/esatic.ci\\\/licence-dasi\\\/#breadcrumb\",\"itemListElement\":[{\"@type\":\"ListItem\",\"position\":1,\"name\":\"Accueil\",\"item\":\"https:\\\/\\\/esatic.ci\\\/\"},{\"@type\":\"ListItem\",\"position\":2,\"name\":\"LICENCE DEVELOPPEMENT D&#8217;APPLICATIONS ET SYSTEMES D&#8217;INFORMATION\"}]},{\"@type\":\"WebSite\",\"@id\":\"https:\\\/\\\/esatic.ci\\\/#website\",\"url\":\"https:\\\/\\\/esatic.ci\\\/\",\"name\":\"ESATIC\",\"description\":\"Ecole Sup\u00e9rieure Africaine des Technologies de l&#039;Information et de la Communication\",\"publisher\":{\"@id\":\"https:\\\/\\\/esatic.ci\\\/#organization\"},\"potentialAction\":[{\"@type\":\"SearchAction\",\"target\":{\"@type\":\"EntryPoint\",\"urlTemplate\":\"https:\\\/\\\/esatic.ci\\\/?s={search_term_string}\"},\"query-input\":{\"@type\":\"PropertyValueSpecification\",\"valueRequired\":true,\"valueName\":\"search_term_string\"}}],\"inLanguage\":\"en-US\"},{\"@type\":\"Organization\",\"@id\":\"https:\\\/\\\/esatic.ci\\\/#organization\",\"name\":\"ESATIC\",\"url\":\"https:\\\/\\\/esatic.ci\\\/\",\"logo\":{\"@type\":\"ImageObject\",\"inLanguage\":\"en-US\",\"@id\":\"https:\\\/\\\/esatic.ci\\\/#\\\/schema\\\/logo\\\/image\\\/\",\"url\":\"https:\\\/\\\/esatic.ci\\\/wp-content\\\/uploads\\\/2024\\\/10\\\/presentation_esatic.jpg\",\"contentUrl\":\"https:\\\/\\\/esatic.ci\\\/wp-content\\\/uploads\\\/2024\\\/10\\\/presentation_esatic.jpg\",\"width\":1043,\"height\":418,\"caption\":\"ESATIC\"},\"image\":{\"@id\":\"https:\\\/\\\/esatic.ci\\\/#\\\/schema\\\/logo\\\/image\\\/\"},\"sameAs\":[\"https:\\\/\\\/www.facebook.com\\\/EsaticOfficielle\\\/?locale=fr_FR\",\"https:\\\/\\\/www.linkedin.com\\\/school\\\/esaticofficielle\"]}]}<\/script>\n<!-- \/ Yoast SEO plugin. -->","yoast_head_json":{"title":"Bachelor's degree in Application Development and Information Systems","description":"The aim of the DASI professional license is to train technicians specializing in application development.","robots":{"index":"index","follow":"follow","max-snippet":"max-snippet:-1","max-image-preview":"max-image-preview:large","max-video-preview":"max-video-preview:-1"},"canonical":"https:\/\/esatic.ci\/en\/dasi-license\/","og_locale":"en_US","og_type":"article","og_title":"Licence en D\u00e9veloppement d'Applications et Syst\u00e8mes d'Information","og_description":"La licence professionnelle DASI a pour objectif de former des techniciens sp\u00e9cialis\u00e9s dans le d\u00e9veloppement d\u2019applications.","og_url":"https:\/\/esatic.ci\/en\/dasi-license\/","og_site_name":"ESATIC","article_publisher":"https:\/\/www.facebook.com\/EsaticOfficielle\/?locale=fr_FR","article_modified_time":"2026-04-03T02:08:08+00:00","twitter_card":"summary_large_image","twitter_misc":{"Est. reading time":"1 minute"},"schema":{"@context":"https:\/\/schema.org","@graph":[{"@type":"WebPage","@id":"https:\/\/esatic.ci\/licence-dasi\/","url":"https:\/\/esatic.ci\/licence-dasi\/","name":"Bachelor's degree in Application Development and Information Systems","isPartOf":{"@id":"https:\/\/esatic.ci\/#website"},"datePublished":"2025-06-02T23:42:54+00:00","dateModified":"2026-04-03T02:08:08+00:00","description":"The aim of the DASI professional license is to train technicians specializing in application development.","breadcrumb":{"@id":"https:\/\/esatic.ci\/licence-dasi\/#breadcrumb"},"inLanguage":"en-US","potentialAction":[{"@type":"ReadAction","target":["https:\/\/esatic.ci\/licence-dasi\/"]}]},{"@type":"BreadcrumbList","@id":"https:\/\/esatic.ci\/licence-dasi\/#breadcrumb","itemListElement":[{"@type":"ListItem","position":1,"name":"Accueil","item":"https:\/\/esatic.ci\/"},{"@type":"ListItem","position":2,"name":"LICENCE DEVELOPPEMENT D&#8217;APPLICATIONS ET SYSTEMES D&#8217;INFORMATION"}]},{"@type":"WebSite","@id":"https:\/\/esatic.ci\/#website","url":"https:\/\/esatic.ci\/","name":"ESATIC","description":"African College of Information and Communication Technologies","publisher":{"@id":"https:\/\/esatic.ci\/#organization"},"potentialAction":[{"@type":"SearchAction","target":{"@type":"EntryPoint","urlTemplate":"https:\/\/esatic.ci\/?s={search_term_string}"},"query-input":{"@type":"PropertyValueSpecification","valueRequired":true,"valueName":"search_term_string"}}],"inLanguage":"en-US"},{"@type":"Organization","@id":"https:\/\/esatic.ci\/#organization","name":"ESATIC","url":"https:\/\/esatic.ci\/","logo":{"@type":"ImageObject","inLanguage":"en-US","@id":"https:\/\/esatic.ci\/#\/schema\/logo\/image\/","url":"https:\/\/esatic.ci\/wp-content\/uploads\/2024\/10\/presentation_esatic.jpg","contentUrl":"https:\/\/esatic.ci\/wp-content\/uploads\/2024\/10\/presentation_esatic.jpg","width":1043,"height":418,"caption":"ESATIC"},"image":{"@id":"https:\/\/esatic.ci\/#\/schema\/logo\/image\/"},"sameAs":["https:\/\/www.facebook.com\/EsaticOfficielle\/?locale=fr_FR","https:\/\/www.linkedin.com\/school\/esaticofficielle"]}]}},"_links":{"self":[{"href":"https:\/\/esatic.ci\/en\/wp-json\/wp\/v2\/pages\/11644","targetHints":{"allow":["GET"]}}],"collection":[{"href":"https:\/\/esatic.ci\/en\/wp-json\/wp\/v2\/pages"}],"about":[{"href":"https:\/\/esatic.ci\/en\/wp-json\/wp\/v2\/types\/page"}],"author":[{"embeddable":true,"href":"https:\/\/esatic.ci\/en\/wp-json\/wp\/v2\/users\/1"}],"replies":[{"embeddable":true,"href":"https:\/\/esatic.ci\/en\/wp-json\/wp\/v2\/comments?post=11644"}],"version-history":[{"count":6,"href":"https:\/\/esatic.ci\/en\/wp-json\/wp\/v2\/pages\/11644\/revisions"}],"predecessor-version":[{"id":14129,"href":"https:\/\/esatic.ci\/en\/wp-json\/wp\/v2\/pages\/11644\/revisions\/14129"}],"wp:attachment":[{"href":"https:\/\/esatic.ci\/en\/wp-json\/wp\/v2\/media?parent=11644"}],"curies":[{"name":"wp","href":"https:\/\/api.w.org\/{rel}","templated":true}]}}