{"id":10578,"date":"2024-11-24T22:26:27","date_gmt":"2024-11-24T21:26:27","guid":{"rendered":"https:\/\/esatic.ci\/?page_id=10578"},"modified":"2024-11-24T22:34:29","modified_gmt":"2024-11-24T21:34:29","slug":"study-framework","status":"publish","type":"page","link":"https:\/\/esatic.ci\/en\/study-framework\/","title":{"rendered":"STUDY FRAMEWORK"},"content":{"rendered":"<p><strong><u>STUDY FRAMEWORK <\/u><\/strong><\/p>\n<p>The ESATIC is located in the commune of Treichville, in Zone 3, at kilometer 4 of Boulevard de Marseille, not far from the National Blood Transfusion Center, on a site of approximately four hectares (4 ha), conducive to studies.<\/p>\n<p>The facility offers the following advantages:<\/p>\n<ul>\n<li>recruitment by competitive examination open to baccalaureate holders in the current year (C, D, E &amp; F2) or any auditor with a BAC+2, BAC+3, BAC+4 or equivalent diploma in ICT;<\/li>\n<li>A conditional scholarship awarded by the State to any student admitted to the competition; ;<\/li>\n<li>training provided by teachers recruited from the Commission Nationale de Recrutement de l'Enseignement Sup\u00e9rieur (CNRES) of the Minist\u00e8re de l'Enseignement Sup\u00e9rieur et de la Recherche Scientifique and by ICT experts from the private sector; ;<\/li>\n<li>tuition fees equivalent to those charged by public universities in C\u00f4te d'Ivoire<strong>.<\/strong><\/li>\n<li>quality supervision by qualified administrative and technical staff;<\/li>\n<li>a class size of around 30 pupils;<\/li>\n<li>two students per workstation for practical work;<\/li>\n<li>a garden on the premises and along the fence.<\/li>\n<li>easy access by Express 211,731 and buses 06, 33, 29,19,17 and 02;<\/li>\n<li>a 240-bed residence and another under construction;<\/li>\n<li>06 administrative, teaching and research buildings ;<\/li>\n<li>Face-to-face, online and hybrid training via videoconferencing on teams, moocs, etc.<\/li>\n<\/ul>\n<p>&nbsp;<\/p>\n<ul>\n<li><strong><u>Infrastructure<\/u><\/strong><\/li>\n<\/ul>\n<p>The infrastructure consists of :<\/p>\n<ul>\n<li>22 air-conditioned classrooms, each equipped with Internet, projector and screen;<\/li>\n<li>A 200-seat air-conditioned amphitheater with video projector; ;<\/li>\n<li>03 specialized rooms for qualifying training courses; ;<\/li>\n<li>04 conference rooms ;<\/li>\n<li>01 physical library and 01 virtual library ;<\/li>\n<li>01 television and games room ;<\/li>\n<li>A university restaurant ;<\/li>\n<li>Sick bay;<\/li>\n<li>A sports field ;<\/li>\n<li>transport buses ;<\/li>\n<li>01 telephone network laboratory (PSTN, autocom, etc.) ;<\/li>\n<li>01 mobile network laboratory ;<\/li>\n<li>01 fiber optics laboratory ;<\/li>\n<li>01 training and certification room (Pearson Vue and Cisco) ;<\/li>\n<li>01 computer networks and VDI (Voice-Data-Image) laboratory ;<\/li>\n<li>01 industrial computing laboratory ;<\/li>\n<li>01 physics and electronics laboratory ;<\/li>\n<li>01 multimedia room ;<\/li>\n<li>01 innovation and development unit (CID) ;<\/li>\n<li>Administrative offices.<\/li>\n<\/ul>","protected":false},"excerpt":{"rendered":"<p>LE CADRE D\u2019\u00c9TUDE L&rsquo;ESATIC est situ\u00e9e dans la commune de Treichville, en Zone 3, au km 4 du Boulevard de Marseille, non loin du Centre National de Transfusion Sanguine, sur un site d\u2019une superficie d\u2019environ quatre hectares (4 ha), propice aux \u00e9tudes. L\u2019\u00e9tablissement pr\u00e9sente les avantages suivants\u00a0: recrutement par voie de concours ouvert aux bacheliers des s\u00e9ries (C,\u00a0D, E &amp; F2) de l\u2019ann\u00e9e en cours ou tout auditeur ayant un niveau BAC+2, BAC+3, BAC+4 ou dipl\u00f4me \u00e9quivalent en TIC\u00a0; une bourse sous r\u00e9serve attribu\u00e9e par l&rsquo;Etat \u00e0 tout \u00e9tudiant admis au concours ; une formation assur\u00e9e par des enseignants recrut\u00e9s \u00e0 la Commission Nationale de Recrutement de l\u2019Enseignement Sup\u00e9rieur (CNRES) du Minist\u00e8re de l\u2019Enseignement Sup\u00e9rieur et de la Recherche Scientifique et par des experts en TIC du secteur priv\u00e9 ; frais d\u2019inscription \u00e9quivalents \u00e0 ceux pratiqu\u00e9s dans les universit\u00e9s publiques de C\u00f4te d\u2019Ivoire. un encadrement de qualit\u00e9 assur\u00e9 par un personnel administratif et technique qualifi\u00e9\u00a0; un effectif d\u2019environ 30 \u00e9l\u00e8ves par classe\u00a0; deux \u00e9l\u00e8ves par poste de travail lors des travaux pratiques (TP)\u00a0; un jardin dans l\u2019enceinte de l\u2019\u00e9tablissement et tout au long de la cl\u00f4ture. une facilit\u00e9 d\u2019acc\u00e8s par les bus Express 211,731 et les bus 06, 33, 29,19,17 et 02\u00a0; une r\u00e9sidence de deux cent quarante (240) lits et une autre en construction\u00a0; 06 b\u00e2timents administratifs, p\u00e9dagogique et de recherche\u00a0; Formation en pr\u00e9sentiel, en ligne et en hybride via visioconf\u00e9rence sur teams, moocs, etc. &nbsp; Les infrastructures Les infrastructures sont constitu\u00e9es de\u00a0: 22 salles de classe climatis\u00e9es, chacune munie d\u2019internet, projecteur et \u00e9cran\u00a0; Un amphith\u00e9\u00e2tre de 200 places climatis\u00e9, muni d\u2019un vid\u00e9o projecteur ; 03 salles sp\u00e9cialis\u00e9es pour les formations qualifiantes ; 04 salles de conf\u00e9rence ; 01 biblioth\u00e8que physique\u00a0et 01 biblioth\u00e8que virtuelle ; 01 salle de t\u00e9l\u00e9vision et de jeux\u00a0; Un restaurant universitaire\u00a0; Une infirmerie\u00a0; Un terrain de sport ; des cars de transport\u00a0; 01 laboratoire de r\u00e9seaux t\u00e9l\u00e9phoniques (RTC, autocom, etc.)\u00a0; 01 laboratoire de r\u00e9seaux mobiles\u00a0; 01 laboratoire de fibre optique\u00a0; 01 salle de formation et de certification (Pearson Vue et Cisco) ; 01 laboratoire de r\u00e9seaux informatiques et VDI (Voix-donn\u00e9e-image)\u00a0; 01 laboratoire d\u2019informatique industrielle\u00a0; 01 laboratoire de physique et \u00e9lectronique\u00a0; 01 salle multim\u00e9dia\u00a0; 01 cellule d\u2019innovation et de d\u00e9veloppement (CID)\u00a0; Des bureaux administratifs.<\/p>","protected":false},"author":1,"featured_media":0,"parent":0,"menu_order":0,"comment_status":"closed","ping_status":"closed","template":"","meta":{"footnotes":""},"class_list":["post-10578","page","type-page","status-publish","hentry"],"featured_image_src":null,"yoast_head":"<!-- This site is optimized with the Yoast SEO plugin v27.5 - https:\/\/yoast.com\/product\/yoast-seo-wordpress\/ -->\n<title>CADRE D&#039;ETUDE - ESATIC<\/title>\n<meta name=\"robots\" content=\"index, follow, max-snippet:-1, max-image-preview:large, max-video-preview:-1\" \/>\n<link rel=\"canonical\" href=\"https:\/\/esatic.ci\/en\/study-framework\/\" \/>\n<meta property=\"og:locale\" content=\"en_US\" \/>\n<meta property=\"og:type\" content=\"article\" \/>\n<meta property=\"og:title\" content=\"CADRE D&#039;ETUDE - ESATIC\" \/>\n<meta property=\"og:description\" content=\"LE CADRE D\u2019\u00c9TUDE L&rsquo;ESATIC est situ\u00e9e dans la commune de Treichville, en Zone 3, au km 4 du Boulevard de Marseille, non loin du Centre National de Transfusion Sanguine, sur un site d\u2019une superficie d\u2019environ quatre hectares (4 ha), propice aux \u00e9tudes. L\u2019\u00e9tablissement pr\u00e9sente les avantages suivants\u00a0: recrutement par voie de concours ouvert aux bacheliers des s\u00e9ries (C,\u00a0D, E &amp; F2) de l\u2019ann\u00e9e en cours ou tout auditeur ayant un niveau BAC+2, BAC+3, BAC+4 ou dipl\u00f4me \u00e9quivalent en TIC\u00a0; une bourse sous r\u00e9serve attribu\u00e9e par l&rsquo;Etat \u00e0 tout \u00e9tudiant admis au concours ; une formation assur\u00e9e par des enseignants recrut\u00e9s \u00e0 la Commission Nationale de Recrutement de l\u2019Enseignement Sup\u00e9rieur (CNRES) du Minist\u00e8re de l\u2019Enseignement Sup\u00e9rieur et de la Recherche Scientifique et par des experts en TIC du secteur priv\u00e9 ; frais d\u2019inscription \u00e9quivalents \u00e0 ceux pratiqu\u00e9s dans les universit\u00e9s publiques de C\u00f4te d\u2019Ivoire. un encadrement de qualit\u00e9 assur\u00e9 par un personnel administratif et technique qualifi\u00e9\u00a0; un effectif d\u2019environ 30 \u00e9l\u00e8ves par classe\u00a0; deux \u00e9l\u00e8ves par poste de travail lors des travaux pratiques (TP)\u00a0; un jardin dans l\u2019enceinte de l\u2019\u00e9tablissement et tout au long de la cl\u00f4ture. une facilit\u00e9 d\u2019acc\u00e8s par les bus Express 211,731 et les bus 06, 33, 29,19,17 et 02\u00a0; une r\u00e9sidence de deux cent quarante (240) lits et une autre en construction\u00a0; 06 b\u00e2timents administratifs, p\u00e9dagogique et de recherche\u00a0; Formation en pr\u00e9sentiel, en ligne et en hybride via visioconf\u00e9rence sur teams, moocs, etc. &nbsp; Les infrastructures Les infrastructures sont constitu\u00e9es de\u00a0: 22 salles de classe climatis\u00e9es, chacune munie d\u2019internet, projecteur et \u00e9cran\u00a0; Un amphith\u00e9\u00e2tre de 200 places climatis\u00e9, muni d\u2019un vid\u00e9o projecteur ; 03 salles sp\u00e9cialis\u00e9es pour les formations qualifiantes ; 04 salles de conf\u00e9rence ; 01 biblioth\u00e8que physique\u00a0et 01 biblioth\u00e8que virtuelle ; 01 salle de t\u00e9l\u00e9vision et de jeux\u00a0; Un restaurant universitaire\u00a0; Une infirmerie\u00a0; Un terrain de sport ; des cars de transport\u00a0; 01 laboratoire de r\u00e9seaux t\u00e9l\u00e9phoniques (RTC, autocom, etc.)\u00a0; 01 laboratoire de r\u00e9seaux mobiles\u00a0; 01 laboratoire de fibre optique\u00a0; 01 salle de formation et de certification (Pearson Vue et Cisco) ; 01 laboratoire de r\u00e9seaux informatiques et VDI (Voix-donn\u00e9e-image)\u00a0; 01 laboratoire d\u2019informatique industrielle\u00a0; 01 laboratoire de physique et \u00e9lectronique\u00a0; 01 salle multim\u00e9dia\u00a0; 01 cellule d\u2019innovation et de d\u00e9veloppement (CID)\u00a0; Des bureaux administratifs.\" \/>\n<meta property=\"og:url\" content=\"https:\/\/esatic.ci\/en\/study-framework\/\" \/>\n<meta property=\"og:site_name\" content=\"ESATIC\" \/>\n<meta property=\"article:publisher\" content=\"https:\/\/www.facebook.com\/EsaticOfficielle\/?locale=fr_FR\" \/>\n<meta property=\"article:modified_time\" content=\"2024-11-24T21:34:29+00:00\" \/>\n<meta name=\"twitter:card\" content=\"summary_large_image\" \/>\n<meta name=\"twitter:label1\" content=\"Est. reading time\" \/>\n\t<meta name=\"twitter:data1\" content=\"2 minutes\" \/>\n<script type=\"application\/ld+json\" class=\"yoast-schema-graph\">{\"@context\":\"https:\\\/\\\/schema.org\",\"@graph\":[{\"@type\":\"WebPage\",\"@id\":\"https:\\\/\\\/esatic.ci\\\/cadre-detude\\\/\",\"url\":\"https:\\\/\\\/esatic.ci\\\/cadre-detude\\\/\",\"name\":\"CADRE D'ETUDE - ESATIC\",\"isPartOf\":{\"@id\":\"https:\\\/\\\/esatic.ci\\\/#website\"},\"datePublished\":\"2024-11-24T21:26:27+00:00\",\"dateModified\":\"2024-11-24T21:34:29+00:00\",\"breadcrumb\":{\"@id\":\"https:\\\/\\\/esatic.ci\\\/cadre-detude\\\/#breadcrumb\"},\"inLanguage\":\"en-US\",\"potentialAction\":[{\"@type\":\"ReadAction\",\"target\":[\"https:\\\/\\\/esatic.ci\\\/cadre-detude\\\/\"]}]},{\"@type\":\"BreadcrumbList\",\"@id\":\"https:\\\/\\\/esatic.ci\\\/cadre-detude\\\/#breadcrumb\",\"itemListElement\":[{\"@type\":\"ListItem\",\"position\":1,\"name\":\"Accueil\",\"item\":\"https:\\\/\\\/esatic.ci\\\/\"},{\"@type\":\"ListItem\",\"position\":2,\"name\":\"CADRE D&#8217;ETUDE\"}]},{\"@type\":\"WebSite\",\"@id\":\"https:\\\/\\\/esatic.ci\\\/#website\",\"url\":\"https:\\\/\\\/esatic.ci\\\/\",\"name\":\"ESATIC\",\"description\":\"Ecole Sup\u00e9rieure Africaine des Technologies de l&#039;Information et de la Communication\",\"publisher\":{\"@id\":\"https:\\\/\\\/esatic.ci\\\/#organization\"},\"potentialAction\":[{\"@type\":\"SearchAction\",\"target\":{\"@type\":\"EntryPoint\",\"urlTemplate\":\"https:\\\/\\\/esatic.ci\\\/?s={search_term_string}\"},\"query-input\":{\"@type\":\"PropertyValueSpecification\",\"valueRequired\":true,\"valueName\":\"search_term_string\"}}],\"inLanguage\":\"en-US\"},{\"@type\":\"Organization\",\"@id\":\"https:\\\/\\\/esatic.ci\\\/#organization\",\"name\":\"ESATIC\",\"url\":\"https:\\\/\\\/esatic.ci\\\/\",\"logo\":{\"@type\":\"ImageObject\",\"inLanguage\":\"en-US\",\"@id\":\"https:\\\/\\\/esatic.ci\\\/#\\\/schema\\\/logo\\\/image\\\/\",\"url\":\"https:\\\/\\\/esatic.ci\\\/wp-content\\\/uploads\\\/2024\\\/10\\\/presentation_esatic.jpg\",\"contentUrl\":\"https:\\\/\\\/esatic.ci\\\/wp-content\\\/uploads\\\/2024\\\/10\\\/presentation_esatic.jpg\",\"width\":1043,\"height\":418,\"caption\":\"ESATIC\"},\"image\":{\"@id\":\"https:\\\/\\\/esatic.ci\\\/#\\\/schema\\\/logo\\\/image\\\/\"},\"sameAs\":[\"https:\\\/\\\/www.facebook.com\\\/EsaticOfficielle\\\/?locale=fr_FR\",\"https:\\\/\\\/www.linkedin.com\\\/school\\\/esaticofficielle\"]}]}<\/script>\n<!-- \/ Yoast SEO plugin. -->","yoast_head_json":{"title":"STUDY FRAMEWORK - ESATIC","robots":{"index":"index","follow":"follow","max-snippet":"max-snippet:-1","max-image-preview":"max-image-preview:large","max-video-preview":"max-video-preview:-1"},"canonical":"https:\/\/esatic.ci\/en\/study-framework\/","og_locale":"en_US","og_type":"article","og_title":"CADRE D'ETUDE - ESATIC","og_description":"LE CADRE D\u2019\u00c9TUDE L&rsquo;ESATIC est situ\u00e9e dans la commune de Treichville, en Zone 3, au km 4 du Boulevard de Marseille, non loin du Centre National de Transfusion Sanguine, sur un site d\u2019une superficie d\u2019environ quatre hectares (4 ha), propice aux \u00e9tudes. L\u2019\u00e9tablissement pr\u00e9sente les avantages suivants\u00a0: recrutement par voie de concours ouvert aux bacheliers des s\u00e9ries (C,\u00a0D, E &amp; F2) de l\u2019ann\u00e9e en cours ou tout auditeur ayant un niveau BAC+2, BAC+3, BAC+4 ou dipl\u00f4me \u00e9quivalent en TIC\u00a0; une bourse sous r\u00e9serve attribu\u00e9e par l&rsquo;Etat \u00e0 tout \u00e9tudiant admis au concours ; une formation assur\u00e9e par des enseignants recrut\u00e9s \u00e0 la Commission Nationale de Recrutement de l\u2019Enseignement Sup\u00e9rieur (CNRES) du Minist\u00e8re de l\u2019Enseignement Sup\u00e9rieur et de la Recherche Scientifique et par des experts en TIC du secteur priv\u00e9 ; frais d\u2019inscription \u00e9quivalents \u00e0 ceux pratiqu\u00e9s dans les universit\u00e9s publiques de C\u00f4te d\u2019Ivoire. un encadrement de qualit\u00e9 assur\u00e9 par un personnel administratif et technique qualifi\u00e9\u00a0; un effectif d\u2019environ 30 \u00e9l\u00e8ves par classe\u00a0; deux \u00e9l\u00e8ves par poste de travail lors des travaux pratiques (TP)\u00a0; un jardin dans l\u2019enceinte de l\u2019\u00e9tablissement et tout au long de la cl\u00f4ture. une facilit\u00e9 d\u2019acc\u00e8s par les bus Express 211,731 et les bus 06, 33, 29,19,17 et 02\u00a0; une r\u00e9sidence de deux cent quarante (240) lits et une autre en construction\u00a0; 06 b\u00e2timents administratifs, p\u00e9dagogique et de recherche\u00a0; Formation en pr\u00e9sentiel, en ligne et en hybride via visioconf\u00e9rence sur teams, moocs, etc. &nbsp; Les infrastructures Les infrastructures sont constitu\u00e9es de\u00a0: 22 salles de classe climatis\u00e9es, chacune munie d\u2019internet, projecteur et \u00e9cran\u00a0; Un amphith\u00e9\u00e2tre de 200 places climatis\u00e9, muni d\u2019un vid\u00e9o projecteur ; 03 salles sp\u00e9cialis\u00e9es pour les formations qualifiantes ; 04 salles de conf\u00e9rence ; 01 biblioth\u00e8que physique\u00a0et 01 biblioth\u00e8que virtuelle ; 01 salle de t\u00e9l\u00e9vision et de jeux\u00a0; Un restaurant universitaire\u00a0; Une infirmerie\u00a0; Un terrain de sport ; des cars de transport\u00a0; 01 laboratoire de r\u00e9seaux t\u00e9l\u00e9phoniques (RTC, autocom, etc.)\u00a0; 01 laboratoire de r\u00e9seaux mobiles\u00a0; 01 laboratoire de fibre optique\u00a0; 01 salle de formation et de certification (Pearson Vue et Cisco) ; 01 laboratoire de r\u00e9seaux informatiques et VDI (Voix-donn\u00e9e-image)\u00a0; 01 laboratoire d\u2019informatique industrielle\u00a0; 01 laboratoire de physique et \u00e9lectronique\u00a0; 01 salle multim\u00e9dia\u00a0; 01 cellule d\u2019innovation et de d\u00e9veloppement (CID)\u00a0; Des bureaux administratifs.","og_url":"https:\/\/esatic.ci\/en\/study-framework\/","og_site_name":"ESATIC","article_publisher":"https:\/\/www.facebook.com\/EsaticOfficielle\/?locale=fr_FR","article_modified_time":"2024-11-24T21:34:29+00:00","twitter_card":"summary_large_image","twitter_misc":{"Est. reading time":"2 minutes"},"schema":{"@context":"https:\/\/schema.org","@graph":[{"@type":"WebPage","@id":"https:\/\/esatic.ci\/cadre-detude\/","url":"https:\/\/esatic.ci\/cadre-detude\/","name":"STUDY FRAMEWORK - ESATIC","isPartOf":{"@id":"https:\/\/esatic.ci\/#website"},"datePublished":"2024-11-24T21:26:27+00:00","dateModified":"2024-11-24T21:34:29+00:00","breadcrumb":{"@id":"https:\/\/esatic.ci\/cadre-detude\/#breadcrumb"},"inLanguage":"en-US","potentialAction":[{"@type":"ReadAction","target":["https:\/\/esatic.ci\/cadre-detude\/"]}]},{"@type":"BreadcrumbList","@id":"https:\/\/esatic.ci\/cadre-detude\/#breadcrumb","itemListElement":[{"@type":"ListItem","position":1,"name":"Accueil","item":"https:\/\/esatic.ci\/"},{"@type":"ListItem","position":2,"name":"CADRE D&#8217;ETUDE"}]},{"@type":"WebSite","@id":"https:\/\/esatic.ci\/#website","url":"https:\/\/esatic.ci\/","name":"ESATIC","description":"African College of Information and Communication Technologies","publisher":{"@id":"https:\/\/esatic.ci\/#organization"},"potentialAction":[{"@type":"SearchAction","target":{"@type":"EntryPoint","urlTemplate":"https:\/\/esatic.ci\/?s={search_term_string}"},"query-input":{"@type":"PropertyValueSpecification","valueRequired":true,"valueName":"search_term_string"}}],"inLanguage":"en-US"},{"@type":"Organization","@id":"https:\/\/esatic.ci\/#organization","name":"ESATIC","url":"https:\/\/esatic.ci\/","logo":{"@type":"ImageObject","inLanguage":"en-US","@id":"https:\/\/esatic.ci\/#\/schema\/logo\/image\/","url":"https:\/\/esatic.ci\/wp-content\/uploads\/2024\/10\/presentation_esatic.jpg","contentUrl":"https:\/\/esatic.ci\/wp-content\/uploads\/2024\/10\/presentation_esatic.jpg","width":1043,"height":418,"caption":"ESATIC"},"image":{"@id":"https:\/\/esatic.ci\/#\/schema\/logo\/image\/"},"sameAs":["https:\/\/www.facebook.com\/EsaticOfficielle\/?locale=fr_FR","https:\/\/www.linkedin.com\/school\/esaticofficielle"]}]}},"_links":{"self":[{"href":"https:\/\/esatic.ci\/en\/wp-json\/wp\/v2\/pages\/10578","targetHints":{"allow":["GET"]}}],"collection":[{"href":"https:\/\/esatic.ci\/en\/wp-json\/wp\/v2\/pages"}],"about":[{"href":"https:\/\/esatic.ci\/en\/wp-json\/wp\/v2\/types\/page"}],"author":[{"embeddable":true,"href":"https:\/\/esatic.ci\/en\/wp-json\/wp\/v2\/users\/1"}],"replies":[{"embeddable":true,"href":"https:\/\/esatic.ci\/en\/wp-json\/wp\/v2\/comments?post=10578"}],"version-history":[{"count":3,"href":"https:\/\/esatic.ci\/en\/wp-json\/wp\/v2\/pages\/10578\/revisions"}],"predecessor-version":[{"id":10589,"href":"https:\/\/esatic.ci\/en\/wp-json\/wp\/v2\/pages\/10578\/revisions\/10589"}],"wp:attachment":[{"href":"https:\/\/esatic.ci\/en\/wp-json\/wp\/v2\/media?parent=10578"}],"curies":[{"name":"wp","href":"https:\/\/api.w.org\/{rel}","templated":true}]}}